{"id":1642,"date":"2020-01-23T17:25:22","date_gmt":"2020-01-23T16:25:22","guid":{"rendered":"http:\/\/www.diefremden.at\/wordpress\/?page_id=1642"},"modified":"2020-01-26T11:05:49","modified_gmt":"2020-01-26T10:05:49","slug":"ganz-gut","status":"publish","type":"page","link":"https:\/\/www.diefremden.at\/wordpress\/?page_id=1642","title":{"rendered":"ganz gut"},"content":{"rendered":"\t\t<div data-elementor-type=\"wp-page\" data-elementor-id=\"1642\" class=\"elementor elementor-1642\" data-elementor-post-type=\"page\">\n\t\t\t\t\t\t<section class=\"elementor-section elementor-top-section elementor-element elementor-element-4f3bf94 elementor-section-boxed elementor-section-height-default elementor-section-height-default\" data-id=\"4f3bf94\" data-element_type=\"section\" data-e-type=\"section\">\n\t\t\t\t\t\t<div class=\"elementor-container elementor-column-gap-default\">\n\t\t\t\t\t<div class=\"elementor-column elementor-col-100 elementor-top-column elementor-element elementor-element-0e7d81d\" data-id=\"0e7d81d\" data-element_type=\"column\" data-e-type=\"column\">\n\t\t\t<div class=\"elementor-widget-wrap elementor-element-populated\">\n\t\t\t\t\t\t<section class=\"elementor-section elementor-inner-section elementor-element elementor-element-873bcad elementor-section-boxed elementor-section-height-default elementor-section-height-default\" data-id=\"873bcad\" data-element_type=\"section\" data-e-type=\"section\">\n\t\t\t\t\t\t<div class=\"elementor-container elementor-column-gap-default\">\n\t\t\t\t\t<div class=\"elementor-column elementor-col-50 elementor-inner-column elementor-element elementor-element-1c2f0fc\" data-id=\"1c2f0fc\" data-element_type=\"column\" data-e-type=\"column\">\n\t\t\t<div class=\"elementor-widget-wrap elementor-element-populated\">\n\t\t\t\t\t\t<div class=\"elementor-element elementor-element-a6dee85 elementor-widget elementor-widget-heading\" data-id=\"a6dee85\" data-element_type=\"widget\" data-e-type=\"widget\" data-widget_type=\"heading.default\">\n\t\t\t\t<div class=\"elementor-widget-container\">\n\t\t\t\t\t<h2 class=\"elementor-heading-title elementor-size-default\">St\u00fcckbeschreibung \"ganz gut\"<\/h2>\t\t\t\t<\/div>\n\t\t\t\t<\/div>\n\t\t\t\t<div class=\"elementor-element elementor-element-0b8e79a elementor-widget elementor-widget-text-editor\" data-id=\"0b8e79a\" data-element_type=\"widget\" data-e-type=\"widget\" data-widget_type=\"text-editor.default\">\n\t\t\t\t<div class=\"elementor-widget-container\">\n\t\t\t\t\t\t\t\t\t<p><span style=\"font-family: Arial;\"><span style=\"font-size: small;\">Elena verl\u00e4sst gegen dessen Willen den \u00e4ltlichen Vater und die hilfsbed\u00fcrftige Schwester, um in einem neuen Land ein freies Leben zu beginnen, wie sie hofft. Was sie erwartet sind jedoch schlechte soziale Bedingungen in einem Land, das signalisiert, dass es nicht auf Elena gewartet hat. Auf Initiative eines ungarischen Br\u00fcderpaares schlie\u00dft sie sich LeidesgenossInnen an, die miteinander ein Theaterst\u00fcck zum Thema <\/span><span style=\"font-size: small;\">\u201eUnterdr\u00fcckung und Aufstand\u201c<\/span><span style=\"font-size: small;\"> auf die B\u00fchne bringen wollen, was mit dieser Gruppe von, die nur ihre Arbeits- und Erfolglosigkeit verbindet, mehr schlecht als recht gelingt &#8230;<\/span><\/span><\/p><p><span style=\"font-family: Arial; font-size: small;\">Elenas Kontakt nach Hause sind die Postkarten, die sie schreibt.<\/span><\/p><p><span style=\"font-family: Arial;\"><b><span style=\"font-size: small;\">Ganz gut<\/span><\/b><span style=\"font-size: small;\"> geht es ihr, denken Vater und die Schwester, denen sie die heile Welt einer erfolgreichen Auswanderin vorspiegelt.<\/span><\/span><\/p><p><span style=\"font-family: Arial;\"><span style=\"font-size: small;\">\u201e<\/span><span style=\"font-size: small;\"><b>ganz gut<\/b>\u201c entstand auf Improvisationsbasis und wird teilweise im Stegreifstil gespielt. Mit der \u201eGruppe im St\u00fcck\u201c<\/span><span style=\"font-size: small;\"> spielt das Ensemble mit der eigenen grotesken und wechselhaften Geschichte: Realit\u00e4t, \u00dcberzeichnung und (ungeschickte) Liebeserkl\u00e4rung an sich selbst.<\/span><\/span><\/p>\t\t\t\t\t\t\t\t<\/div>\n\t\t\t\t<\/div>\n\t\t\t\t\t<\/div>\n\t\t<\/div>\n\t\t\t\t<div class=\"elementor-column elementor-col-50 elementor-inner-column elementor-element elementor-element-a3c8f07\" data-id=\"a3c8f07\" data-element_type=\"column\" data-e-type=\"column\">\n\t\t\t<div class=\"elementor-widget-wrap elementor-element-populated\">\n\t\t\t\t\t\t<div class=\"elementor-element elementor-element-dd8a7d3 elementor-arrows-position-inside elementor-pagination-position-outside elementor-widget elementor-widget-image-carousel\" data-id=\"dd8a7d3\" data-element_type=\"widget\" data-e-type=\"widget\" data-settings=\"{&quot;slides_to_show&quot;:&quot;1&quot;,&quot;navigation&quot;:&quot;both&quot;,&quot;autoplay&quot;:&quot;yes&quot;,&quot;pause_on_hover&quot;:&quot;yes&quot;,&quot;pause_on_interaction&quot;:&quot;yes&quot;,&quot;autoplay_speed&quot;:5000,&quot;infinite&quot;:&quot;yes&quot;,&quot;effect&quot;:&quot;slide&quot;,&quot;speed&quot;:500}\" data-widget_type=\"image-carousel.default\">\n\t\t\t\t<div class=\"elementor-widget-container\">\n\t\t\t\t\t\t\t<div class=\"elementor-image-carousel-wrapper swiper\" role=\"region\" aria-roledescription=\"carousel\" aria-label=\"Bild Karussell\" dir=\"ltr\">\n\t\t\t<div class=\"elementor-image-carousel swiper-wrapper\" aria-live=\"off\">\n\t\t\t\t\t\t\t\t<div class=\"swiper-slide\" role=\"group\" aria-roledescription=\"slide\" aria-label=\"1 von 5\"><figure class=\"swiper-slide-inner\"><img decoding=\"async\" class=\"swiper-slide-image\" src=\"https:\/\/www.diefremden.at\/wordpress\/wp-content\/uploads\/2020\/01\/Ganzgut1.jpg\" alt=\"ganz gut \u00a9 Die Fremden\" \/><figcaption class=\"elementor-image-carousel-caption\">ganz gut \u00a9 Die Fremden<\/figcaption><\/figure><\/div><div class=\"swiper-slide\" role=\"group\" aria-roledescription=\"slide\" aria-label=\"2 von 5\"><figure class=\"swiper-slide-inner\"><img decoding=\"async\" class=\"swiper-slide-image\" src=\"https:\/\/www.diefremden.at\/wordpress\/wp-content\/uploads\/2020\/01\/Ganzgut2.jpg\" alt=\"ganz gut \u00a9 Die Fremden\" \/><figcaption class=\"elementor-image-carousel-caption\">ganz gut \u00a9 Die Fremden<\/figcaption><\/figure><\/div><div class=\"swiper-slide\" role=\"group\" aria-roledescription=\"slide\" aria-label=\"3 von 5\"><figure class=\"swiper-slide-inner\"><img decoding=\"async\" class=\"swiper-slide-image\" src=\"https:\/\/www.diefremden.at\/wordpress\/wp-content\/uploads\/2020\/01\/Ganzgut3.jpg\" alt=\"ganz gut \u00a9 Die Fremden\" \/><figcaption class=\"elementor-image-carousel-caption\">ganz gut \u00a9 Die Fremden<\/figcaption><\/figure><\/div><div class=\"swiper-slide\" role=\"group\" aria-roledescription=\"slide\" aria-label=\"4 von 5\"><figure class=\"swiper-slide-inner\"><img decoding=\"async\" class=\"swiper-slide-image\" src=\"https:\/\/www.diefremden.at\/wordpress\/wp-content\/uploads\/2020\/01\/Ganzgut4.jpg\" alt=\"ganz gut \u00a9 Die Fremden\" \/><figcaption class=\"elementor-image-carousel-caption\">ganz gut \u00a9 Die Fremden<\/figcaption><\/figure><\/div><div class=\"swiper-slide\" role=\"group\" aria-roledescription=\"slide\" aria-label=\"5 von 5\"><figure class=\"swiper-slide-inner\"><img decoding=\"async\" class=\"swiper-slide-image\" src=\"https:\/\/www.diefremden.at\/wordpress\/wp-content\/uploads\/2020\/01\/gg08.jpg\" alt=\"ganz gut \u00a9 Die Fremden\" \/><figcaption class=\"elementor-image-carousel-caption\">ganz gut \u00a9 Die Fremden<\/figcaption><\/figure><\/div>\t\t\t<\/div>\n\t\t\t\t\t\t\t\t\t\t\t\t<div class=\"elementor-swiper-button elementor-swiper-button-prev\" role=\"button\" tabindex=\"0\">\n\t\t\t\t\t\t<i aria-hidden=\"true\" class=\"eicon-chevron-left\"><\/i>\t\t\t\t\t<\/div>\n\t\t\t\t\t<div class=\"elementor-swiper-button elementor-swiper-button-next\" role=\"button\" tabindex=\"0\">\n\t\t\t\t\t\t<i aria-hidden=\"true\" class=\"eicon-chevron-right\"><\/i>\t\t\t\t\t<\/div>\n\t\t\t\t\n\t\t\t\t\t\t\t\t\t<div class=\"swiper-pagination\"><\/div>\n\t\t\t\t\t\t\t\t\t<\/div>\n\t\t\t\t\t\t<\/div>\n\t\t\t\t<\/div>\n\t\t\t\t<div class=\"elementor-element elementor-element-3ca3d0f elementor-widget elementor-widget-heading\" data-id=\"3ca3d0f\" data-element_type=\"widget\" data-e-type=\"widget\" data-widget_type=\"heading.default\">\n\t\t\t\t<div class=\"elementor-widget-container\">\n\t\t\t\t\t<h2 class=\"elementor-heading-title elementor-size-default\">Leitung und Regie:<\/h2>\t\t\t\t<\/div>\n\t\t\t\t<\/div>\n\t\t\t\t<div class=\"elementor-element elementor-element-ed7d1c7 elementor-widget elementor-widget-text-editor\" data-id=\"ed7d1c7\" data-element_type=\"widget\" data-e-type=\"widget\" data-widget_type=\"text-editor.default\">\n\t\t\t\t<div class=\"elementor-widget-container\">\n\t\t\t\t\t\t\t\t\t<p>Dagmar Ransmayr<\/p>\t\t\t\t\t\t\t\t<\/div>\n\t\t\t\t<\/div>\n\t\t\t\t<div class=\"elementor-element elementor-element-2e9dfba elementor-widget elementor-widget-heading\" data-id=\"2e9dfba\" data-element_type=\"widget\" data-e-type=\"widget\" data-widget_type=\"heading.default\">\n\t\t\t\t<div class=\"elementor-widget-container\">\n\t\t\t\t\t<h2 class=\"elementor-heading-title elementor-size-default\">Es spielten: <\/h2>\t\t\t\t<\/div>\n\t\t\t\t<\/div>\n\t\t\t\t<div class=\"elementor-element elementor-element-f7c61aa elementor-widget elementor-widget-text-editor\" data-id=\"f7c61aa\" data-element_type=\"widget\" data-e-type=\"widget\" data-widget_type=\"text-editor.default\">\n\t\t\t\t<div class=\"elementor-widget-container\">\n\t\t\t\t\t\t\t\t\t<p style=\"text-align: left;\"><span style=\"font-family: Arial; font-size: small;\">Sabrina Bee<br \/>Sladjana Boras<br \/>Elisabeth Fischer<br \/>Zsolt Fenyvesi<br \/>Szabolcs Hejas<br \/>Bogdan Jan<br \/>Markus Payer<br \/>Stephanie Randon<br \/>Tiago Siqueira<\/span><\/p>\t\t\t\t\t\t\t\t<\/div>\n\t\t\t\t<\/div>\n\t\t\t\t\t<\/div>\n\t\t<\/div>\n\t\t\t\t\t<\/div>\n\t\t<\/section>\n\t\t\t\t\t<\/div>\n\t\t<\/div>\n\t\t\t\t\t<\/div>\n\t\t<\/section>\n\t\t\t\t<\/div>\n\t\t","protected":false},"excerpt":{"rendered":"<p>St\u00fcckbeschreibung &#8222;ganz gut&#8220; Elena verl\u00e4sst gegen dessen Willen den \u00e4ltlichen Vater und die hilfsbed\u00fcrftige Schwester, um in einem neuen Land ein freies Leben zu beginnen, wie sie hofft. Was sie erwartet sind jedoch schlechte soziale Bedingungen in einem Land, das signalisiert, dass es nicht auf Elena gewartet hat. Auf Initiative eines ungarischen Br\u00fcderpaares schlie\u00dft sie [&hellip;]<\/p>\n","protected":false},"author":1,"featured_media":0,"parent":0,"menu_order":0,"comment_status":"closed","ping_status":"closed","template":"","meta":{"ocean_post_layout":"","ocean_both_sidebars_style":"","ocean_both_sidebars_content_width":0,"ocean_both_sidebars_sidebars_width":0,"ocean_sidebar":"0","ocean_second_sidebar":"0","ocean_disable_margins":"enable","ocean_add_body_class":"","ocean_shortcode_before_top_bar":"","ocean_shortcode_after_top_bar":"","ocean_shortcode_before_header":"","ocean_shortcode_after_header":"","ocean_has_shortcode":"","ocean_shortcode_after_title":"","ocean_shortcode_before_footer_widgets":"","ocean_shortcode_after_footer_widgets":"","ocean_shortcode_before_footer_bottom":"","ocean_shortcode_after_footer_bottom":"","ocean_display_top_bar":"default","ocean_display_header":"default","ocean_header_style":"","ocean_center_header_left_menu":"0","ocean_custom_header_template":"0","ocean_custom_logo":0,"ocean_custom_retina_logo":0,"ocean_custom_logo_max_width":0,"ocean_custom_logo_tablet_max_width":0,"ocean_custom_logo_mobile_max_width":0,"ocean_custom_logo_max_height":0,"ocean_custom_logo_tablet_max_height":0,"ocean_custom_logo_mobile_max_height":0,"ocean_header_custom_menu":"0","ocean_menu_typo_font_family":"0","ocean_menu_typo_font_subset":"","ocean_menu_typo_font_size":0,"ocean_menu_typo_font_size_tablet":0,"ocean_menu_typo_font_size_mobile":0,"ocean_menu_typo_font_size_unit":"px","ocean_menu_typo_font_weight":"","ocean_menu_typo_font_weight_tablet":"","ocean_menu_typo_font_weight_mobile":"","ocean_menu_typo_transform":"","ocean_menu_typo_transform_tablet":"","ocean_menu_typo_transform_mobile":"","ocean_menu_typo_line_height":0,"ocean_menu_typo_line_height_tablet":0,"ocean_menu_typo_line_height_mobile":0,"ocean_menu_typo_line_height_unit":"","ocean_menu_typo_spacing":0,"ocean_menu_typo_spacing_tablet":0,"ocean_menu_typo_spacing_mobile":0,"ocean_menu_typo_spacing_unit":"","ocean_menu_link_color":"","ocean_menu_link_color_hover":"","ocean_menu_link_color_active":"","ocean_menu_link_background":"","ocean_menu_link_hover_background":"","ocean_menu_link_active_background":"","ocean_menu_social_links_bg":"","ocean_menu_social_hover_links_bg":"","ocean_menu_social_links_color":"","ocean_menu_social_hover_links_color":"","ocean_disable_title":"default","ocean_disable_heading":"default","ocean_post_title":"","ocean_post_subheading":"Premiere in 2000","ocean_post_title_style":"","ocean_post_title_background_color":"","ocean_post_title_background":0,"ocean_post_title_bg_image_position":"","ocean_post_title_bg_image_attachment":"","ocean_post_title_bg_image_repeat":"","ocean_post_title_bg_image_size":"","ocean_post_title_height":0,"ocean_post_title_bg_overlay":0.5,"ocean_post_title_bg_overlay_color":"","ocean_disable_breadcrumbs":"default","ocean_breadcrumbs_color":"","ocean_breadcrumbs_separator_color":"","ocean_breadcrumbs_links_color":"","ocean_breadcrumbs_links_hover_color":"","ocean_display_footer_widgets":"default","ocean_display_footer_bottom":"default","ocean_custom_footer_template":"0","footnotes":""},"class_list":["post-1642","page","type-page","status-publish","hentry","entry"],"_links":{"self":[{"href":"https:\/\/www.diefremden.at\/wordpress\/index.php?rest_route=\/wp\/v2\/pages\/1642","targetHints":{"allow":["GET"]}}],"collection":[{"href":"https:\/\/www.diefremden.at\/wordpress\/index.php?rest_route=\/wp\/v2\/pages"}],"about":[{"href":"https:\/\/www.diefremden.at\/wordpress\/index.php?rest_route=\/wp\/v2\/types\/page"}],"author":[{"embeddable":true,"href":"https:\/\/www.diefremden.at\/wordpress\/index.php?rest_route=\/wp\/v2\/users\/1"}],"replies":[{"embeddable":true,"href":"https:\/\/www.diefremden.at\/wordpress\/index.php?rest_route=%2Fwp%2Fv2%2Fcomments&post=1642"}],"version-history":[{"count":8,"href":"https:\/\/www.diefremden.at\/wordpress\/index.php?rest_route=\/wp\/v2\/pages\/1642\/revisions"}],"predecessor-version":[{"id":1830,"href":"https:\/\/www.diefremden.at\/wordpress\/index.php?rest_route=\/wp\/v2\/pages\/1642\/revisions\/1830"}],"wp:attachment":[{"href":"https:\/\/www.diefremden.at\/wordpress\/index.php?rest_route=%2Fwp%2Fv2%2Fmedia&parent=1642"}],"curies":[{"name":"wp","href":"https:\/\/api.w.org\/{rel}","templated":true}]}}