{"id":2277,"date":"2023-01-13T10:52:14","date_gmt":"2023-01-13T09:52:14","guid":{"rendered":"https:\/\/www.diefremden.at\/wordpress\/?page_id=2277"},"modified":"2026-02-16T15:04:35","modified_gmt":"2026-02-16T14:04:35","slug":"eine-tasche-mit-ziba","status":"publish","type":"page","link":"https:\/\/www.diefremden.at\/wordpress\/?page_id=2277","title":{"rendered":"Eine Tasche mit Ziba"},"content":{"rendered":"\t\t<div data-elementor-type=\"wp-page\" data-elementor-id=\"2277\" class=\"elementor elementor-2277\" data-elementor-post-type=\"page\">\n\t\t\t\t\t\t<section class=\"elementor-section elementor-top-section elementor-element elementor-element-b422906 elementor-section-boxed elementor-section-height-default elementor-section-height-default\" data-id=\"b422906\" data-element_type=\"section\" data-e-type=\"section\">\n\t\t\t\t\t\t<div class=\"elementor-container elementor-column-gap-default\">\n\t\t\t\t\t<div class=\"elementor-column elementor-col-100 elementor-top-column elementor-element elementor-element-01b84be\" data-id=\"01b84be\" data-element_type=\"column\" data-e-type=\"column\">\n\t\t\t<div class=\"elementor-widget-wrap elementor-element-populated\">\n\t\t\t\t\t\t<section class=\"elementor-section elementor-inner-section elementor-element elementor-element-a118da7 elementor-section-boxed elementor-section-height-default elementor-section-height-default\" data-id=\"a118da7\" data-element_type=\"section\" data-e-type=\"section\">\n\t\t\t\t\t\t<div class=\"elementor-container elementor-column-gap-default\">\n\t\t\t\t\t<div class=\"elementor-column elementor-col-50 elementor-inner-column elementor-element elementor-element-2d4883e\" data-id=\"2d4883e\" data-element_type=\"column\" data-e-type=\"column\">\n\t\t\t<div class=\"elementor-widget-wrap elementor-element-populated\">\n\t\t\t\t\t\t<div class=\"elementor-element elementor-element-11d6a29 elementor-widget__width-inherit elementor-widget elementor-widget-image\" data-id=\"11d6a29\" data-element_type=\"widget\" data-e-type=\"widget\" data-widget_type=\"image.default\">\n\t\t\t\t<div class=\"elementor-widget-container\">\n\t\t\t\t\t\t\t\t\t\t\t\t<figure class=\"wp-caption\">\n\t\t\t\t\t\t\t\t\t\t<img fetchpriority=\"high\" decoding=\"async\" width=\"245\" height=\"300\" src=\"https:\/\/www.diefremden.at\/wordpress\/wp-content\/uploads\/2021\/10\/postkarte-hoch_mail-245x300.jpg\" class=\"attachment-medium size-medium wp-image-1957\" alt=\"\" srcset=\"https:\/\/www.diefremden.at\/wordpress\/wp-content\/uploads\/2021\/10\/postkarte-hoch_mail-245x300.jpg 245w, https:\/\/www.diefremden.at\/wordpress\/wp-content\/uploads\/2021\/10\/postkarte-hoch_mail.jpg 620w\" sizes=\"(max-width: 245px) 100vw, 245px\" \/>\t\t\t\t\t\t\t\t\t\t\t<figcaption class=\"widget-image-caption wp-caption-text\"><\/figcaption>\n\t\t\t\t\t\t\t\t\t\t<\/figure>\n\t\t\t\t\t\t\t\t\t<\/div>\n\t\t\t\t<\/div>\n\t\t\t\t\t<\/div>\n\t\t<\/div>\n\t\t\t\t<div class=\"elementor-column elementor-col-50 elementor-inner-column elementor-element elementor-element-df145ad\" data-id=\"df145ad\" data-element_type=\"column\" data-e-type=\"column\">\n\t\t\t<div class=\"elementor-widget-wrap elementor-element-populated\">\n\t\t\t\t\t\t<div class=\"elementor-element elementor-element-64f4b73 elementor-widget elementor-widget-text-editor\" data-id=\"64f4b73\" data-element_type=\"widget\" data-e-type=\"widget\" data-widget_type=\"text-editor.default\">\n\t\t\t\t<div class=\"elementor-widget-container\">\n\t\t\t\t\t\t\t\t\t<p>Wir haben das St\u00fcck im Laufe des Jahres 2021 erarbeitet.\u00a0<\/p><p>In vielen Monaten \u2013 manchmal sehr herausfordernder und emotionaler \u2013 Arbeit, verwandelten unsere afghanischen und iranischen Schauspieler*innen die Ursachen und Umst\u00e4nde ihrer Flucht in Theaterstoff. <br \/>Wie leider oft bei unseren St\u00fccken, bleibt uns die Realit\u00e4t hart auf den Fersen und hat uns wieder einmal eingeholt.\u00a0<\/p><p>Wir wollen die Geschichte des M\u00e4dchens Lalita allen M\u00e4dchen und Frauen widmen, die in diesen Tagen im Iran unter Lebensgefahr f\u00fcr ein St\u00fcck Normalit\u00e4t in ihrem Leben k\u00e4mpfen.<\/p>\t\t\t\t\t\t\t\t<\/div>\n\t\t\t\t<\/div>\n\t\t\t\t\t<\/div>\n\t\t<\/div>\n\t\t\t\t\t<\/div>\n\t\t<\/section>\n\t\t\t\t<section class=\"elementor-section elementor-inner-section elementor-element elementor-element-7e01aa6 elementor-section-boxed elementor-section-height-default elementor-section-height-default\" data-id=\"7e01aa6\" data-element_type=\"section\" data-e-type=\"section\">\n\t\t\t\t\t\t<div class=\"elementor-container elementor-column-gap-default\">\n\t\t\t\t\t<div class=\"elementor-column elementor-col-50 elementor-inner-column elementor-element elementor-element-84f043b\" data-id=\"84f043b\" data-element_type=\"column\" data-e-type=\"column\">\n\t\t\t<div class=\"elementor-widget-wrap elementor-element-populated\">\n\t\t\t\t\t\t<div class=\"elementor-element elementor-element-77adc99 elementor-widget elementor-widget-heading\" data-id=\"77adc99\" data-element_type=\"widget\" data-e-type=\"widget\" data-widget_type=\"heading.default\">\n\t\t\t\t<div class=\"elementor-widget-container\">\n\t\t\t\t\t<h2 class=\"elementor-heading-title elementor-size-default\">St\u00fcckinhalt<\/h2>\t\t\t\t<\/div>\n\t\t\t\t<\/div>\n\t\t\t\t<div class=\"elementor-element elementor-element-7da6e4a elementor-widget elementor-widget-text-editor\" data-id=\"7da6e4a\" data-element_type=\"widget\" data-e-type=\"widget\" data-widget_type=\"text-editor.default\">\n\t\t\t\t<div class=\"elementor-widget-container\">\n\t\t\t\t\t\t\t\t\t<p>Lalita, ein M\u00e4dchen, das aus ihrer Heimat geflohen ist, und Vanessa, die in einer heruntergekommenen Wohnbausiedlung\u00a0ihren allt\u00e4glichen Kampf gegen ihren Bruder, das Sozialamt und ihre Vergangenheit f\u00fchrt, haben nichts gemeinsam\u00a0au\u00dfer dem Gang des Amtsgeb\u00e4udes, in dem sie sitzen und auf ihre unterschiedlichen Verhandlungen warten.<\/p><p>Ohne es zu ahnen reichen ihre Verbindungsf\u00e4den \u00fcber ein Gro\u00dfunternehmen, Schlepperrouten bis zu Transporten\u00a0illegaler Arbeiter.\u00a0Und dann ist da noch eine Tasche mit Ziba&#8230;.<\/p><p><b>Eine Tasche mit Ziba<\/b>\u00a0erz\u00e4hlt von zwei Frauen in M\u00e4nnerwelten &#8211; tausende Kilometer voneinander entfernt.\u00a0Ein St\u00fcck \u00fcber Unterdr\u00fcckung und Mut, \u00fcber Einsamkeit und die Sehnsucht, (wo)anders zu sein.<\/p><p>Die Eigenproduktion entstand wie alle Geschichten der Gruppe unter Einbeziehung vieler pers\u00f6nlicher Erlebnisse und Erfahrungen.\u00a0Die SpielerInnen der 23.Produktion der Theatergruppe Die Fremden, die 2022 ihr 30-j\u00e4hriges B\u00fchnenjubil\u00e4um feiert,\u00a0haben ihre\u00a0Wurzeln in Bulgarien, Polen, Belgien, Armenien, Nigeria, China, Afghanistan, im Iran und in \u00d6sterreich.<\/p>\t\t\t\t\t\t\t\t<\/div>\n\t\t\t\t<\/div>\n\t\t\t\t<div class=\"elementor-element elementor-element-2e64685 elementor-arrows-position-inside elementor-pagination-position-outside elementor-widget elementor-widget-image-carousel\" data-id=\"2e64685\" data-element_type=\"widget\" data-e-type=\"widget\" data-settings=\"{&quot;slides_to_show&quot;:&quot;1&quot;,&quot;navigation&quot;:&quot;both&quot;,&quot;autoplay&quot;:&quot;yes&quot;,&quot;pause_on_hover&quot;:&quot;yes&quot;,&quot;pause_on_interaction&quot;:&quot;yes&quot;,&quot;autoplay_speed&quot;:5000,&quot;infinite&quot;:&quot;yes&quot;,&quot;effect&quot;:&quot;slide&quot;,&quot;speed&quot;:500}\" data-widget_type=\"image-carousel.default\">\n\t\t\t\t<div class=\"elementor-widget-container\">\n\t\t\t\t\t\t\t<div class=\"elementor-image-carousel-wrapper swiper\" role=\"region\" aria-roledescription=\"carousel\" aria-label=\"Bild Karussell\" dir=\"ltr\">\n\t\t\t<div class=\"elementor-image-carousel swiper-wrapper\" aria-live=\"off\">\n\t\t\t\t\t\t\t\t<div class=\"swiper-slide\" role=\"group\" aria-roledescription=\"slide\" aria-label=\"1 von 16\"><figure class=\"swiper-slide-inner\"><img decoding=\"async\" class=\"swiper-slide-image\" src=\"https:\/\/www.diefremden.at\/wordpress\/wp-content\/uploads\/2022\/01\/Ziba_Presse1-768x1156.jpeg\" alt=\"Ziba_Presse1\" \/><\/figure><\/div><div class=\"swiper-slide\" role=\"group\" aria-roledescription=\"slide\" aria-label=\"2 von 16\"><figure class=\"swiper-slide-inner\"><img decoding=\"async\" class=\"swiper-slide-image\" src=\"https:\/\/www.diefremden.at\/wordpress\/wp-content\/uploads\/2022\/01\/Ziba_Presse3-768x510.jpeg\" alt=\"Ziba_Presse3\" \/><\/figure><\/div><div class=\"swiper-slide\" role=\"group\" aria-roledescription=\"slide\" aria-label=\"3 von 16\"><figure class=\"swiper-slide-inner\"><img decoding=\"async\" class=\"swiper-slide-image\" src=\"https:\/\/www.diefremden.at\/wordpress\/wp-content\/uploads\/2022\/01\/Ziba_Presse4-768x510.jpeg\" alt=\"Ziba_Presse4\" \/><\/figure><\/div><div class=\"swiper-slide\" role=\"group\" aria-roledescription=\"slide\" aria-label=\"4 von 16\"><figure class=\"swiper-slide-inner\"><img decoding=\"async\" class=\"swiper-slide-image\" src=\"https:\/\/www.diefremden.at\/wordpress\/wp-content\/uploads\/2022\/01\/Ziba_Presse5-768x510.jpeg\" alt=\"Ziba_Presse5\" \/><\/figure><\/div><div class=\"swiper-slide\" role=\"group\" aria-roledescription=\"slide\" aria-label=\"5 von 16\"><figure class=\"swiper-slide-inner\"><img decoding=\"async\" class=\"swiper-slide-image\" src=\"https:\/\/www.diefremden.at\/wordpress\/wp-content\/uploads\/2022\/01\/Ziba_Presse7-768x510.jpeg\" alt=\"Ziba_Presse7\" \/><\/figure><\/div><div class=\"swiper-slide\" role=\"group\" aria-roledescription=\"slide\" aria-label=\"6 von 16\"><figure class=\"swiper-slide-inner\"><img decoding=\"async\" class=\"swiper-slide-image\" src=\"https:\/\/www.diefremden.at\/wordpress\/wp-content\/uploads\/2022\/01\/Ziba_Presse8-768x510.jpeg\" alt=\"Ziba_Presse8\" \/><\/figure><\/div><div class=\"swiper-slide\" role=\"group\" aria-roledescription=\"slide\" aria-label=\"7 von 16\"><figure class=\"swiper-slide-inner\"><img decoding=\"async\" class=\"swiper-slide-image\" src=\"https:\/\/www.diefremden.at\/wordpress\/wp-content\/uploads\/2022\/01\/IMGP1105-768x510.jpeg\" alt=\"IMGP1105\" \/><\/figure><\/div><div class=\"swiper-slide\" role=\"group\" aria-roledescription=\"slide\" aria-label=\"8 von 16\"><figure class=\"swiper-slide-inner\"><img decoding=\"async\" class=\"swiper-slide-image\" src=\"https:\/\/www.diefremden.at\/wordpress\/wp-content\/uploads\/2022\/01\/IMGP1117-768x1156.jpeg\" alt=\"IMGP1117\" \/><\/figure><\/div><div class=\"swiper-slide\" role=\"group\" aria-roledescription=\"slide\" aria-label=\"9 von 16\"><figure class=\"swiper-slide-inner\"><img decoding=\"async\" class=\"swiper-slide-image\" src=\"https:\/\/www.diefremden.at\/wordpress\/wp-content\/uploads\/2022\/01\/IMGP1153-768x510.jpeg\" alt=\"IMGP1153\" \/><\/figure><\/div><div class=\"swiper-slide\" role=\"group\" aria-roledescription=\"slide\" aria-label=\"10 von 16\"><figure class=\"swiper-slide-inner\"><img decoding=\"async\" class=\"swiper-slide-image\" src=\"https:\/\/www.diefremden.at\/wordpress\/wp-content\/uploads\/2022\/01\/IMGP1065-768x510.jpeg\" alt=\"IMGP1065\" \/><\/figure><\/div><div class=\"swiper-slide\" role=\"group\" aria-roledescription=\"slide\" aria-label=\"11 von 16\"><figure class=\"swiper-slide-inner\"><img decoding=\"async\" class=\"swiper-slide-image\" src=\"https:\/\/www.diefremden.at\/wordpress\/wp-content\/uploads\/2022\/01\/IMGP0996-768x1156.jpeg\" alt=\"IMGP0996\" \/><\/figure><\/div><div class=\"swiper-slide\" role=\"group\" aria-roledescription=\"slide\" aria-label=\"12 von 16\"><figure class=\"swiper-slide-inner\"><img decoding=\"async\" class=\"swiper-slide-image\" src=\"https:\/\/www.diefremden.at\/wordpress\/wp-content\/uploads\/2022\/01\/IMGP1134-768x510.jpeg\" alt=\"IMGP1134\" \/><\/figure><\/div><div class=\"swiper-slide\" role=\"group\" aria-roledescription=\"slide\" aria-label=\"13 von 16\"><figure class=\"swiper-slide-inner\"><img decoding=\"async\" class=\"swiper-slide-image\" src=\"https:\/\/www.diefremden.at\/wordpress\/wp-content\/uploads\/2022\/01\/IMGP1085-768x510.jpeg\" alt=\"IMGP1085\" \/><\/figure><\/div><div class=\"swiper-slide\" role=\"group\" aria-roledescription=\"slide\" aria-label=\"14 von 16\"><figure class=\"swiper-slide-inner\"><img decoding=\"async\" class=\"swiper-slide-image\" src=\"https:\/\/www.diefremden.at\/wordpress\/wp-content\/uploads\/2022\/01\/IMGP1082-768x510.jpeg\" alt=\"IMGP1082\" \/><\/figure><\/div><div class=\"swiper-slide\" role=\"group\" aria-roledescription=\"slide\" aria-label=\"15 von 16\"><figure class=\"swiper-slide-inner\"><img decoding=\"async\" class=\"swiper-slide-image\" src=\"https:\/\/www.diefremden.at\/wordpress\/wp-content\/uploads\/2022\/01\/IMGP1077-768x510.jpeg\" alt=\"IMGP1077\" \/><\/figure><\/div><div class=\"swiper-slide\" role=\"group\" aria-roledescription=\"slide\" aria-label=\"16 von 16\"><figure class=\"swiper-slide-inner\"><img decoding=\"async\" class=\"swiper-slide-image\" src=\"https:\/\/www.diefremden.at\/wordpress\/wp-content\/uploads\/2022\/01\/IMGP1026-768x510.jpeg\" alt=\"IMGP1026\" \/><\/figure><\/div>\t\t\t<\/div>\n\t\t\t\t\t\t\t\t\t\t\t\t<div class=\"elementor-swiper-button elementor-swiper-button-prev\" role=\"button\" tabindex=\"0\">\n\t\t\t\t\t\t<i aria-hidden=\"true\" class=\"eicon-chevron-left\"><\/i>\t\t\t\t\t<\/div>\n\t\t\t\t\t<div class=\"elementor-swiper-button elementor-swiper-button-next\" role=\"button\" tabindex=\"0\">\n\t\t\t\t\t\t<i aria-hidden=\"true\" class=\"eicon-chevron-right\"><\/i>\t\t\t\t\t<\/div>\n\t\t\t\t\n\t\t\t\t\t\t\t\t\t<div class=\"swiper-pagination\"><\/div>\n\t\t\t\t\t\t\t\t\t<\/div>\n\t\t\t\t\t\t<\/div>\n\t\t\t\t<\/div>\n\t\t\t\t\t<\/div>\n\t\t<\/div>\n\t\t\t\t<div class=\"elementor-column elementor-col-50 elementor-inner-column elementor-element elementor-element-6c20950\" data-id=\"6c20950\" data-element_type=\"column\" data-e-type=\"column\">\n\t\t\t<div class=\"elementor-widget-wrap elementor-element-populated\">\n\t\t\t\t\t\t<div class=\"elementor-element elementor-element-adfb09a elementor-widget elementor-widget-heading\" data-id=\"adfb09a\" data-element_type=\"widget\" data-e-type=\"widget\" data-widget_type=\"heading.default\">\n\t\t\t\t<div class=\"elementor-widget-container\">\n\t\t\t\t\t<h2 class=\"elementor-heading-title elementor-size-default\">Leitung und Regie<\/h2>\t\t\t\t<\/div>\n\t\t\t\t<\/div>\n\t\t\t\t<div class=\"elementor-element elementor-element-71d5885 elementor-widget elementor-widget-text-editor\" data-id=\"71d5885\" data-element_type=\"widget\" data-e-type=\"widget\" data-widget_type=\"text-editor.default\">\n\t\t\t\t<div class=\"elementor-widget-container\">\n\t\t\t\t\t\t\t\t\t<p>Dagmar Ransmayr<\/p>\t\t\t\t\t\t\t\t<\/div>\n\t\t\t\t<\/div>\n\t\t\t\t<div class=\"elementor-element elementor-element-eeaec93 elementor-widget elementor-widget-heading\" data-id=\"eeaec93\" data-element_type=\"widget\" data-e-type=\"widget\" data-widget_type=\"heading.default\">\n\t\t\t\t<div class=\"elementor-widget-container\">\n\t\t\t\t\t<h2 class=\"elementor-heading-title elementor-size-default\">Mitwirkende<\/h2>\t\t\t\t<\/div>\n\t\t\t\t<\/div>\n\t\t\t\t<div class=\"elementor-element elementor-element-97429ca elementor-widget elementor-widget-text-editor\" data-id=\"97429ca\" data-element_type=\"widget\" data-e-type=\"widget\" data-widget_type=\"text-editor.default\">\n\t\t\t\t<div class=\"elementor-widget-container\">\n\t\t\t\t\t\t\t\t\t<p>Armen Abisoghomyan, Rabia Alizada, Garegin Gamazyan, Szabolcs Hejas, Osas Imafidon, Sofie Leplae, Niloofar Nadimi, Yasmin Navid, Tomasz Nowak, Markus Payer, Maisam Rahimi, Katerina Rumenova Jost, Chen Wan<\/p>\n<div style=\"font-style: normal; font-variant-caps: normal; caret-color: #000000; color: #000000; font-family: Helvetica; font-size: 12px; font-stretch: normal; line-height: normal;\">&nbsp;<\/div>\t\t\t\t\t\t\t\t<\/div>\n\t\t\t\t<\/div>\n\t\t\t\t<div class=\"elementor-element elementor-element-9b67301 elementor-widget elementor-widget-text-editor\" data-id=\"9b67301\" data-element_type=\"widget\" data-e-type=\"widget\" data-widget_type=\"text-editor.default\">\n\t\t\t\t<div class=\"elementor-widget-container\">\n\t\t\t\t\t\t\t\t\t<p>Unsere Premiere von &#8222;Eine Tasche mit Ziba&#8220; fand am 20.1.2022 im Off Theater statt.<br \/>Weitere Spieltermine waren<br \/>21. und 22. J\u00e4nner 2022, Off Theater Wien<br \/>25.\u00a0und 26. Februar 2022, Off Theater Wien<br \/>2. und 3. M\u00e4rz 2022, Off Theater Wien<br \/>7. Mai 2022 Bad Schallerbach, Pfarrsaal<br \/>24. Mai, 10.\/11. Juni, Off Theater Wien<br \/>26. Mai Abtenau\/Salzburg &#8211; Theaterfestival &#8222;Abtenau ist B\u00fchne&#8220;<br \/>25. Juni Friedrichshafen\/D &#8211; Theaterfestival &#8222;Theatertage am See&#8220;<br \/>5. November, Off Theater Wien<br \/>9. November, T\u00dcWI-H\u00f6rsaal\/Universit\u00e4t f\u00fcr Bodenkultur Wien<br \/>19. November, G\u00f6ppinger Theatertage, G\u00f6ppingen\/D<\/p><h3>\u00a0<\/h3>\t\t\t\t\t\t\t\t<\/div>\n\t\t\t\t<\/div>\n\t\t\t\t<div class=\"elementor-element elementor-element-92dd2c6 elementor-widget elementor-widget-heading\" data-id=\"92dd2c6\" data-element_type=\"widget\" data-e-type=\"widget\" data-widget_type=\"heading.default\">\n\t\t\t\t<div class=\"elementor-widget-container\">\n\t\t\t\t\t<h4 class=\"elementor-heading-title elementor-size-default\">Die Fremden in \"Religionen der Welt\" (ORF) am 5. Februar 2022<\/h4>\t\t\t\t<\/div>\n\t\t\t\t<\/div>\n\t\t\t\t<div class=\"elementor-element elementor-element-e80df9e elementor-widget elementor-widget-video\" data-id=\"e80df9e\" data-element_type=\"widget\" data-e-type=\"widget\" data-settings=\"{&quot;youtube_url&quot;:&quot;https:\\\/\\\/www.youtube.com\\\/watch?v=CqkTWJFRkKE&quot;,&quot;autoplay&quot;:&quot;yes&quot;,&quot;play_on_mobile&quot;:&quot;yes&quot;,&quot;mute&quot;:&quot;yes&quot;,&quot;loop&quot;:&quot;yes&quot;,&quot;video_type&quot;:&quot;youtube&quot;,&quot;controls&quot;:&quot;yes&quot;}\" data-widget_type=\"video.default\">\n\t\t\t\t<div class=\"elementor-widget-container\">\n\t\t\t\t\t\t\t<div class=\"elementor-wrapper elementor-open-inline\">\n\t\t\t<div class=\"elementor-video\"><\/div>\t\t<\/div>\n\t\t\t\t\t\t<\/div>\n\t\t\t\t<\/div>\n\t\t\t\t<div class=\"elementor-element elementor-element-987018c elementor-widget elementor-widget-heading\" data-id=\"987018c\" data-element_type=\"widget\" data-e-type=\"widget\" data-widget_type=\"heading.default\">\n\t\t\t\t<div class=\"elementor-widget-container\">\n\t\t\t\t\t<h2 class=\"elementor-heading-title elementor-size-default\">Pressestimmen<\/h2>\t\t\t\t<\/div>\n\t\t\t\t<\/div>\n\t\t\t\t<div class=\"elementor-element elementor-element-ba954dd elementor-widget elementor-widget-text-editor\" data-id=\"ba954dd\" data-element_type=\"widget\" data-e-type=\"widget\" data-widget_type=\"text-editor.default\">\n\t\t\t\t<div class=\"elementor-widget-container\">\n\t\t\t\t\t\t\t\t\t<div style=\"font-style: normal; font-variant-caps: normal; caret-color: #000000; color: #000000; font-family: Helvetica; font-size: 12px;\"><p class=\"MsoNormal\" style=\"margin: 0cm; font-size: 11pt; font-family: Calibri, sans-serif;\"><a style=\"color: blue; text-decoration: underline;\" href=\"https:\/\/kijuku.at\/buehne\/wie-die-unsichtbare-ziba-ihrer-freundin-lalita-hilft\/\">Wie die unsichtbare Ziba ihrer Freundin Lalita hilft | KiJuKu &#8211; Kinder Jugend Kultur Und mehr<\/a><\/p><\/div><div style=\"font-style: normal; font-variant-caps: normal; caret-color: #000000; color: #000000; font-family: Helvetica; font-size: 12px;\"><p class=\"MsoNormal\" style=\"margin: 0cm; font-size: 11pt; font-family: Calibri, sans-serif;\">\u00a0<\/p><\/div><div style=\"font-style: normal; font-variant-caps: normal; caret-color: #000000; color: #000000; font-family: Helvetica; font-size: 12px;\"><p class=\"MsoNormal\" style=\"margin: 0cm; font-size: 11pt; font-family: Calibri, sans-serif;\"><a style=\"color: blue; text-decoration: underline;\" href=\"https:\/\/kijuku.at\/buehne\/unsichtbar-eine-besondere-rolle\/\">\u201eUnsichtbar\u201c \u2013 eine besondere Rolle | KiJuKu &#8211; Kinder Jugend Kultur Und mehr<\/a><\/p><\/div><div style=\"font-style: normal; font-variant-caps: normal; caret-color: #000000; color: #000000; font-family: Helvetica; font-size: 12px;\"><p class=\"MsoNormal\" style=\"margin: 0cm; font-size: 11pt; font-family: Calibri, sans-serif;\">\u00a0<\/p><\/div><div style=\"font-style: normal; font-variant-caps: normal; caret-color: #000000; color: #000000; font-family: Helvetica; font-size: 12px;\"><p class=\"MsoNormal\" style=\"margin: 0cm; font-size: 11pt; font-family: Calibri, sans-serif;\"><a style=\"color: blue; text-decoration: underline;\" href=\"https:\/\/kijuku.at\/buehne\/lalita-und-junge-frauen-in-afghanistan-sind-mir-sehr-nahe\/\">Lalita und (junge) Frauen in Afghanistan sind mir sehr nahe | KiJuKu &#8211; Kinder Jugend Kultur Und mehr<\/a><\/p><\/div>\t\t\t\t\t\t\t\t<\/div>\n\t\t\t\t<\/div>\n\t\t\t\t\t<\/div>\n\t\t<\/div>\n\t\t\t\t\t<\/div>\n\t\t<\/section>\n\t\t\t\t<div class=\"elementor-element elementor-element-2893ee2 elementor-widget elementor-widget-heading\" data-id=\"2893ee2\" data-element_type=\"widget\" data-e-type=\"widget\" data-widget_type=\"heading.default\">\n\t\t\t\t<div class=\"elementor-widget-container\">\n\t\t\t\t\t<h2 class=\"elementor-heading-title elementor-size-small\">Fotograf: Paulephoto<\/h2>\t\t\t\t<\/div>\n\t\t\t\t<\/div>\n\t\t\t\t\t<\/div>\n\t\t<\/div>\n\t\t\t\t\t<\/div>\n\t\t<\/section>\n\t\t\t\t<\/div>\n\t\t","protected":false},"excerpt":{"rendered":"<p>Wir haben das St\u00fcck im Laufe des Jahres 2021 erarbeitet.\u00a0 In vielen Monaten \u2013 manchmal sehr herausfordernder und emotionaler \u2013 Arbeit, verwandelten unsere afghanischen und iranischen Schauspieler*innen die Ursachen und Umst\u00e4nde ihrer Flucht in Theaterstoff. Wie leider oft bei unseren St\u00fccken, bleibt uns die Realit\u00e4t hart auf den Fersen und hat uns wieder einmal eingeholt.\u00a0 [&hellip;]<\/p>\n","protected":false},"author":1,"featured_media":0,"parent":561,"menu_order":0,"comment_status":"closed","ping_status":"closed","template":"","meta":{"ocean_post_layout":"","ocean_both_sidebars_style":"","ocean_both_sidebars_content_width":0,"ocean_both_sidebars_sidebars_width":0,"ocean_sidebar":"0","ocean_second_sidebar":"0","ocean_disable_margins":"enable","ocean_add_body_class":"","ocean_shortcode_before_top_bar":"","ocean_shortcode_after_top_bar":"","ocean_shortcode_before_header":"","ocean_shortcode_after_header":"","ocean_has_shortcode":"","ocean_shortcode_after_title":"","ocean_shortcode_before_footer_widgets":"","ocean_shortcode_after_footer_widgets":"","ocean_shortcode_before_footer_bottom":"","ocean_shortcode_after_footer_bottom":"","ocean_display_top_bar":"default","ocean_display_header":"default","ocean_header_style":"","ocean_center_header_left_menu":"0","ocean_custom_header_template":"0","ocean_custom_logo":0,"ocean_custom_retina_logo":0,"ocean_custom_logo_max_width":0,"ocean_custom_logo_tablet_max_width":0,"ocean_custom_logo_mobile_max_width":0,"ocean_custom_logo_max_height":0,"ocean_custom_logo_tablet_max_height":0,"ocean_custom_logo_mobile_max_height":0,"ocean_header_custom_menu":"2","ocean_menu_typo_font_family":"0","ocean_menu_typo_font_subset":"","ocean_menu_typo_font_size":0,"ocean_menu_typo_font_size_tablet":0,"ocean_menu_typo_font_size_mobile":0,"ocean_menu_typo_font_size_unit":"px","ocean_menu_typo_font_weight":"","ocean_menu_typo_font_weight_tablet":"","ocean_menu_typo_font_weight_mobile":"","ocean_menu_typo_transform":"","ocean_menu_typo_transform_tablet":"","ocean_menu_typo_transform_mobile":"","ocean_menu_typo_line_height":0,"ocean_menu_typo_line_height_tablet":0,"ocean_menu_typo_line_height_mobile":0,"ocean_menu_typo_line_height_unit":"","ocean_menu_typo_spacing":0,"ocean_menu_typo_spacing_tablet":0,"ocean_menu_typo_spacing_mobile":0,"ocean_menu_typo_spacing_unit":"","ocean_menu_link_color":"","ocean_menu_link_color_hover":"","ocean_menu_link_color_active":"","ocean_menu_link_background":"","ocean_menu_link_hover_background":"","ocean_menu_link_active_background":"","ocean_menu_social_links_bg":"","ocean_menu_social_hover_links_bg":"","ocean_menu_social_links_color":"","ocean_menu_social_hover_links_color":"","ocean_disable_title":"default","ocean_disable_heading":"default","ocean_post_title":"","ocean_post_subheading":"Unsere Premiere von \"Eine Tasche mit Ziba\" fand am 20.1.2022 im Off Theater statt.","ocean_post_title_style":"","ocean_post_title_background_color":"","ocean_post_title_background":0,"ocean_post_title_bg_image_position":"","ocean_post_title_bg_image_attachment":"","ocean_post_title_bg_image_repeat":"","ocean_post_title_bg_image_size":"","ocean_post_title_height":0,"ocean_post_title_bg_overlay":0.5,"ocean_post_title_bg_overlay_color":"","ocean_disable_breadcrumbs":"default","ocean_breadcrumbs_color":"","ocean_breadcrumbs_separator_color":"","ocean_breadcrumbs_links_color":"","ocean_breadcrumbs_links_hover_color":"","ocean_display_footer_widgets":"default","ocean_display_footer_bottom":"default","ocean_custom_footer_template":"0","footnotes":""},"class_list":["post-2277","page","type-page","status-publish","hentry","entry"],"_links":{"self":[{"href":"https:\/\/www.diefremden.at\/wordpress\/index.php?rest_route=\/wp\/v2\/pages\/2277","targetHints":{"allow":["GET"]}}],"collection":[{"href":"https:\/\/www.diefremden.at\/wordpress\/index.php?rest_route=\/wp\/v2\/pages"}],"about":[{"href":"https:\/\/www.diefremden.at\/wordpress\/index.php?rest_route=\/wp\/v2\/types\/page"}],"author":[{"embeddable":true,"href":"https:\/\/www.diefremden.at\/wordpress\/index.php?rest_route=\/wp\/v2\/users\/1"}],"replies":[{"embeddable":true,"href":"https:\/\/www.diefremden.at\/wordpress\/index.php?rest_route=%2Fwp%2Fv2%2Fcomments&post=2277"}],"version-history":[{"count":45,"href":"https:\/\/www.diefremden.at\/wordpress\/index.php?rest_route=\/wp\/v2\/pages\/2277\/revisions"}],"predecessor-version":[{"id":3031,"href":"https:\/\/www.diefremden.at\/wordpress\/index.php?rest_route=\/wp\/v2\/pages\/2277\/revisions\/3031"}],"up":[{"embeddable":true,"href":"https:\/\/www.diefremden.at\/wordpress\/index.php?rest_route=\/wp\/v2\/pages\/561"}],"wp:attachment":[{"href":"https:\/\/www.diefremden.at\/wordpress\/index.php?rest_route=%2Fwp%2Fv2%2Fmedia&parent=2277"}],"curies":[{"name":"wp","href":"https:\/\/api.w.org\/{rel}","templated":true}]}}