{"id":2318,"date":"2023-01-13T11:51:29","date_gmt":"2023-01-13T10:51:29","guid":{"rendered":"https:\/\/www.diefremden.at\/wordpress\/?page_id=2318"},"modified":"2023-01-13T13:54:43","modified_gmt":"2023-01-13T12:54:43","slug":"datenschutzerklaerung","status":"publish","type":"page","link":"https:\/\/www.diefremden.at\/wordpress\/?page_id=2318","title":{"rendered":"Datenschutzerkl\u00e4rung"},"content":{"rendered":"\t\t<div data-elementor-type=\"wp-page\" data-elementor-id=\"2318\" class=\"elementor elementor-2318\" data-elementor-post-type=\"page\">\n\t\t\t\t\t\t<section class=\"elementor-section elementor-top-section elementor-element elementor-element-1709e20 elementor-section-boxed elementor-section-height-default elementor-section-height-default\" data-id=\"1709e20\" data-element_type=\"section\" data-e-type=\"section\">\n\t\t\t\t\t\t<div class=\"elementor-container elementor-column-gap-default\">\n\t\t\t\t\t<div class=\"elementor-column elementor-col-100 elementor-top-column elementor-element elementor-element-53e05a35\" data-id=\"53e05a35\" data-element_type=\"column\" data-e-type=\"column\">\n\t\t\t<div class=\"elementor-widget-wrap elementor-element-populated\">\n\t\t\t\t\t\t<div class=\"elementor-element elementor-element-17b552e elementor-widget elementor-widget-text-editor\" data-id=\"17b552e\" data-element_type=\"widget\" data-e-type=\"widget\" data-widget_type=\"text-editor.default\">\n\t\t\t\t<div class=\"elementor-widget-container\">\n\t\t\t\t\t\t\t\t\t<p><\/p>\n<p><strong>Grundlegende Richtung<\/strong><\/p>\n<p>Die Website und die \u00fcber die Website abrufbaren Newsletter dienen der Information \u00fcber Aktivit\u00e4ten und Entwicklungen von der Theatergruppe Die Fremden.<\/p>\n<p>Links<strong>\u00a0zu externen Seiten<\/strong><br \/>In dieser Website sind Links zu anderen Seiten im Internet gelegt. F\u00fcr alle diese Links gilt: der Herausgeber von www.diefremden.at\u00a0erkl\u00e4rt ausdr\u00fccklich, keinerlei Einfluss auf die Gestaltung und die Inhalte der gelinkten Seiten zu haben, und distanziert sich deshalb hiermit ausdr\u00fccklich von allen Inhalten aller gelinkten Seiten, und macht sich diese Inhalte nicht zu Eigen. Diese Erkl\u00e4rung gilt f\u00fcr alle auf\u00a0www.diefremden.at\u00a0angezeigten Links und f\u00fcr alle Inhalte der Seiten, zu denen die angef\u00fchrten Links f\u00fchren.<\/p>\n<p><strong>Gleichbehandlung<\/strong><br \/>Soweit in dieser Website Personen- und Funktionsbezeichnungen nicht ausdr\u00fccklich in weiblicher und m\u00e4nnlicher Form genannt werden, gelten die sprachlichen Bezeichnungen in m\u00e4nnlicher Form sinngem\u00e4\u00df auch in weiblicher Form und umgekehrt.<\/p>\n<p><strong>DSGVO &#8211; Disclaimer<\/strong><\/p>\n<p>Ihre Daten werden zum Zwecke der Mitgliedschaft, Kurse und des E-Mail Marketings (Newsletter) durch Die Fremden\/www.diefremden.at gespeichert und ausgewertet.<\/p>\n<p>Es werden folgende Daten gespeichert: E-Mail Adresse, IP-Adresse, Opt-In Datum, Vorname, Nachname, weitere freiwillige pers\u00f6nliche Angaben. Ihre Daten werden bis auf Widerruf gespeichert und nach 10 Jahren automatisch gel\u00f6scht, au\u00dfer es gelten abweichende gesetzliche Aufbewahrungsfristen. Sie k\u00f6nnen sich jederzeit unter <a href=\"mailto:diefremden@gmx.at\">diefremden@gmx.at<\/a> \u00fcber Ihre Daten informieren und eine Herausgabe, L\u00f6schung oder Berichtigung beantragen. Dar\u00fcber hinaus haben Sie das Recht, sich an die f\u00fcr Sie zust\u00e4ndige Datenschutzbeh\u00f6rde (z.B. Ihren Landesdatenschutzbeauftragten) zu wenden.<\/p>\n<p>Datenschutzbeauftragter: Sofie Leplae, diefremden@gmx.at<\/p>\n<p>\u00a0<\/p>\n<p><strong>Haftungssausschluss<\/strong><\/p>\n<p><strong>Haftung f\u00fcr Links<\/strong><\/p>\n<p>Unser Angebot enth\u00e4lt Links zu externen Webseiten Dritter, auf deren Inhalte wir keinen Einfluss haben. Deshalb k\u00f6nnen wir f\u00fcr diese fremden Inhalte auch keine Gew\u00e4hr \u00fcbernehmen. F\u00fcr die Inhalte der verlinkten Seiten ist stets der jeweilige Anbieter oder Betreiber der Seiten verantwortlich. Die verlinkten Seiten wurden zum Zeitpunkt der Verlinkung auf m\u00f6gliche Rechtsverst\u00f6\u00dfe \u00fcberpr\u00fcft. Rechtswidrige Inhalte waren zum Zeitpunkt der Verlinkung nicht erkennbar. Eine permanente inhaltliche Kontrolle der verlinkten Seiten ist jedoch ohne konkrete Anhaltspunkte einer Rechtsverletzung nicht zumutbar. Bei Bekanntwerden von Rechtsverletzungen werden wir derartige Links umgehend entfernen.\u00a0<\/p>\n<p><strong>Google Analytics:<\/strong><\/p>\n<p>Diese Website benutzt Google Analytics, einen Webanalysedienst der Google Inc. (\u201eGoogle&#8220;) Google Analytics verwendet sog. \u201eCookies&#8220;, Textdateien, die auf Ihrem Computer gespeichert werden und die eine Analyse der Benutzung der Website durch Sie erm\u00f6glicht. Die durch den Cookie erzeugten Informationen \u00fcber Ihre Benutzung diese Website (einschlie\u00dflich Ihrer IP-Adresse) wird an einen Server von Google in den USA \u00fcbertragen und dort gespeichert. Google wird diese Informationen benutzen, um Ihre Nutzung der Website auszuwerten, um Reports \u00fcber die Websiteaktivit\u00e4ten f\u00fcr die Websitebetreiber zusammenzustellen und um weitere mit der Websitenutzung und der Internetnutzung verbundene Dienstleistungen zu erbringen. Auch wird Google diese Informationen gegebenenfalls an Dritte \u00fcbertragen, sofern dies gesetzlich vorgeschrieben oder soweit Dritte diese Daten im Auftrag von Google verarbeiten. Google wird in keinem Fall Ihre IP-Adresse mit anderen Daten der Google in Verbindung bringen. Sie k\u00f6nnen die Installation der Cookies durch eine entsprechende Einstellung Ihrer Browser Software verhindern; wir weisen Sie jedoch darauf hin, dass Sie in diesem Fall gegebenenfalls nicht s\u00e4mtliche Funktionen dieser Website voll umf\u00e4nglich nutzen k\u00f6nnen. Durch die Nutzung dieser Website erkl\u00e4ren Sie sich mit der Bearbeitung der \u00fcber Sie erhobenen Daten durch Google in der zuvor beschriebenen Art und Weise und zu dem zuvor benannten Zweck einverstanden.<\/p>\n<p><strong>Google Remarketing<\/strong><br \/>Diese Website verwendet Google Remarketing. Google Remarketing ist ein Werbedienst der Google Inc., mit denen vorherige Besucher der Website zielgerichtet beworben werden k\u00f6nnen. Drittanbieter, einschlie\u00dflich Google, schalten Anzeigen auf Webseiten im Internet. Dazu verwenden sie Cookies zum Schalten von Anzeigen auf der Grundlage vorheriger Besuche eines Nutzers auf dieser Webseite. Die Identifikation der Nutzer erfolgt dabei \u00fcber im Webbrowser gesetzte Cookies. Mit Hilfe der Textdateien kann das Nutzerverhalten beim Besuch der Website analysiert und anschlie\u00dfend f\u00fcr gezielte Produktempfehlungen und interessenbasierte Werbung genutzt werden. Wenn Sie keine interessenbasierte Werbung erhalten m\u00f6chten, k\u00f6nnen Sie mit dem Anzeigevorgaben-Manager die Verwendung von Cookies durch Google f\u00fcr diese Zwecke deaktivieren und Anzeigen im Google Display-Netzwerk anpassen, indem sie die Deaktivierungsseite f\u00fcr DoubleClick (Verlinkung: https:\/\/www.google.com\/settings\/u\/0\/ads?hl=de) aufrufen. Alternativ k\u00f6nnen Nutzer die Verwendung von Cookies von Drittanbietern deaktivieren, indem sie die Deaktivierungsseite der Netzwerkwerbeinitiative (Verlinkung: http:\/\/www.networkadvertising.org\/choices) aufrufen oder in den Browsereinstellungen die Verwendung von Cookies deaktivieren. Wir weisen Sie jedoch darauf hin, dass Sie in diesem Fall gegebenenfalls nicht s\u00e4mtliche Funktionen dieser Website voll umf\u00e4nglich nutzen k\u00f6nnen. Durch die Nutzung dieser Website erkl\u00e4ren Sie sich mit der Bearbeitung der \u00fcber Sie erhobenen Daten durch Google in der zuvor beschriebenen Art und Weise und zu dem zuvor benannten Zweck einverstanden. Der Datenerhebung und -speicherung kann jederzeit mit Wirkung f\u00fcr die Zukunft widersprochen werden. Weitere Hinweise zu den Bestimmungen von Google finden Sie\u00a0<a href=\"https:\/\/www.google.com\/intl\/de\/policies\/privacy\/\">hier<\/a>.<\/p>\n<p><strong>\u00a0<\/strong><\/p>\n<p><strong>Facebook Social Plugins:<\/strong><br \/>Unser Internetauftritt verwendet Social Plugins (\u201dPlugins\u201d) des sozialen Netzwerkes facebook.com, welches von der Facebook Inc., 1601 S. California Ave, Palo Alto, CA 94304, USA betrieben wird (\u201dFacebook\u201d). Die Plugins sind mit einem Facebook Logo oder dem Zusatz \u201cFacebook Social Plugin\u201d gekennzeichnet. Wenn Sie eine Webseite unseres Internetauftritts aufrufen, die ein solches Plugin enth\u00e4lt, baut Ihr Browser eine direkte Verbindung mit den Servern von Facebook auf. Der Inhalt des Plugins wird von Facebook direkt an Ihren Browser \u00fcbermittelt und von diesem in die Webseite eingebunden. Durch die Einbindung der Plugins erh\u00e4lt Facebook die Information, dass Sie die entsprechende Seite unseres Internetauftritts aufgerufen haben. Sind Sie bei Facebook eingeloggt, kann Facebook den Besuch Ihrem Facebook-Konto zuordnen. Wenn Sie mit den Plugins interagieren, zum Beispiel den \u201cGef\u00e4llt mir\u201d Button bet\u00e4tigen oder einen Kommentar abgeben, wird die entsprechende Information von Ihrem Browser direkt an Facebook \u00fcbermittelt und dort gespeichert. Zweck und Umfang der Datenerhebung und die weitere Verarbeitung und Nutzung der Daten durch Facebook sowie Ihre diesbez\u00fcglichen Rechte und Einstellungsm\u00f6glichkeiten zum Schutz Ihrer Privatssph\u00e4re entnehmen Sie bitte den Datenschutzhinweisen von Facebook.Wenn Sie nicht m\u00f6chten, dass Facebook \u00fcber unseren Internetauftritt Daten \u00fcber Sie sammelt, m\u00fcssen Sie sich vor Ihrem Besuch unseres Internetauftritts bei Facebook ausloggen.<\/p>\n<p><strong>Google Fonts Lokal Datenschutzerkl\u00e4rung<\/strong><\/p>\n<p>Auf unserer Website nutzen wir Google Fonts der Firma Google Inc. F\u00fcr den europ\u00e4ischen Raum ist das Unternehmen Google Ireland Limited (Gordon House, Barrow Street Dublin 4, Irland) verantwortlich. Wir haben die Google-Schriftarten lokal, d.h. auf unserem Webserver \u2013 nicht auf den Servern von Google \u2013 eingebunden. Dadurch gibt es keine Verbindung zu Google-Servern und somit auch keine Daten\u00fcbertragung oder Speicherung.<\/p>\n<p><strong>Copyright: www.diefremden.at soweit nicht anders vermeldet<\/strong><\/p>\n<p><\/p>\t\t\t\t\t\t\t\t<\/div>\n\t\t\t\t<\/div>\n\t\t\t\t\t<\/div>\n\t\t<\/div>\n\t\t\t\t\t<\/div>\n\t\t<\/section>\n\t\t\t\t<\/div>\n\t\t","protected":false},"excerpt":{"rendered":"<p>Grundlegende Richtung Die Website und die \u00fcber die Website abrufbaren Newsletter dienen der Information \u00fcber Aktivit\u00e4ten und Entwicklungen von der Theatergruppe Die Fremden. Links\u00a0zu externen SeitenIn dieser Website sind Links zu anderen Seiten im Internet gelegt. F\u00fcr alle diese Links gilt: der Herausgeber von www.diefremden.at\u00a0erkl\u00e4rt ausdr\u00fccklich, keinerlei Einfluss auf die Gestaltung und die Inhalte der [&hellip;]<\/p>\n","protected":false},"author":1,"featured_media":0,"parent":0,"menu_order":0,"comment_status":"closed","ping_status":"closed","template":"","meta":{"ocean_post_layout":"","ocean_both_sidebars_style":"","ocean_both_sidebars_content_width":0,"ocean_both_sidebars_sidebars_width":0,"ocean_sidebar":"0","ocean_second_sidebar":"0","ocean_disable_margins":"enable","ocean_add_body_class":"","ocean_shortcode_before_top_bar":"","ocean_shortcode_after_top_bar":"","ocean_shortcode_before_header":"","ocean_shortcode_after_header":"","ocean_has_shortcode":"","ocean_shortcode_after_title":"","ocean_shortcode_before_footer_widgets":"","ocean_shortcode_after_footer_widgets":"","ocean_shortcode_before_footer_bottom":"","ocean_shortcode_after_footer_bottom":"","ocean_display_top_bar":"default","ocean_display_header":"default","ocean_header_style":"","ocean_center_header_left_menu":"0","ocean_custom_header_template":"0","ocean_custom_logo":0,"ocean_custom_retina_logo":0,"ocean_custom_logo_max_width":0,"ocean_custom_logo_tablet_max_width":0,"ocean_custom_logo_mobile_max_width":0,"ocean_custom_logo_max_height":0,"ocean_custom_logo_tablet_max_height":0,"ocean_custom_logo_mobile_max_height":0,"ocean_header_custom_menu":"0","ocean_menu_typo_font_family":"0","ocean_menu_typo_font_subset":"","ocean_menu_typo_font_size":0,"ocean_menu_typo_font_size_tablet":0,"ocean_menu_typo_font_size_mobile":0,"ocean_menu_typo_font_size_unit":"px","ocean_menu_typo_font_weight":"","ocean_menu_typo_font_weight_tablet":"","ocean_menu_typo_font_weight_mobile":"","ocean_menu_typo_transform":"","ocean_menu_typo_transform_tablet":"","ocean_menu_typo_transform_mobile":"","ocean_menu_typo_line_height":0,"ocean_menu_typo_line_height_tablet":0,"ocean_menu_typo_line_height_mobile":0,"ocean_menu_typo_line_height_unit":"","ocean_menu_typo_spacing":0,"ocean_menu_typo_spacing_tablet":0,"ocean_menu_typo_spacing_mobile":0,"ocean_menu_typo_spacing_unit":"","ocean_menu_link_color":"","ocean_menu_link_color_hover":"","ocean_menu_link_color_active":"","ocean_menu_link_background":"","ocean_menu_link_hover_background":"","ocean_menu_link_active_background":"","ocean_menu_social_links_bg":"","ocean_menu_social_hover_links_bg":"","ocean_menu_social_links_color":"","ocean_menu_social_hover_links_color":"","ocean_disable_title":"default","ocean_disable_heading":"default","ocean_post_title":"","ocean_post_subheading":"","ocean_post_title_style":"","ocean_post_title_background_color":"","ocean_post_title_background":0,"ocean_post_title_bg_image_position":"","ocean_post_title_bg_image_attachment":"","ocean_post_title_bg_image_repeat":"","ocean_post_title_bg_image_size":"","ocean_post_title_height":0,"ocean_post_title_bg_overlay":0.5,"ocean_post_title_bg_overlay_color":"","ocean_disable_breadcrumbs":"default","ocean_breadcrumbs_color":"","ocean_breadcrumbs_separator_color":"","ocean_breadcrumbs_links_color":"","ocean_breadcrumbs_links_hover_color":"","ocean_display_footer_widgets":"default","ocean_display_footer_bottom":"default","ocean_custom_footer_template":"0","footnotes":""},"class_list":["post-2318","page","type-page","status-publish","hentry","entry"],"_links":{"self":[{"href":"https:\/\/www.diefremden.at\/wordpress\/index.php?rest_route=\/wp\/v2\/pages\/2318","targetHints":{"allow":["GET"]}}],"collection":[{"href":"https:\/\/www.diefremden.at\/wordpress\/index.php?rest_route=\/wp\/v2\/pages"}],"about":[{"href":"https:\/\/www.diefremden.at\/wordpress\/index.php?rest_route=\/wp\/v2\/types\/page"}],"author":[{"embeddable":true,"href":"https:\/\/www.diefremden.at\/wordpress\/index.php?rest_route=\/wp\/v2\/users\/1"}],"replies":[{"embeddable":true,"href":"https:\/\/www.diefremden.at\/wordpress\/index.php?rest_route=%2Fwp%2Fv2%2Fcomments&post=2318"}],"version-history":[{"count":10,"href":"https:\/\/www.diefremden.at\/wordpress\/index.php?rest_route=\/wp\/v2\/pages\/2318\/revisions"}],"predecessor-version":[{"id":2342,"href":"https:\/\/www.diefremden.at\/wordpress\/index.php?rest_route=\/wp\/v2\/pages\/2318\/revisions\/2342"}],"wp:attachment":[{"href":"https:\/\/www.diefremden.at\/wordpress\/index.php?rest_route=%2Fwp%2Fv2%2Fmedia&parent=2318"}],"curies":[{"name":"wp","href":"https:\/\/api.w.org\/{rel}","templated":true}]}}