{"id":2781,"date":"2025-05-11T15:58:23","date_gmt":"2025-05-11T13:58:23","guid":{"rendered":"https:\/\/www.diefremden.at\/wordpress\/?page_id=2781"},"modified":"2025-12-07T15:02:40","modified_gmt":"2025-12-07T14:02:40","slug":"schtill-here","status":"publish","type":"page","link":"https:\/\/www.diefremden.at\/wordpress\/?page_id=2781","title":{"rendered":"S[ch]till here"},"content":{"rendered":"\t\t<div data-elementor-type=\"wp-page\" data-elementor-id=\"2781\" class=\"elementor elementor-2781\" data-elementor-post-type=\"page\">\n\t\t\t\t\t\t<section class=\"elementor-section elementor-top-section elementor-element elementor-element-8678a25 elementor-section-boxed elementor-section-height-default elementor-section-height-default\" data-id=\"8678a25\" data-element_type=\"section\" data-e-type=\"section\">\n\t\t\t\t\t\t<div class=\"elementor-container elementor-column-gap-default\">\n\t\t\t\t\t<div class=\"elementor-column elementor-col-100 elementor-top-column elementor-element elementor-element-c259d4b\" data-id=\"c259d4b\" data-element_type=\"column\" data-e-type=\"column\">\n\t\t\t<div class=\"elementor-widget-wrap elementor-element-populated\">\n\t\t\t\t\t\t<div class=\"elementor-element elementor-element-fc1715c elementor-widget elementor-widget-heading\" data-id=\"fc1715c\" data-element_type=\"widget\" data-e-type=\"widget\" data-widget_type=\"heading.default\">\n\t\t\t\t<div class=\"elementor-widget-container\">\n\t\t\t\t\t<h2 class=\"elementor-heading-title elementor-size-xxl\">S[ch]till here <\/h2>\t\t\t\t<\/div>\n\t\t\t\t<\/div>\n\t\t\t\t<div class=\"elementor-element elementor-element-c01b97f elementor-widget elementor-widget-text-editor\" data-id=\"c01b97f\" data-element_type=\"widget\" data-e-type=\"widget\" data-widget_type=\"text-editor.default\">\n\t\t\t\t<div class=\"elementor-widget-container\">\n\t\t\t\t\t\t\t\t\t<p><span style=\"caret-color: #000000; color: #000000; font-family: 'Palatino Linotype', 'Book Antiqua', Palatino, serif; font-size: 18px; font-style: normal; font-variant-caps: normal; text-align: center;\">Unsere Premiere von &#8222;S[ch]till here&#8220; fand am 23.11.2023 im Off Theater statt.<\/span><\/p>\t\t\t\t\t\t\t\t<\/div>\n\t\t\t\t<\/div>\n\t\t\t\t<section class=\"elementor-section elementor-inner-section elementor-element elementor-element-64f8d31 elementor-section-boxed elementor-section-height-default elementor-section-height-default\" data-id=\"64f8d31\" data-element_type=\"section\" data-e-type=\"section\">\n\t\t\t\t\t\t<div class=\"elementor-container elementor-column-gap-default\">\n\t\t\t\t\t<div class=\"elementor-column elementor-col-50 elementor-inner-column elementor-element elementor-element-f12e09e\" data-id=\"f12e09e\" data-element_type=\"column\" data-e-type=\"column\">\n\t\t\t<div class=\"elementor-widget-wrap elementor-element-populated\">\n\t\t\t\t\t\t<div class=\"elementor-element elementor-element-6bde1c1 elementor-widget elementor-widget-image\" data-id=\"6bde1c1\" data-element_type=\"widget\" data-e-type=\"widget\" data-widget_type=\"image.default\">\n\t\t\t\t<div class=\"elementor-widget-container\">\n\t\t\t\t\t\t\t\t\t\t\t\t\t\t\t<img fetchpriority=\"high\" decoding=\"async\" width=\"1024\" height=\"726\" src=\"https:\/\/www.diefremden.at\/wordpress\/wp-content\/uploads\/2024\/02\/plakat_schtill_here_quer-1024x726.jpg\" class=\"attachment-large size-large wp-image-2683\" alt=\"\" srcset=\"https:\/\/www.diefremden.at\/wordpress\/wp-content\/uploads\/2024\/02\/plakat_schtill_here_quer-1024x726.jpg 1024w, https:\/\/www.diefremden.at\/wordpress\/wp-content\/uploads\/2024\/02\/plakat_schtill_here_quer-300x213.jpg 300w, https:\/\/www.diefremden.at\/wordpress\/wp-content\/uploads\/2024\/02\/plakat_schtill_here_quer-768x545.jpg 768w, https:\/\/www.diefremden.at\/wordpress\/wp-content\/uploads\/2024\/02\/plakat_schtill_here_quer-1536x1090.jpg 1536w, https:\/\/www.diefremden.at\/wordpress\/wp-content\/uploads\/2024\/02\/plakat_schtill_here_quer.jpg 1748w\" sizes=\"(max-width: 1024px) 100vw, 1024px\" \/>\t\t\t\t\t\t\t\t\t\t\t\t\t\t\t<\/div>\n\t\t\t\t<\/div>\n\t\t\t\t<div class=\"elementor-element elementor-element-1a8e64f elementor-widget elementor-widget-heading\" data-id=\"1a8e64f\" data-element_type=\"widget\" data-e-type=\"widget\" data-widget_type=\"heading.default\">\n\t\t\t\t<div class=\"elementor-widget-container\">\n\t\t\t\t\t<h2 class=\"elementor-heading-title elementor-size-default\">St\u00fcck<\/h2>\t\t\t\t<\/div>\n\t\t\t\t<\/div>\n\t\t\t\t<div class=\"elementor-element elementor-element-1cb869f elementor-widget elementor-widget-text-editor\" data-id=\"1cb869f\" data-element_type=\"widget\" data-e-type=\"widget\" data-widget_type=\"text-editor.default\">\n\t\t\t\t<div class=\"elementor-widget-container\">\n\t\t\t\t\t\t\t\t\t<div style=\"caret-color: #000000; color: #000000; font-style: normal; font-variant-caps: normal;\">Sari w\u00e4chst in Krieg und Armut auf. Ihre alleinerziehende Mutter Nastja k\u00e4mpft ums \u00dcberleben, f\u00fcr Gef\u00fchle ist kein Platz und keine Zeit. Als die jugendliche Sari nach einem heftigen Streit das Land verl\u00e4sst, muss sie auch ihren einzigen Besitz \u2013 ihre Spielzeugkiste \u2013 zur\u00fccklassen, und mit dieser ihre wichtigsten Verb\u00fcndeten gegen ihre Angst und ihre Einsamkeit.<\/div><div style=\"caret-color: #000000; color: #000000; font-style: normal; font-variant-caps: normal;\"><p>Jahre sp\u00e4ter gelingt es Nastja, Kontakt zu ihrer Tochter aufzunehmen. Sari arbeitet im Gro\u00dfhotel eines skrupellosen Bauinvestors. Ihr Alltag ist von Abh\u00e4ngigkeit und Ausbeutung gepr\u00e4gt. Die Hotelmitarbeiter:innen sind selbstbezogen in ihrer eigenen Welt gefangen. Sari versucht ihre Tr\u00e4ume im Auge zu behalten, doch pl\u00f6tzlich verliert sich ihre Spur erneut.<\/p><p>Und niemanden interessiert, wer oder wo sie ist\u2026<\/p><p><b>S[ch]till here<\/b>\u00a0erz\u00e4hlt vom Wunsch nach Freiheit und Unabh\u00e4ngigkeit und von der Sehnsucht, \u00fcber den Kisten-Rand zu schauen.\u00a0Es ist eine Geschichte \u00fcber Ignoranz, Verschwinden und Unsichtbar-Sein. Und \u00fcber das (Nicht)Gesucht-Werden.<\/p><\/div><div style=\"caret-color: #000000; color: #000000; font-style: normal; font-variant-caps: normal;\"><p>Die Eigenproduktion entstand wie alle St\u00fccke der Gruppe unter Einbeziehung pers\u00f6nlicher Erlebnisse und Erfahrungen,\u00a0und wurde zu einer Geschichte, die von verschiedenen Sprachen und Tanz durchzogen ist.\u00a0<\/p><\/div><div style=\"caret-color: #000000; color: #000000; font-style: normal; font-variant-caps: normal;\"><p>Die Spieler:innen der 24. Produktion des Theaterensembles Die Fremden, das 2022 sein 30-j\u00e4hriges B\u00fchnenjubil\u00e4um feierte,\u00a0haben ihre\u00a0Wurzeln in Bulgarien, Belgien, Armenien, Indonesien, Afghanistan, in der Slowakei, im Iran und in \u00d6sterreich.<\/p><\/div><div style=\"caret-color: #000000; color: #000000; font-style: normal; font-variant-caps: normal;\"><p><strong><span lang=\"NL\">Leitung und Regie:<\/span><\/strong><span class=\"apple-converted-space\"><span lang=\"NL\">\u00a0<\/span><\/span><span lang=\"NL\">Dagmar Ransmayr<\/span><\/p><\/div><div style=\"caret-color: #000000; color: #000000; font-style: normal; font-variant-caps: normal;\"><p><strong><span lang=\"NL\">Mitwirkende:<\/span><\/strong><span class=\"apple-converted-space\"><span lang=\"NL\">\u00a0<\/span><\/span><span lang=\"NL\">Armen Abisoghomyan, Dinda Daniar Darussalam, Bojana Djogovic, Garegin Gamazyan, Besmellah Jafari, Sofie Leplae, Yasmin Navid,\u00a0Markus Payer, Katerina Rumenova Jost, Vanda Sokolovic<\/span><\/p><\/div>\t\t\t\t\t\t\t\t<\/div>\n\t\t\t\t<\/div>\n\t\t\t\t<div class=\"elementor-element elementor-element-f0ccce2 elementor-widget elementor-widget-heading\" data-id=\"f0ccce2\" data-element_type=\"widget\" data-e-type=\"widget\" data-widget_type=\"heading.default\">\n\t\t\t\t<div class=\"elementor-widget-container\">\n\t\t\t\t\t<h3 class=\"elementor-heading-title elementor-size-default\">Spieltermine<\/h3>\t\t\t\t<\/div>\n\t\t\t\t<\/div>\n\t\t\t\t<div class=\"elementor-element elementor-element-ca57b1b elementor-widget elementor-widget-text-editor\" data-id=\"ca57b1b\" data-element_type=\"widget\" data-e-type=\"widget\" data-widget_type=\"text-editor.default\">\n\t\t\t\t<div class=\"elementor-widget-container\">\n\t\t\t\t\t\t\t\t\t<p><em style=\"font-size: 14px;\"><span lang=\"EN-US\"><em>18.01.2025, 20.00 Uhr, Off Theater, Wien<\/em><br \/>30.11.2024, 19.30 Uhr, BRUX Innsbruck, Tirol,\u00a0<\/span><\/em><em style=\"font-size: 14px;\"><span lang=\"EN-US\"><a href=\"https:\/\/www.brux.at\/produktionen\/wechselspiel-2024\/\">Programm Wechselspiel Festival <\/a><\/span><\/em><em style=\"font-size: 14px;\"><span lang=\"EN-US\">22.11.2024, 20.30 Uhr, Altes E-Werk, G\u00f6ppingen DE, <a href=\"https:\/\/www.goeppingen.de\/site\/Goeppingen-Internet-2021\/get\/params_E-1934726886\/22949030\/Kurzprogramm%202024.pdf\">Programm G\u00f6ppinger Theatertage <\/a><br \/><\/span><\/em><em><span lang=\"EN-US\">6.11.2024, 19.00 Uhr Universit\u00e4t f\u00fcr Bodenkultur, Wien<br \/>10.10.2024 20.00 Uhr, Off Theater,\u00a0Wien<br \/><\/span><\/em><em><span lang=\"EN-US\">21.9.2024 19.30 Uhr, Pfarrsaal, Vorchdorf\/O\u00d6<b><br \/><\/b><\/span><\/em><em><span lang=\"EN-US\">29.5.2024 20.00 Uhr, Off-Theater Wien<br \/>27.5.2024 19.00 Uhr, Off-Theater, Wien<br \/><\/span><span lang=\"EN-US\">25.5.2024 19.00 Uhr, Pfarrsaal St. Stephan Amstetten\/N\u00d6<br \/><\/span><\/em><em><span lang=\"EN-US\">4.4.2024<\/span><span lang=\"EN-US\">\u00a020.00 Uhr, Off-Theater, Wien<\/span><\/em><strong><span lang=\"EN-US\"><br \/><\/span><\/strong><em><span lang=\"EN-US\">16.3.2024\u00a020.00, Pfarrsaal Bad Schallerbach\/O\u00d6<br \/><\/span>9.3.2024, 20.00 Uhr, Off-Theater, Wien<br \/><\/em><em>26.1.2024, 27.1.2024,\u00a0jeweils 20.00 Uhr, Off-Theater, Wien<br \/><\/em><i style=\"font-size: 14px; color: var( --e-global-color-text );\">25.11.2023, 26.11.2023, Off-Theater, Wien<br \/><\/i><i style=\"font-size: 14px; color: var( --e-global-color-text );\">Premiere\u00a0Freitag\u00a024.11.2023, 20.00 Uhr Off-Theater, Wien<\/i><\/p>\t\t\t\t\t\t\t\t<\/div>\n\t\t\t\t<\/div>\n\t\t\t\t\t<\/div>\n\t\t<\/div>\n\t\t\t\t<div class=\"elementor-column elementor-col-50 elementor-inner-column elementor-element elementor-element-144e8e5\" data-id=\"144e8e5\" data-element_type=\"column\" data-e-type=\"column\">\n\t\t\t<div class=\"elementor-widget-wrap elementor-element-populated\">\n\t\t\t\t\t\t<div class=\"elementor-element elementor-element-29603f7 elementor-widget elementor-widget-heading\" data-id=\"29603f7\" data-element_type=\"widget\" data-e-type=\"widget\" data-widget_type=\"heading.default\">\n\t\t\t\t<div class=\"elementor-widget-container\">\n\t\t\t\t\t<h3 class=\"elementor-heading-title elementor-size-default\">Pressestimmen<\/h3>\t\t\t\t<\/div>\n\t\t\t\t<\/div>\n\t\t\t\t<div class=\"elementor-element elementor-element-cecd092 elementor-widget elementor-widget-text-editor\" data-id=\"cecd092\" data-element_type=\"widget\" data-e-type=\"widget\" data-widget_type=\"text-editor.default\">\n\t\t\t\t<div class=\"elementor-widget-container\">\n\t\t\t\t\t\t\t\t\t<p><a style=\"font-size: 14px;\" href=\"https:\/\/epaper.swp.de\/nwz\/lokale-kultur\/25.11.2024\/87A7D848F3275AC8A711CFCA3EEB78D4\">&#8222;Nicht Sichtbares sichtbar gemacht&#8220; SWP 25.11.2024\u00a0<\/a><\/p><p><img decoding=\"async\" class=\"alignnone size-medium wp-image-2749\" src=\"http:\/\/www.diefremden.at\/wordpress\/wp-content\/uploads\/2024\/12\/Schtill_Here_Artikel_swp-300x258.jpeg\" alt=\"\" width=\"300\" height=\"258\" srcset=\"https:\/\/www.diefremden.at\/wordpress\/wp-content\/uploads\/2024\/12\/Schtill_Here_Artikel_swp-300x258.jpeg 300w, https:\/\/www.diefremden.at\/wordpress\/wp-content\/uploads\/2024\/12\/Schtill_Here_Artikel_swp-1024x880.jpeg 1024w, https:\/\/www.diefremden.at\/wordpress\/wp-content\/uploads\/2024\/12\/Schtill_Here_Artikel_swp-768x660.jpeg 768w, https:\/\/www.diefremden.at\/wordpress\/wp-content\/uploads\/2024\/12\/Schtill_Here_Artikel_swp-1536x1320.jpeg 1536w, https:\/\/www.diefremden.at\/wordpress\/wp-content\/uploads\/2024\/12\/Schtill_Here_Artikel_swp.jpeg 1772w\" sizes=\"(max-width: 300px) 100vw, 300px\" \/><\/p>\t\t\t\t\t\t\t\t<\/div>\n\t\t\t\t<\/div>\n\t\t\t\t<div class=\"elementor-element elementor-element-209121d elementor-widget elementor-widget-text-editor\" data-id=\"209121d\" data-element_type=\"widget\" data-e-type=\"widget\" data-widget_type=\"text-editor.default\">\n\t\t\t\t<div class=\"elementor-widget-container\">\n\t\t\t\t\t\t\t\t\t<p><div class=\"oceanwp-oembed-wrap clr\"><blockquote class=\"wp-embedded-content\" data-secret=\"QwSnEc6fko\"><a href=\"https:\/\/kijuku.at\/buehne\/sklavenarbeit-in-der-schattenwirtschaft-sichtbar-machen\/\">Sklavenarbeit in der Schattenwirtschaft sichtbar machen<\/a><\/blockquote><iframe class=\"wp-embedded-content\" sandbox=\"allow-scripts\" security=\"restricted\" style=\"position: absolute; clip: rect(1px, 1px, 1px, 1px);\" title=\"&#8222;Sklavenarbeit in der Schattenwirtschaft sichtbar machen&#8220; &#8212; KiJuKu\" src=\"https:\/\/kijuku.at\/buehne\/sklavenarbeit-in-der-schattenwirtschaft-sichtbar-machen\/embed\/#?secret=MuDnhBjdKh#?secret=QwSnEc6fko\" data-secret=\"QwSnEc6fko\" width=\"600\" height=\"338\" frameborder=\"0\" marginwidth=\"0\" marginheight=\"0\" scrolling=\"no\"><\/iframe><\/div><\/p>\t\t\t\t\t\t\t\t<\/div>\n\t\t\t\t<\/div>\n\t\t\t\t<div class=\"elementor-element elementor-element-6c9743a elementor-arrows-position-inside elementor-pagination-position-outside elementor-widget elementor-widget-image-carousel\" data-id=\"6c9743a\" data-element_type=\"widget\" data-e-type=\"widget\" data-settings=\"{&quot;slides_to_show&quot;:&quot;1&quot;,&quot;navigation&quot;:&quot;both&quot;,&quot;autoplay&quot;:&quot;yes&quot;,&quot;pause_on_hover&quot;:&quot;yes&quot;,&quot;pause_on_interaction&quot;:&quot;yes&quot;,&quot;autoplay_speed&quot;:5000,&quot;infinite&quot;:&quot;yes&quot;,&quot;effect&quot;:&quot;slide&quot;,&quot;speed&quot;:500}\" data-widget_type=\"image-carousel.default\">\n\t\t\t\t<div class=\"elementor-widget-container\">\n\t\t\t\t\t\t\t<div class=\"elementor-image-carousel-wrapper swiper\" role=\"region\" aria-roledescription=\"carousel\" aria-label=\"Bild Karussell\" dir=\"ltr\">\n\t\t\t<div class=\"elementor-image-carousel swiper-wrapper\" aria-live=\"off\">\n\t\t\t\t\t\t\t\t<div class=\"swiper-slide\" role=\"group\" aria-roledescription=\"slide\" aria-label=\"1 von 10\"><figure class=\"swiper-slide-inner\"><img decoding=\"async\" class=\"swiper-slide-image\" src=\"https:\/\/www.diefremden.at\/wordpress\/wp-content\/uploads\/2023\/11\/IMGP2263-768x511.jpg\" alt=\"IMGP2263\" \/><\/figure><\/div><div class=\"swiper-slide\" role=\"group\" aria-roledescription=\"slide\" aria-label=\"2 von 10\"><figure class=\"swiper-slide-inner\"><img decoding=\"async\" class=\"swiper-slide-image\" src=\"https:\/\/www.diefremden.at\/wordpress\/wp-content\/uploads\/2023\/11\/IMGP2286-768x511.jpg\" alt=\"IMGP2286\" \/><\/figure><\/div><div class=\"swiper-slide\" role=\"group\" aria-roledescription=\"slide\" aria-label=\"3 von 10\"><figure class=\"swiper-slide-inner\"><img decoding=\"async\" class=\"swiper-slide-image\" src=\"https:\/\/www.diefremden.at\/wordpress\/wp-content\/uploads\/2023\/11\/IMGP2111-768x1155.jpg\" alt=\"IMGP2111\" \/><\/figure><\/div><div class=\"swiper-slide\" role=\"group\" aria-roledescription=\"slide\" aria-label=\"4 von 10\"><figure class=\"swiper-slide-inner\"><img decoding=\"async\" class=\"swiper-slide-image\" src=\"https:\/\/www.diefremden.at\/wordpress\/wp-content\/uploads\/2023\/11\/IMGP2059-768x1155.jpg\" alt=\"IMGP2059\" \/><\/figure><\/div><div class=\"swiper-slide\" role=\"group\" aria-roledescription=\"slide\" aria-label=\"5 von 10\"><figure class=\"swiper-slide-inner\"><img decoding=\"async\" class=\"swiper-slide-image\" src=\"https:\/\/www.diefremden.at\/wordpress\/wp-content\/uploads\/2023\/11\/IMGP2127-768x511.jpg\" alt=\"IMGP2127\" \/><\/figure><\/div><div class=\"swiper-slide\" role=\"group\" aria-roledescription=\"slide\" aria-label=\"6 von 10\"><figure class=\"swiper-slide-inner\"><img decoding=\"async\" class=\"swiper-slide-image\" src=\"https:\/\/www.diefremden.at\/wordpress\/wp-content\/uploads\/2023\/11\/IMGP2187-1-768x511.jpg\" alt=\"IMGP2187\" \/><\/figure><\/div><div class=\"swiper-slide\" role=\"group\" aria-roledescription=\"slide\" aria-label=\"7 von 10\"><figure class=\"swiper-slide-inner\"><img decoding=\"async\" class=\"swiper-slide-image\" src=\"https:\/\/www.diefremden.at\/wordpress\/wp-content\/uploads\/2023\/11\/IMGP2260-768x511.jpg\" alt=\"IMGP2260\" \/><\/figure><\/div><div class=\"swiper-slide\" role=\"group\" aria-roledescription=\"slide\" aria-label=\"8 von 10\"><figure class=\"swiper-slide-inner\"><img decoding=\"async\" class=\"swiper-slide-image\" src=\"https:\/\/www.diefremden.at\/wordpress\/wp-content\/uploads\/2023\/11\/IMGP2241-768x1155.jpg\" alt=\"IMGP2241\" \/><\/figure><\/div><div class=\"swiper-slide\" role=\"group\" aria-roledescription=\"slide\" aria-label=\"9 von 10\"><figure class=\"swiper-slide-inner\"><img decoding=\"async\" class=\"swiper-slide-image\" src=\"https:\/\/www.diefremden.at\/wordpress\/wp-content\/uploads\/2023\/11\/IMGP2248-768x1155.jpg\" alt=\"IMGP2248\" \/><\/figure><\/div><div class=\"swiper-slide\" role=\"group\" aria-roledescription=\"slide\" aria-label=\"10 von 10\"><figure class=\"swiper-slide-inner\"><img decoding=\"async\" class=\"swiper-slide-image\" src=\"https:\/\/www.diefremden.at\/wordpress\/wp-content\/uploads\/2023\/11\/IMGP1998-768x511.jpg\" alt=\"IMGP1998\" \/><\/figure><\/div>\t\t\t<\/div>\n\t\t\t\t\t\t\t\t\t\t\t\t<div class=\"elementor-swiper-button elementor-swiper-button-prev\" role=\"button\" tabindex=\"0\">\n\t\t\t\t\t\t<i aria-hidden=\"true\" class=\"eicon-chevron-left\"><\/i>\t\t\t\t\t<\/div>\n\t\t\t\t\t<div class=\"elementor-swiper-button elementor-swiper-button-next\" role=\"button\" tabindex=\"0\">\n\t\t\t\t\t\t<i aria-hidden=\"true\" class=\"eicon-chevron-right\"><\/i>\t\t\t\t\t<\/div>\n\t\t\t\t\n\t\t\t\t\t\t\t\t\t<div class=\"swiper-pagination\"><\/div>\n\t\t\t\t\t\t\t\t\t<\/div>\n\t\t\t\t\t\t<\/div>\n\t\t\t\t<\/div>\n\t\t\t\t\t<\/div>\n\t\t<\/div>\n\t\t\t\t\t<\/div>\n\t\t<\/section>\n\t\t\t\t<section class=\"elementor-section elementor-inner-section elementor-element elementor-element-c8cea77 elementor-section-boxed elementor-section-height-default elementor-section-height-default\" data-id=\"c8cea77\" data-element_type=\"section\" data-e-type=\"section\">\n\t\t\t\t\t\t<div class=\"elementor-container elementor-column-gap-default\">\n\t\t\t\t\t<div class=\"elementor-column elementor-col-50 elementor-inner-column elementor-element elementor-element-90845ab\" data-id=\"90845ab\" data-element_type=\"column\" data-e-type=\"column\">\n\t\t\t<div class=\"elementor-widget-wrap\">\n\t\t\t\t\t\t\t<\/div>\n\t\t<\/div>\n\t\t\t\t<div class=\"elementor-column elementor-col-50 elementor-inner-column elementor-element elementor-element-35d758c\" data-id=\"35d758c\" data-element_type=\"column\" data-e-type=\"column\">\n\t\t\t<div class=\"elementor-widget-wrap\">\n\t\t\t\t\t\t\t<\/div>\n\t\t<\/div>\n\t\t\t\t\t<\/div>\n\t\t<\/section>\n\t\t\t\t\t<\/div>\n\t\t<\/div>\n\t\t\t\t\t<\/div>\n\t\t<\/section>\n\t\t\t\t<\/div>\n\t\t","protected":false},"excerpt":{"rendered":"<p>S[ch]till here Unsere Premiere von &#8222;S[ch]till here&#8220; fand am 23.11.2023 im Off Theater statt. St\u00fcck Sari w\u00e4chst in Krieg und Armut auf. Ihre alleinerziehende Mutter Nastja k\u00e4mpft ums \u00dcberleben, f\u00fcr Gef\u00fchle ist kein Platz und keine Zeit. Als die jugendliche Sari nach einem heftigen Streit das Land verl\u00e4sst, muss sie auch ihren einzigen Besitz \u2013 [&hellip;]<\/p>\n","protected":false},"author":1,"featured_media":0,"parent":561,"menu_order":1,"comment_status":"closed","ping_status":"closed","template":"","meta":{"ocean_post_layout":"","ocean_both_sidebars_style":"","ocean_both_sidebars_content_width":0,"ocean_both_sidebars_sidebars_width":0,"ocean_sidebar":"","ocean_second_sidebar":"","ocean_disable_margins":"enable","ocean_add_body_class":"","ocean_shortcode_before_top_bar":"","ocean_shortcode_after_top_bar":"","ocean_shortcode_before_header":"","ocean_shortcode_after_header":"","ocean_has_shortcode":"","ocean_shortcode_after_title":"","ocean_shortcode_before_footer_widgets":"","ocean_shortcode_after_footer_widgets":"","ocean_shortcode_before_footer_bottom":"","ocean_shortcode_after_footer_bottom":"","ocean_display_top_bar":"default","ocean_display_header":"default","ocean_header_style":"","ocean_center_header_left_menu":"","ocean_custom_header_template":"","ocean_custom_logo":0,"ocean_custom_retina_logo":0,"ocean_custom_logo_max_width":0,"ocean_custom_logo_tablet_max_width":0,"ocean_custom_logo_mobile_max_width":0,"ocean_custom_logo_max_height":0,"ocean_custom_logo_tablet_max_height":0,"ocean_custom_logo_mobile_max_height":0,"ocean_header_custom_menu":"","ocean_menu_typo_font_family":"","ocean_menu_typo_font_subset":"","ocean_menu_typo_font_size":0,"ocean_menu_typo_font_size_tablet":0,"ocean_menu_typo_font_size_mobile":0,"ocean_menu_typo_font_size_unit":"px","ocean_menu_typo_font_weight":"","ocean_menu_typo_font_weight_tablet":"","ocean_menu_typo_font_weight_mobile":"","ocean_menu_typo_transform":"","ocean_menu_typo_transform_tablet":"","ocean_menu_typo_transform_mobile":"","ocean_menu_typo_line_height":0,"ocean_menu_typo_line_height_tablet":0,"ocean_menu_typo_line_height_mobile":0,"ocean_menu_typo_line_height_unit":"","ocean_menu_typo_spacing":0,"ocean_menu_typo_spacing_tablet":0,"ocean_menu_typo_spacing_mobile":0,"ocean_menu_typo_spacing_unit":"","ocean_menu_link_color":"","ocean_menu_link_color_hover":"","ocean_menu_link_color_active":"","ocean_menu_link_background":"","ocean_menu_link_hover_background":"","ocean_menu_link_active_background":"","ocean_menu_social_links_bg":"","ocean_menu_social_hover_links_bg":"","ocean_menu_social_links_color":"","ocean_menu_social_hover_links_color":"","ocean_disable_title":"default","ocean_disable_heading":"default","ocean_post_title":"","ocean_post_subheading":"","ocean_post_title_style":"","ocean_post_title_background_color":"","ocean_post_title_background":0,"ocean_post_title_bg_image_position":"","ocean_post_title_bg_image_attachment":"","ocean_post_title_bg_image_repeat":"","ocean_post_title_bg_image_size":"","ocean_post_title_height":0,"ocean_post_title_bg_overlay":0.5,"ocean_post_title_bg_overlay_color":"","ocean_disable_breadcrumbs":"default","ocean_breadcrumbs_color":"","ocean_breadcrumbs_separator_color":"","ocean_breadcrumbs_links_color":"","ocean_breadcrumbs_links_hover_color":"","ocean_display_footer_widgets":"default","ocean_display_footer_bottom":"default","ocean_custom_footer_template":"","footnotes":""},"class_list":["post-2781","page","type-page","status-publish","hentry","entry"],"_links":{"self":[{"href":"https:\/\/www.diefremden.at\/wordpress\/index.php?rest_route=\/wp\/v2\/pages\/2781","targetHints":{"allow":["GET"]}}],"collection":[{"href":"https:\/\/www.diefremden.at\/wordpress\/index.php?rest_route=\/wp\/v2\/pages"}],"about":[{"href":"https:\/\/www.diefremden.at\/wordpress\/index.php?rest_route=\/wp\/v2\/types\/page"}],"author":[{"embeddable":true,"href":"https:\/\/www.diefremden.at\/wordpress\/index.php?rest_route=\/wp\/v2\/users\/1"}],"replies":[{"embeddable":true,"href":"https:\/\/www.diefremden.at\/wordpress\/index.php?rest_route=%2Fwp%2Fv2%2Fcomments&post=2781"}],"version-history":[{"count":37,"href":"https:\/\/www.diefremden.at\/wordpress\/index.php?rest_route=\/wp\/v2\/pages\/2781\/revisions"}],"predecessor-version":[{"id":2913,"href":"https:\/\/www.diefremden.at\/wordpress\/index.php?rest_route=\/wp\/v2\/pages\/2781\/revisions\/2913"}],"up":[{"embeddable":true,"href":"https:\/\/www.diefremden.at\/wordpress\/index.php?rest_route=\/wp\/v2\/pages\/561"}],"wp:attachment":[{"href":"https:\/\/www.diefremden.at\/wordpress\/index.php?rest_route=%2Fwp%2Fv2%2Fmedia&parent=2781"}],"curies":[{"name":"wp","href":"https:\/\/api.w.org\/{rel}","templated":true}]}}