{"id":529,"date":"2019-07-01T22:01:00","date_gmt":"2019-07-01T20:01:00","guid":{"rendered":"http:\/\/www.diefremden.at\/wordpress\/?page_id=529"},"modified":"2022-01-28T18:31:52","modified_gmt":"2022-01-28T17:31:52","slug":"aktuelle-produktion","status":"publish","type":"page","link":"https:\/\/www.diefremden.at\/wordpress\/?page_id=529","title":{"rendered":"Scherbenberge"},"content":{"rendered":"\t\t<div data-elementor-type=\"wp-post\" data-elementor-id=\"529\" class=\"elementor elementor-529\" data-elementor-post-type=\"page\">\n\t\t\t\t\t\t<section class=\"elementor-section elementor-top-section elementor-element elementor-element-0cc6e1b elementor-section-boxed elementor-section-height-default elementor-section-height-default\" data-id=\"0cc6e1b\" data-element_type=\"section\" data-e-type=\"section\">\n\t\t\t\t\t\t<div class=\"elementor-container elementor-column-gap-default\">\n\t\t\t\t\t<div class=\"elementor-column elementor-col-100 elementor-top-column elementor-element elementor-element-291d612\" data-id=\"291d612\" data-element_type=\"column\" data-e-type=\"column\">\n\t\t\t<div class=\"elementor-widget-wrap elementor-element-populated\">\n\t\t\t\t\t\t<div class=\"elementor-element elementor-element-34dd7f8 elementor-widget elementor-widget-image\" data-id=\"34dd7f8\" data-element_type=\"widget\" data-e-type=\"widget\" data-widget_type=\"image.default\">\n\t\t\t\t<div class=\"elementor-widget-container\">\n\t\t\t\t\t\t\t\t\t\t\t\t\t\t\t<img fetchpriority=\"high\" decoding=\"async\" width=\"640\" height=\"369\" src=\"https:\/\/www.diefremden.at\/wordpress\/wp-content\/uploads\/2019\/10\/2019_SCHERBENBERGE17-1.jpg\" class=\"attachment-large size-large wp-image-1086\" alt=\"\" srcset=\"https:\/\/www.diefremden.at\/wordpress\/wp-content\/uploads\/2019\/10\/2019_SCHERBENBERGE17-1.jpg 640w, https:\/\/www.diefremden.at\/wordpress\/wp-content\/uploads\/2019\/10\/2019_SCHERBENBERGE17-1-300x173.jpg 300w\" sizes=\"(max-width: 640px) 100vw, 640px\" \/>\t\t\t\t\t\t\t\t\t\t\t\t\t\t\t<\/div>\n\t\t\t\t<\/div>\n\t\t\t\t\t<\/div>\n\t\t<\/div>\n\t\t\t\t\t<\/div>\n\t\t<\/section>\n\t\t\t\t<section class=\"elementor-section elementor-top-section elementor-element elementor-element-59c29f5 elementor-section-boxed elementor-section-height-default elementor-section-height-default\" data-id=\"59c29f5\" data-element_type=\"section\" data-e-type=\"section\">\n\t\t\t\t\t\t<div class=\"elementor-container elementor-column-gap-default\">\n\t\t\t\t\t<div class=\"elementor-column elementor-col-100 elementor-top-column elementor-element elementor-element-1500e9b\" data-id=\"1500e9b\" data-element_type=\"column\" data-e-type=\"column\">\n\t\t\t<div class=\"elementor-widget-wrap elementor-element-populated\">\n\t\t\t\t\t\t<div class=\"elementor-element elementor-element-c486c9e elementor-widget elementor-widget-text-editor\" data-id=\"c486c9e\" data-element_type=\"widget\" data-e-type=\"widget\" data-widget_type=\"text-editor.default\">\n\t\t\t\t<div class=\"elementor-widget-container\">\n\t\t\t\t\t\t\t\t\t<p><span style=\"font-size: 14px;\">Lydia und Feliks sind mit ihrem jugendlichen Sohn Ilyas aus Ihrer Heimat geflohen, ihr \u00e4lterer Junge Jannis ist im B\u00fcrgerkriegsland vermisst. W\u00e4hrend Feliks sich dankbar und unterw\u00fcrfig anzupassen versucht, kann Lydia vieles nicht hinnehmen und m\u00f6chte sich den zahlreichen Dem\u00fctigungen wider<\/span><span style=\"font-size: 14px;\">setzen. Als dann auch der j\u00fcngere Sohn \u2013 ihrer Meinung nach unschuldig \u2013 verurteilt wird, zweifelt sie massiv an der Geborgenheit, von der Feliks immer spricht und die ihr das neue Land bieten sollte.<\/span><\/p><p>Die Er\u00f6ffnung des Museums f\u00fcr Sicherheit \u2013 ein Prestigeprojekt des neuen Heimatlandes \u2013 bekommt f\u00fcr Lydia besondere Bedeutung, aber auch f\u00fcr alle weiteren ProtagonistInnen der Geschichte. Sie blicken dem Er\u00f6ffnungstag mit unterschiedlichen Spannungen und Gef\u00fchlen entgegen. F\u00fcr den\u00a0Museumstechniker Klaus, der durch den neuen Direktor auch wegen seiner ausl\u00e4ndischen Frau zunehmend unter Druck ger\u00e4t, ist der Er\u00f6ffnungstag eine gro\u00dfe Belastung, f\u00fcr eine junge Staatsanw\u00e4ltin ist es der Tag, an dem sie sich endg\u00fcltig profilieren will und f\u00fcr die VertreterInnen der Politik ein willkommenes, internationales Medienspektakel.<\/p><p>Lydia sucht nach Wahrheit und Gerechtigkeit, sie will gesehen und geh\u00f6rt werden. Die Er\u00f6ffnung kommt ihr durchaus gelegen &#8230;<\/p><p>\u00bbScherbenberge\u00ab ist die Geschichte einer Suche \u2013 nach zur\u00fcckgelassener und neuer Heimat, nach Sicherheit und Identit\u00e4t. Sie entstand \u2013 wie alle Produktionen der Gruppe \u2013 unter Einbeziehung vieler pers\u00f6nlicher Erlebnisse, Begegnungen und Erfahrungen.<\/p>\t\t\t\t\t\t\t\t<\/div>\n\t\t\t\t<\/div>\n\t\t\t\t<section class=\"elementor-section elementor-inner-section elementor-element elementor-element-54e52f0 elementor-section-boxed elementor-section-height-default elementor-section-height-default\" data-id=\"54e52f0\" data-element_type=\"section\" data-e-type=\"section\">\n\t\t\t\t\t\t<div class=\"elementor-container elementor-column-gap-default\">\n\t\t\t\t\t<div class=\"elementor-column elementor-col-50 elementor-inner-column elementor-element elementor-element-03f0e19\" data-id=\"03f0e19\" data-element_type=\"column\" data-e-type=\"column\">\n\t\t\t<div class=\"elementor-widget-wrap elementor-element-populated\">\n\t\t\t\t\t\t<div class=\"elementor-element elementor-element-a368989 elementor-widget elementor-widget-heading\" data-id=\"a368989\" data-element_type=\"widget\" data-e-type=\"widget\" data-widget_type=\"heading.default\">\n\t\t\t\t<div class=\"elementor-widget-container\">\n\t\t\t\t\t<h2 class=\"elementor-heading-title elementor-size-default\">Trailer<\/h2>\t\t\t\t<\/div>\n\t\t\t\t<\/div>\n\t\t\t\t<div class=\"elementor-element elementor-element-dcd29fb elementor-widget elementor-widget-video\" data-id=\"dcd29fb\" data-element_type=\"widget\" data-e-type=\"widget\" data-settings=\"{&quot;youtube_url&quot;:&quot;https:\\\/\\\/www.youtube.com\\\/watch?v=rEKhmQbQyec&amp;t=5s&quot;,&quot;autoplay&quot;:&quot;yes&quot;,&quot;mute&quot;:&quot;yes&quot;,&quot;loop&quot;:&quot;yes&quot;,&quot;video_type&quot;:&quot;youtube&quot;,&quot;controls&quot;:&quot;yes&quot;}\" data-widget_type=\"video.default\">\n\t\t\t\t<div class=\"elementor-widget-container\">\n\t\t\t\t\t\t\t<div class=\"elementor-wrapper elementor-open-inline\">\n\t\t\t<div class=\"elementor-video\"><\/div>\t\t<\/div>\n\t\t\t\t\t\t<\/div>\n\t\t\t\t<\/div>\n\t\t\t\t<div class=\"elementor-element elementor-element-114b6ed elementor-widget elementor-widget-video\" data-id=\"114b6ed\" data-element_type=\"widget\" data-e-type=\"widget\" data-settings=\"{&quot;youtube_url&quot;:&quot;https:\\\/\\\/youtu.be\\\/yopzh38F1js&quot;,&quot;video_type&quot;:&quot;youtube&quot;,&quot;controls&quot;:&quot;yes&quot;}\" data-widget_type=\"video.default\">\n\t\t\t\t<div class=\"elementor-widget-container\">\n\t\t\t\t\t\t\t<div class=\"elementor-wrapper elementor-open-inline\">\n\t\t\t<div class=\"elementor-video\"><\/div>\t\t<\/div>\n\t\t\t\t\t\t<\/div>\n\t\t\t\t<\/div>\n\t\t\t\t<div class=\"elementor-element elementor-element-d9768c5 elementor-widget elementor-widget-heading\" data-id=\"d9768c5\" data-element_type=\"widget\" data-e-type=\"widget\" data-widget_type=\"heading.default\">\n\t\t\t\t<div class=\"elementor-widget-container\">\n\t\t\t\t\t<h2 class=\"elementor-heading-title elementor-size-default\">Auff\u00fchrungen und Premiere<\/h2>\t\t\t\t<\/div>\n\t\t\t\t<\/div>\n\t\t\t\t<div class=\"elementor-element elementor-element-3fa7c23 elementor-widget elementor-widget-text-editor\" data-id=\"3fa7c23\" data-element_type=\"widget\" data-e-type=\"widget\" data-widget_type=\"text-editor.default\">\n\t\t\t\t<div class=\"elementor-widget-container\">\n\t\t\t\t\t\t\t\t\t<ul><li><span style=\"font-size: 14px;\">11. Mai 2019, 20:00 Uhr, Off Theater, 1070 Wien \u00a0(Premiere)<\/span><\/li><li><span style=\"font-size: 14px;\">12. Mai 2019, 20:00 Uhr, Off Theater, 1070 Wien \u00a0<\/span><\/li><li><span style=\"font-size: 14px;\">15. Mai 2019, 20:00 Uhr, Off Theater, 1070 Wien\u00a0<\/span><\/li><li><span style=\"font-size: 14px;\">18. Mai 2019, 20:00 Uhr, Off Theater, 1070 Wien\u00a0<\/span><\/li><li><span style=\"font-size: 14px;\">20. Juni 2019, 19:30 Uhr, Blumenegghalle, 6713 Ludesch, Vorarlberg\u00a0<\/span><span style=\"font-size: 14px;\">im Rahmen des Theaterfestivals schauplatz.theater<\/span><\/li><li><span style=\"font-size: 14px;\"><span style=\"font-family: Tahoma, sans-serif; font-size: 14px; font-style: normal; font-variant-caps: normal;\">24. Oktober 2019, 20:00 Uhr, Off Theater, Wien<\/span><\/span><\/li><li><span style=\"font-size: 14px;\"><span style=\"font-family: Tahoma, sans-serif; font-size: 14px; font-style: normal; font-variant-caps: normal;\">25. Oktober 2019, 20:00 Uhr, Off Theater, Wien<\/span><\/span><\/li><li><span style=\"font-size: 14px;\"><span style=\"font-family: Tahoma, sans-serif; font-size: 14px; font-style: normal; font-variant-caps: normal;\">9. November 2019, Bad Schallerbach (O\u00d6), Pfarrheim<\/span><\/span><\/li><li><span style=\"font-size: 14px;\"><span style=\"font-family: Tahoma, sans-serif; font-size: 14px; font-style: normal; font-variant-caps: normal;\">14. November 2019, 20:00 Uhr, Off Theater, Wien\u00a0<\/span><\/span><\/li><li><span style=\"font-size: 14px;\"><span style=\"font-family: Tahoma, sans-serif; font-size: 14px; font-style: normal; font-variant-caps: normal;\">15. November 2019, 20:00 Uhr, Off Theater, Wien\u00a0<\/span><\/span><\/li><li><span style=\"font-size: 14px;\"><span style=\"font-family: Tahoma, sans-serif; font-size: 14px; font-style: normal; font-variant-caps: normal;\">16. November 2019, 20:00 Uhr, Off Theater, Wien<\/span><\/span><\/li><li><a href=\"http:\/\/www.weltladen-vorchdorf.at\/scherbenberge\/\">29. Februar 2020, 20:00 Uhr, Pfarrsaal , 4655 Vorchdorf<\/a><\/li><li>9. Oktober 2020,\u00a0<span style=\"font-family: Tahoma, sans-serif; font-size: 14px; font-style: normal; font-variant-caps: normal;\">20:00 Uhr, Off Theater, Wien<\/span><\/li><li><span style=\"font-family: Tahoma, sans-serif; font-size: 14px; font-style: normal; font-variant-caps: normal;\">10.\u00a0<\/span><span style=\"font-family: Tahoma, sans-serif; font-size: 14px; font-style: normal; font-variant-caps: normal;\">Oktober 2020,\u00a0<\/span><span style=\"font-variant-caps: normal; font-family: Tahoma, sans-serif; font-size: 14px; font-style: normal;\">20:00 Uhr, Off Theater, Wien<\/span><\/li><\/ul><p><span style=\"font-family: Tahoma, sans-serif; font-size: 14px;\">Off Theater, Kirchengasse 41, 1070 Wien<\/span><\/p>\t\t\t\t\t\t\t\t<\/div>\n\t\t\t\t<\/div>\n\t\t\t\t\t<\/div>\n\t\t<\/div>\n\t\t\t\t<div class=\"elementor-column elementor-col-50 elementor-inner-column elementor-element elementor-element-b888008\" data-id=\"b888008\" data-element_type=\"column\" data-e-type=\"column\">\n\t\t\t<div class=\"elementor-widget-wrap elementor-element-populated\">\n\t\t\t\t\t\t<div class=\"elementor-element elementor-element-4322b6e elementor-widget elementor-widget-heading\" data-id=\"4322b6e\" data-element_type=\"widget\" data-e-type=\"widget\" data-widget_type=\"heading.default\">\n\t\t\t\t<div class=\"elementor-widget-container\">\n\t\t\t\t\t<h2 class=\"elementor-heading-title elementor-size-default\">Leitung und Regie<\/h2>\t\t\t\t<\/div>\n\t\t\t\t<\/div>\n\t\t\t\t<div class=\"elementor-element elementor-element-aafbe22 elementor-widget elementor-widget-text-editor\" data-id=\"aafbe22\" data-element_type=\"widget\" data-e-type=\"widget\" data-widget_type=\"text-editor.default\">\n\t\t\t\t<div class=\"elementor-widget-container\">\n\t\t\t\t\t\t\t\t\t<p>Dagmar Ransmayr<\/p>\t\t\t\t\t\t\t\t<\/div>\n\t\t\t\t<\/div>\n\t\t\t\t<div class=\"elementor-element elementor-element-fbb39dc elementor-widget elementor-widget-heading\" data-id=\"fbb39dc\" data-element_type=\"widget\" data-e-type=\"widget\" data-widget_type=\"heading.default\">\n\t\t\t\t<div class=\"elementor-widget-container\">\n\t\t\t\t\t<h2 class=\"elementor-heading-title elementor-size-default\">SpielerInnen<\/h2>\t\t\t\t<\/div>\n\t\t\t\t<\/div>\n\t\t\t\t<div class=\"elementor-element elementor-element-f8e514e elementor-widget elementor-widget-text-editor\" data-id=\"f8e514e\" data-element_type=\"widget\" data-e-type=\"widget\" data-widget_type=\"text-editor.default\">\n\t\t\t\t<div class=\"elementor-widget-container\">\n\t\t\t\t\t\t\t\t\t<p>Armen Abisoghomyan, Rabia Alizada, Garegin Gamazyan, Osas Imafidon, Sofie Leplae, Niloofar Nadimi, Tomasz Nowak, Markus Payer, Maisam Rahimi, Katerina Rumenova-Jost, Vanda Sokolovic<\/p><p>Die SpielerInnen der 22. Produktion der Theatergruppe die Fremden haben ihre Wurzeln in der Slowakei, in Bulgarien, Polen, Belgien, Armenien, Nigeria, Afghanistan, im Iran und in \u00d6sterreich.<\/p>\t\t\t\t\t\t\t\t<\/div>\n\t\t\t\t<\/div>\n\t\t\t\t<div class=\"elementor-element elementor-element-fe00797 elementor-widget elementor-widget-heading\" data-id=\"fe00797\" data-element_type=\"widget\" data-e-type=\"widget\" data-widget_type=\"heading.default\">\n\t\t\t\t<div class=\"elementor-widget-container\">\n\t\t\t\t\t<h2 class=\"elementor-heading-title elementor-size-default\">Pressestimmen<\/h2>\t\t\t\t<\/div>\n\t\t\t\t<\/div>\n\t\t\t\t<div class=\"elementor-element elementor-element-3c37731 elementor-widget elementor-widget-text-editor\" data-id=\"3c37731\" data-element_type=\"widget\" data-e-type=\"widget\" data-widget_type=\"text-editor.default\">\n\t\t\t\t<div class=\"elementor-widget-container\">\n\t\t\t\t\t\t\t\t\t<p><span style=\"color: #0000ff;\"><a style=\"color: #0000ff;\" href=\"https:\/\/kurier.at\/kiku\/kaempferin-beschwichtiger-karrieristin\/400491958\"><strong>K\u00e4mpferin, Beschwichtiger, Karrieristin<br \/><\/strong>Unterschiedlicher Umgang mit Ungerechtigkeit in \u201eScherbenberge\u201c, dem j\u00fcngsten St\u00fcck der Theatergruppe \u201eDie Fremden\u201c. (Kurier online, 13.05.2019, Heinz Wagner)<\/a><\/span><\/p><p>\u00a0<\/p><p>\u00a0<\/p>\t\t\t\t\t\t\t\t<\/div>\n\t\t\t\t<\/div>\n\t\t\t\t<div class=\"elementor-element elementor-element-7516832 elementor-widget elementor-widget-image\" data-id=\"7516832\" data-element_type=\"widget\" data-e-type=\"widget\" data-widget_type=\"image.default\">\n\t\t\t\t<div class=\"elementor-widget-container\">\n\t\t\t\t\t\t\t\t\t\t\t\t\t\t\t<img decoding=\"async\" width=\"720\" height=\"960\" src=\"https:\/\/www.diefremden.at\/wordpress\/wp-content\/uploads\/2019\/12\/64927322_2535822423118730_8809363839792447488_n.jpg\" class=\"attachment-large size-large wp-image-1165\" alt=\"\" srcset=\"https:\/\/www.diefremden.at\/wordpress\/wp-content\/uploads\/2019\/12\/64927322_2535822423118730_8809363839792447488_n.jpg 720w, https:\/\/www.diefremden.at\/wordpress\/wp-content\/uploads\/2019\/12\/64927322_2535822423118730_8809363839792447488_n-225x300.jpg 225w\" sizes=\"(max-width: 720px) 100vw, 720px\" \/>\t\t\t\t\t\t\t\t\t\t\t\t\t\t\t<\/div>\n\t\t\t\t<\/div>\n\t\t\t\t\t<\/div>\n\t\t<\/div>\n\t\t\t\t\t<\/div>\n\t\t<\/section>\n\t\t\t\t\t<\/div>\n\t\t<\/div>\n\t\t\t\t\t<\/div>\n\t\t<\/section>\n\t\t\t\t<section class=\"elementor-section elementor-top-section elementor-element elementor-element-7881293 elementor-section-boxed elementor-section-height-default elementor-section-height-default\" data-id=\"7881293\" data-element_type=\"section\" data-e-type=\"section\">\n\t\t\t\t\t\t<div class=\"elementor-container elementor-column-gap-default\">\n\t\t\t\t\t<div class=\"elementor-column elementor-col-100 elementor-top-column elementor-element elementor-element-e7c660d\" data-id=\"e7c660d\" data-element_type=\"column\" data-e-type=\"column\">\n\t\t\t<div class=\"elementor-widget-wrap elementor-element-populated\">\n\t\t\t\t\t\t<div class=\"elementor-element elementor-element-8cda645 elementor-arrows-position-inside elementor-pagination-position-outside elementor-widget elementor-widget-image-carousel\" data-id=\"8cda645\" data-element_type=\"widget\" data-e-type=\"widget\" data-settings=\"{&quot;slides_to_show&quot;:&quot;1&quot;,&quot;navigation&quot;:&quot;both&quot;,&quot;autoplay&quot;:&quot;yes&quot;,&quot;pause_on_hover&quot;:&quot;yes&quot;,&quot;pause_on_interaction&quot;:&quot;yes&quot;,&quot;autoplay_speed&quot;:5000,&quot;infinite&quot;:&quot;yes&quot;,&quot;effect&quot;:&quot;slide&quot;,&quot;speed&quot;:500}\" data-widget_type=\"image-carousel.default\">\n\t\t\t\t<div class=\"elementor-widget-container\">\n\t\t\t\t\t\t\t<div class=\"elementor-image-carousel-wrapper swiper\" role=\"region\" aria-roledescription=\"carousel\" aria-label=\"Bild Karussell\" dir=\"ltr\">\n\t\t\t<div class=\"elementor-image-carousel swiper-wrapper\" aria-live=\"off\">\n\t\t\t\t\t\t\t\t<div class=\"swiper-slide\" role=\"group\" aria-roledescription=\"slide\" aria-label=\"1 von 12\"><figure class=\"swiper-slide-inner\"><img decoding=\"async\" class=\"swiper-slide-image\" src=\"https:\/\/www.diefremden.at\/wordpress\/wp-content\/uploads\/2019\/07\/Ludesch-2019-139-von-154-768x513.jpg\" alt=\"Scherbenberge\" \/><\/figure><\/div><div class=\"swiper-slide\" role=\"group\" aria-roledescription=\"slide\" aria-label=\"2 von 12\"><figure class=\"swiper-slide-inner\"><img decoding=\"async\" class=\"swiper-slide-image\" src=\"https:\/\/www.diefremden.at\/wordpress\/wp-content\/uploads\/2019\/10\/2019_SCHERBENBERGE14.jpg\" alt=\"Scherbenberge\" \/><\/figure><\/div><div class=\"swiper-slide\" role=\"group\" aria-roledescription=\"slide\" aria-label=\"3 von 12\"><figure class=\"swiper-slide-inner\"><img decoding=\"async\" class=\"swiper-slide-image\" src=\"https:\/\/www.diefremden.at\/wordpress\/wp-content\/uploads\/2019\/10\/2019_SCHERBENBERGE13.jpg\" alt=\"2019_SCHERBENBERGE13\" \/><\/figure><\/div><div class=\"swiper-slide\" role=\"group\" aria-roledescription=\"slide\" aria-label=\"4 von 12\"><figure class=\"swiper-slide-inner\"><img decoding=\"async\" class=\"swiper-slide-image\" src=\"https:\/\/www.diefremden.at\/wordpress\/wp-content\/uploads\/2019\/10\/2019_SCHERBENBERGE9.jpg\" alt=\"2019_SCHERBENBERGE9\" \/><\/figure><\/div><div class=\"swiper-slide\" role=\"group\" aria-roledescription=\"slide\" aria-label=\"5 von 12\"><figure class=\"swiper-slide-inner\"><img decoding=\"async\" class=\"swiper-slide-image\" src=\"https:\/\/www.diefremden.at\/wordpress\/wp-content\/uploads\/2019\/10\/2019_SCHERBENBERGE16.jpg\" alt=\"2019_SCHERBENBERGE16\" \/><\/figure><\/div><div class=\"swiper-slide\" role=\"group\" aria-roledescription=\"slide\" aria-label=\"6 von 12\"><figure class=\"swiper-slide-inner\"><img decoding=\"async\" class=\"swiper-slide-image\" src=\"https:\/\/www.diefremden.at\/wordpress\/wp-content\/uploads\/2019\/10\/2019_SCHERBENBERGE10.jpg\" alt=\"2019_SCHERBENBERGE10\" \/><\/figure><\/div><div class=\"swiper-slide\" role=\"group\" aria-roledescription=\"slide\" aria-label=\"7 von 12\"><figure class=\"swiper-slide-inner\"><img decoding=\"async\" class=\"swiper-slide-image\" src=\"https:\/\/www.diefremden.at\/wordpress\/wp-content\/uploads\/2019\/10\/2019_SCHERBENBERGE12.jpg\" alt=\"Scherbenberge\" \/><\/figure><\/div><div class=\"swiper-slide\" role=\"group\" aria-roledescription=\"slide\" aria-label=\"8 von 12\"><figure class=\"swiper-slide-inner\"><img decoding=\"async\" class=\"swiper-slide-image\" src=\"https:\/\/www.diefremden.at\/wordpress\/wp-content\/uploads\/2019\/10\/2019_SCHERBENBERGE1.jpg\" alt=\"Scherbenberge\" \/><\/figure><\/div><div class=\"swiper-slide\" role=\"group\" aria-roledescription=\"slide\" aria-label=\"9 von 12\"><figure class=\"swiper-slide-inner\"><img decoding=\"async\" class=\"swiper-slide-image\" src=\"https:\/\/www.diefremden.at\/wordpress\/wp-content\/uploads\/2019\/10\/2019_SCHERBENBERGE15.jpg\" alt=\"2019_SCHERBENBERGE15\" \/><\/figure><\/div><div class=\"swiper-slide\" role=\"group\" aria-roledescription=\"slide\" aria-label=\"10 von 12\"><figure class=\"swiper-slide-inner\"><img decoding=\"async\" class=\"swiper-slide-image\" src=\"https:\/\/www.diefremden.at\/wordpress\/wp-content\/uploads\/2019\/10\/2019_SCHERBENBERGE3.jpg\" alt=\"Scherbenberge\" \/><\/figure><\/div><div class=\"swiper-slide\" role=\"group\" aria-roledescription=\"slide\" aria-label=\"11 von 12\"><figure class=\"swiper-slide-inner\"><img decoding=\"async\" class=\"swiper-slide-image\" src=\"https:\/\/www.diefremden.at\/wordpress\/wp-content\/uploads\/2019\/10\/2019_SCHERBENBERGE2.jpg\" alt=\"Scherbenberge\" \/><\/figure><\/div><div class=\"swiper-slide\" role=\"group\" aria-roledescription=\"slide\" aria-label=\"12 von 12\"><figure class=\"swiper-slide-inner\"><img decoding=\"async\" class=\"swiper-slide-image\" src=\"https:\/\/www.diefremden.at\/wordpress\/wp-content\/uploads\/2019\/10\/2019_SCHERBENBERGE4.jpg\" alt=\"Scherbenberge\" \/><\/figure><\/div>\t\t\t<\/div>\n\t\t\t\t\t\t\t\t\t\t\t\t<div class=\"elementor-swiper-button elementor-swiper-button-prev\" role=\"button\" tabindex=\"0\">\n\t\t\t\t\t\t<i aria-hidden=\"true\" class=\"eicon-chevron-left\"><\/i>\t\t\t\t\t<\/div>\n\t\t\t\t\t<div class=\"elementor-swiper-button elementor-swiper-button-next\" role=\"button\" tabindex=\"0\">\n\t\t\t\t\t\t<i aria-hidden=\"true\" class=\"eicon-chevron-right\"><\/i>\t\t\t\t\t<\/div>\n\t\t\t\t\n\t\t\t\t\t\t\t\t\t<div class=\"swiper-pagination\"><\/div>\n\t\t\t\t\t\t\t\t\t<\/div>\n\t\t\t\t\t\t<\/div>\n\t\t\t\t<\/div>\n\t\t\t\t\t<\/div>\n\t\t<\/div>\n\t\t\t\t\t<\/div>\n\t\t<\/section>\n\t\t\t\t<\/div>\n\t\t","protected":false},"excerpt":{"rendered":"<p>Lydia und Feliks sind mit ihrem jugendlichen Sohn Ilyas aus Ihrer Heimat geflohen, ihr \u00e4lterer Junge Jannis ist im B\u00fcrgerkriegsland vermisst. W\u00e4hrend Feliks sich dankbar und unterw\u00fcrfig anzupassen versucht, kann Lydia vieles nicht hinnehmen und m\u00f6chte sich den zahlreichen Dem\u00fctigungen widersetzen. Als dann auch der j\u00fcngere Sohn \u2013 ihrer Meinung nach unschuldig \u2013 verurteilt wird, [&hellip;]<\/p>\n","protected":false},"author":1,"featured_media":0,"parent":561,"menu_order":0,"comment_status":"closed","ping_status":"closed","template":"","meta":{"ocean_post_layout":"full-width","ocean_both_sidebars_style":"","ocean_both_sidebars_content_width":0,"ocean_both_sidebars_sidebars_width":0,"ocean_sidebar":"0","ocean_second_sidebar":"0","ocean_disable_margins":"enable","ocean_add_body_class":"","ocean_shortcode_before_top_bar":"","ocean_shortcode_after_top_bar":"","ocean_shortcode_before_header":"","ocean_shortcode_after_header":"","ocean_has_shortcode":"","ocean_shortcode_after_title":"","ocean_shortcode_before_footer_widgets":"","ocean_shortcode_after_footer_widgets":"","ocean_shortcode_before_footer_bottom":"","ocean_shortcode_after_footer_bottom":"","ocean_display_top_bar":"off","ocean_display_header":"on","ocean_header_style":"","ocean_center_header_left_menu":"0","ocean_custom_header_template":"0","ocean_custom_logo":0,"ocean_custom_retina_logo":0,"ocean_custom_logo_max_width":0,"ocean_custom_logo_tablet_max_width":0,"ocean_custom_logo_mobile_max_width":0,"ocean_custom_logo_max_height":0,"ocean_custom_logo_tablet_max_height":0,"ocean_custom_logo_mobile_max_height":0,"ocean_header_custom_menu":"0","ocean_menu_typo_font_family":"0","ocean_menu_typo_font_subset":"","ocean_menu_typo_font_size":0,"ocean_menu_typo_font_size_tablet":0,"ocean_menu_typo_font_size_mobile":0,"ocean_menu_typo_font_size_unit":"px","ocean_menu_typo_font_weight":"","ocean_menu_typo_font_weight_tablet":"","ocean_menu_typo_font_weight_mobile":"","ocean_menu_typo_transform":"","ocean_menu_typo_transform_tablet":"","ocean_menu_typo_transform_mobile":"","ocean_menu_typo_line_height":0,"ocean_menu_typo_line_height_tablet":0,"ocean_menu_typo_line_height_mobile":0,"ocean_menu_typo_line_height_unit":"","ocean_menu_typo_spacing":0,"ocean_menu_typo_spacing_tablet":0,"ocean_menu_typo_spacing_mobile":0,"ocean_menu_typo_spacing_unit":"","ocean_menu_link_color":"","ocean_menu_link_color_hover":"","ocean_menu_link_color_active":"","ocean_menu_link_background":"","ocean_menu_link_hover_background":"","ocean_menu_link_active_background":"","ocean_menu_social_links_bg":"","ocean_menu_social_hover_links_bg":"","ocean_menu_social_links_color":"","ocean_menu_social_hover_links_color":"","ocean_disable_title":"enable","ocean_disable_heading":"enable","ocean_post_title":"","ocean_post_subheading":"Premiere am 11. Mai 2019, Off Theater, Wien","ocean_post_title_style":"","ocean_post_title_background_color":"","ocean_post_title_background":0,"ocean_post_title_bg_image_position":"","ocean_post_title_bg_image_attachment":"","ocean_post_title_bg_image_repeat":"","ocean_post_title_bg_image_size":"","ocean_post_title_height":0,"ocean_post_title_bg_overlay":0.5,"ocean_post_title_bg_overlay_color":"","ocean_disable_breadcrumbs":"default","ocean_breadcrumbs_color":"","ocean_breadcrumbs_separator_color":"","ocean_breadcrumbs_links_color":"","ocean_breadcrumbs_links_hover_color":"","ocean_display_footer_widgets":"default","ocean_display_footer_bottom":"default","ocean_custom_footer_template":"0","footnotes":""},"class_list":["post-529","page","type-page","status-publish","hentry","entry"],"_links":{"self":[{"href":"https:\/\/www.diefremden.at\/wordpress\/index.php?rest_route=\/wp\/v2\/pages\/529","targetHints":{"allow":["GET"]}}],"collection":[{"href":"https:\/\/www.diefremden.at\/wordpress\/index.php?rest_route=\/wp\/v2\/pages"}],"about":[{"href":"https:\/\/www.diefremden.at\/wordpress\/index.php?rest_route=\/wp\/v2\/types\/page"}],"author":[{"embeddable":true,"href":"https:\/\/www.diefremden.at\/wordpress\/index.php?rest_route=\/wp\/v2\/users\/1"}],"replies":[{"embeddable":true,"href":"https:\/\/www.diefremden.at\/wordpress\/index.php?rest_route=%2Fwp%2Fv2%2Fcomments&post=529"}],"version-history":[{"count":90,"href":"https:\/\/www.diefremden.at\/wordpress\/index.php?rest_route=\/wp\/v2\/pages\/529\/revisions"}],"predecessor-version":[{"id":1963,"href":"https:\/\/www.diefremden.at\/wordpress\/index.php?rest_route=\/wp\/v2\/pages\/529\/revisions\/1963"}],"up":[{"embeddable":true,"href":"https:\/\/www.diefremden.at\/wordpress\/index.php?rest_route=\/wp\/v2\/pages\/561"}],"wp:attachment":[{"href":"https:\/\/www.diefremden.at\/wordpress\/index.php?rest_route=%2Fwp%2Fv2%2Fmedia&parent=529"}],"curies":[{"name":"wp","href":"https:\/\/api.w.org\/{rel}","templated":true}]}}