{"id":534,"date":"2019-07-01T22:01:51","date_gmt":"2019-07-01T20:01:51","guid":{"rendered":"http:\/\/www.diefremden.at\/wordpress\/?page_id=534"},"modified":"2025-05-11T18:07:53","modified_gmt":"2025-05-11T16:07:53","slug":"dagmar-ransmayr","status":"publish","type":"page","link":"https:\/\/www.diefremden.at\/wordpress\/?page_id=534","title":{"rendered":"Dagmar Ransmayr"},"content":{"rendered":"\t\t<div data-elementor-type=\"wp-post\" data-elementor-id=\"534\" class=\"elementor elementor-534\" data-elementor-post-type=\"page\">\n\t\t\t\t\t\t<section class=\"elementor-section elementor-top-section elementor-element elementor-element-ffbcc14 elementor-section-boxed elementor-section-height-default elementor-section-height-default\" data-id=\"ffbcc14\" data-element_type=\"section\" data-e-type=\"section\">\n\t\t\t\t\t\t<div class=\"elementor-container elementor-column-gap-default\">\n\t\t\t\t\t<div class=\"elementor-column elementor-col-100 elementor-top-column elementor-element elementor-element-200e59e\" data-id=\"200e59e\" data-element_type=\"column\" data-e-type=\"column\">\n\t\t\t<div class=\"elementor-widget-wrap elementor-element-populated\">\n\t\t\t\t\t\t<div class=\"elementor-element elementor-element-fda3325 elementor-arrows-position-inside elementor-pagination-position-outside elementor-widget elementor-widget-image-carousel\" data-id=\"fda3325\" data-element_type=\"widget\" data-e-type=\"widget\" data-settings=\"{&quot;slides_to_show&quot;:&quot;1&quot;,&quot;navigation&quot;:&quot;both&quot;,&quot;autoplay&quot;:&quot;yes&quot;,&quot;pause_on_hover&quot;:&quot;yes&quot;,&quot;pause_on_interaction&quot;:&quot;yes&quot;,&quot;autoplay_speed&quot;:5000,&quot;infinite&quot;:&quot;yes&quot;,&quot;effect&quot;:&quot;slide&quot;,&quot;speed&quot;:500}\" data-widget_type=\"image-carousel.default\">\n\t\t\t\t<div class=\"elementor-widget-container\">\n\t\t\t\t\t\t\t<div class=\"elementor-image-carousel-wrapper swiper\" role=\"region\" aria-roledescription=\"carousel\" aria-label=\"Bild Karussell\" dir=\"ltr\">\n\t\t\t<div class=\"elementor-image-carousel swiper-wrapper\" aria-live=\"off\">\n\t\t\t\t\t\t\t\t<div class=\"swiper-slide\" role=\"group\" aria-roledescription=\"slide\" aria-label=\"1 von 3\"><figure class=\"swiper-slide-inner\"><img decoding=\"async\" class=\"swiper-slide-image\" src=\"https:\/\/www.diefremden.at\/wordpress\/wp-content\/uploads\/2020\/01\/WhatsApp-Image-2020-01-17-at-22.04.28.jpeg\" alt=\"WhatsApp Image 2020-01-17 at 22.04.28\" \/><\/figure><\/div><div class=\"swiper-slide\" role=\"group\" aria-roledescription=\"slide\" aria-label=\"2 von 3\"><figure class=\"swiper-slide-inner\"><img decoding=\"async\" class=\"swiper-slide-image\" src=\"https:\/\/www.diefremden.at\/wordpress\/wp-content\/uploads\/2023\/01\/Eine-Tasche-mit-Ziba-Paul-Silberberg-96-768x512.jpg\" alt=\"Eine Tasche mit Ziba Paul Silberberg 96\" \/><\/figure><\/div><div class=\"swiper-slide\" role=\"group\" aria-roledescription=\"slide\" aria-label=\"3 von 3\"><figure class=\"swiper-slide-inner\"><img decoding=\"async\" class=\"swiper-slide-image\" src=\"https:\/\/www.diefremden.at\/wordpress\/wp-content\/uploads\/2020\/01\/Dagmar_Staatspreis-1-scaled-e1579552886811-768x734.jpeg\" alt=\"Staatspreis\" \/><\/figure><\/div>\t\t\t<\/div>\n\t\t\t\t\t\t\t\t\t\t\t\t<div class=\"elementor-swiper-button elementor-swiper-button-prev\" role=\"button\" tabindex=\"0\">\n\t\t\t\t\t\t<i aria-hidden=\"true\" class=\"eicon-chevron-left\"><\/i>\t\t\t\t\t<\/div>\n\t\t\t\t\t<div class=\"elementor-swiper-button elementor-swiper-button-next\" role=\"button\" tabindex=\"0\">\n\t\t\t\t\t\t<i aria-hidden=\"true\" class=\"eicon-chevron-right\"><\/i>\t\t\t\t\t<\/div>\n\t\t\t\t\n\t\t\t\t\t\t\t\t\t<div class=\"swiper-pagination\"><\/div>\n\t\t\t\t\t\t\t\t\t<\/div>\n\t\t\t\t\t\t<\/div>\n\t\t\t\t<\/div>\n\t\t\t\t<div class=\"elementor-element elementor-element-da3b218 elementor-widget elementor-widget-heading\" data-id=\"da3b218\" data-element_type=\"widget\" data-e-type=\"widget\" data-widget_type=\"heading.default\">\n\t\t\t\t<div class=\"elementor-widget-container\">\n\t\t\t\t\t<h2 class=\"elementor-heading-title elementor-size-default\">Leiterin - Gr\u00fcnderin - Regisseurin<br><\/h2>\t\t\t\t<\/div>\n\t\t\t\t<\/div>\n\t\t\t\t<section class=\"elementor-section elementor-inner-section elementor-element elementor-element-3ef3007 elementor-section-boxed elementor-section-height-default elementor-section-height-default\" data-id=\"3ef3007\" data-element_type=\"section\" data-e-type=\"section\">\n\t\t\t\t\t\t<div class=\"elementor-container elementor-column-gap-default\">\n\t\t\t\t\t<div class=\"elementor-column elementor-col-50 elementor-inner-column elementor-element elementor-element-0841383\" data-id=\"0841383\" data-element_type=\"column\" data-e-type=\"column\">\n\t\t\t<div class=\"elementor-widget-wrap elementor-element-populated\">\n\t\t\t\t\t\t<div class=\"elementor-element elementor-element-69c25b3 elementor-widget elementor-widget-heading\" data-id=\"69c25b3\" data-element_type=\"widget\" data-e-type=\"widget\" data-widget_type=\"heading.default\">\n\t\t\t\t<div class=\"elementor-widget-container\">\n\t\t\t\t\t<h2 class=\"elementor-heading-title elementor-size-default\">Biografie<\/h2>\t\t\t\t<\/div>\n\t\t\t\t<\/div>\n\t\t\t\t<div class=\"elementor-element elementor-element-67709de elementor-widget elementor-widget-text-editor\" data-id=\"67709de\" data-element_type=\"widget\" data-e-type=\"widget\" data-widget_type=\"text-editor.default\">\n\t\t\t\t<div class=\"elementor-widget-container\">\n\t\t\t\t\t\t\t\t\t<p><span style=\"font-family: Arial; font-size: small;\">P\u00e4dagogin, Germanistin (Schwerpunkt Kinderliteratur\/Kindertheater), akademische Supervisorin, Theaterp\u00e4dagogin, Fortbildung in Psychodrama.<\/span><\/p><p><span style=\"font-family: Arial; font-size: small;\">Mutter eines leiblichen Sohnes und einer afrikanischen Tochter.<\/span><\/p><p><span style=\"font-family: Arial; font-size: small;\">T\u00e4tigkeit als Leiterin sozialp\u00e4dagogischer Projekte, als Seminarleiterin im Bereich der p\u00e4dagogischen Weiterbildung, der Theaterp\u00e4dagogik. und Beratung im In- und Ausland. L\u00e4ngere Aufenthalte in Indien und Afrika. Langj\u00e4hrige Leiterin einer Einrichtung f\u00fcr Menschen mit Behinderung.<\/span><\/p><p><span style=\"font-family: Arial; font-size: small;\">Theaterp\u00e4dagogische Arbeit seit 1988 mit Kinder- und Jugendgruppen, seit 1990 mit multikulturellen Gruppen. Seit 1992 Theatergruppe \u201eDie Fremden\u201c und seit 1995 zus\u00e4tzlich Arbeit mit Jugendlichen des sozialtherapeutischen Projektes \u201eArge Noah\u201c sowie mit Menschen mit Behinderung in verschiedenen Theaterprojekten.<\/span><\/p><p><span style=\"font-family: Arial; font-size: small;\">Theateransatz nach Augusto Boal \u201eTheater der Unterdr\u00fcckten\u201c.<\/span><\/p>\t\t\t\t\t\t\t\t<\/div>\n\t\t\t\t<\/div>\n\t\t\t\t\t<\/div>\n\t\t<\/div>\n\t\t\t\t<div class=\"elementor-column elementor-col-50 elementor-inner-column elementor-element elementor-element-51caf0b\" data-id=\"51caf0b\" data-element_type=\"column\" data-e-type=\"column\">\n\t\t\t<div class=\"elementor-widget-wrap elementor-element-populated\">\n\t\t\t\t\t\t<div class=\"elementor-element elementor-element-4b45152 elementor-widget elementor-widget-heading\" data-id=\"4b45152\" data-element_type=\"widget\" data-e-type=\"widget\" data-widget_type=\"heading.default\">\n\t\t\t\t<div class=\"elementor-widget-container\">\n\t\t\t\t\t<h2 class=\"elementor-heading-title elementor-size-default\">2017 Staatspreis f\u00fcr Erwachsenenbildung<\/h2>\t\t\t\t<\/div>\n\t\t\t\t<\/div>\n\t\t\t\t<div class=\"elementor-element elementor-element-4c24acf elementor-widget elementor-widget-text-editor\" data-id=\"4c24acf\" data-element_type=\"widget\" data-e-type=\"widget\" data-widget_type=\"text-editor.default\">\n\t\t\t\t<div class=\"elementor-widget-container\">\n\t\t\t\t\t\t\t\t\t<p><a style=\"font-family: Arial; font-size: small;\" href=\"http:\/\/orf.at\/stories\/2415264\/\" target=\"_blank\" rel=\"noopener\">&#8222;Staatspreis f\u00fcr Erwachsenenbildung vergeben&#8220;. Artikel auf orf.at, 17. November 2017.<\/a><\/p><p><a style=\"font-family: Arial; font-size: small;\" href=\"https:\/\/erwachsenenbildung.at\/staatspreis\/preistraegerinnen_2017.php\" target=\"_blank\" rel=\"noopener\">\u201eEin emanzipatorischer Zugang muss vor der Sprachvermittlung ansetzen\u201c. Interview mit Dagmar Ransmayr auf erwachsenenbildung.at, 27 November 2017.<\/a><\/p><p><span style=\"font-family: Arial; font-size: small;\"><a href=\"https:\/\/erwachsenenbildung.at\/aktuell\/nachrichten_details.php?nid=12021\" target=\"_blank\" rel=\"noopener\">\u00d6sterreichischer Staatspreis f\u00fcr Erwachsenenbildung 2017<\/a><\/span><\/p><p>\u00a0<\/p>\t\t\t\t\t\t\t\t<\/div>\n\t\t\t\t<\/div>\n\t\t\t\t<div class=\"elementor-element elementor-element-072b6c6 elementor-widget elementor-widget-image\" data-id=\"072b6c6\" data-element_type=\"widget\" data-e-type=\"widget\" data-widget_type=\"image.default\">\n\t\t\t\t<div class=\"elementor-widget-container\">\n\t\t\t\t\t\t\t\t\t\t\t\t\t\t\t<img fetchpriority=\"high\" decoding=\"async\" width=\"1024\" height=\"683\" src=\"https:\/\/www.diefremden.at\/wordpress\/wp-content\/uploads\/2020\/01\/2017_StaatspreisErwachsenenbildung_DagmarRansmayr-1024x683.jpeg\" class=\"attachment-large size-large wp-image-1505\" alt=\"\" srcset=\"https:\/\/www.diefremden.at\/wordpress\/wp-content\/uploads\/2020\/01\/2017_StaatspreisErwachsenenbildung_DagmarRansmayr-1024x683.jpeg 1024w, https:\/\/www.diefremden.at\/wordpress\/wp-content\/uploads\/2020\/01\/2017_StaatspreisErwachsenenbildung_DagmarRansmayr-300x200.jpeg 300w, https:\/\/www.diefremden.at\/wordpress\/wp-content\/uploads\/2020\/01\/2017_StaatspreisErwachsenenbildung_DagmarRansmayr-768x512.jpeg 768w, https:\/\/www.diefremden.at\/wordpress\/wp-content\/uploads\/2020\/01\/2017_StaatspreisErwachsenenbildung_DagmarRansmayr-1536x1024.jpeg 1536w, https:\/\/www.diefremden.at\/wordpress\/wp-content\/uploads\/2020\/01\/2017_StaatspreisErwachsenenbildung_DagmarRansmayr-2048x1365.jpeg 2048w\" sizes=\"(max-width: 1024px) 100vw, 1024px\" \/>\t\t\t\t\t\t\t\t\t\t\t\t\t\t\t<\/div>\n\t\t\t\t<\/div>\n\t\t\t\t\t<\/div>\n\t\t<\/div>\n\t\t\t\t\t<\/div>\n\t\t<\/section>\n\t\t\t\t\t<\/div>\n\t\t<\/div>\n\t\t\t\t\t<\/div>\n\t\t<\/section>\n\t\t\t\t<\/div>\n\t\t","protected":false},"excerpt":{"rendered":"<p>Leiterin &#8211; Gr\u00fcnderin &#8211; Regisseurin Biografie P\u00e4dagogin, Germanistin (Schwerpunkt Kinderliteratur\/Kindertheater), akademische Supervisorin, Theaterp\u00e4dagogin, Fortbildung in Psychodrama. Mutter eines leiblichen Sohnes und einer afrikanischen Tochter. T\u00e4tigkeit als Leiterin sozialp\u00e4dagogischer Projekte, als Seminarleiterin im Bereich der p\u00e4dagogischen Weiterbildung, der Theaterp\u00e4dagogik. und Beratung im In- und Ausland. L\u00e4ngere Aufenthalte in Indien und Afrika. Langj\u00e4hrige Leiterin einer Einrichtung f\u00fcr [&hellip;]<\/p>\n","protected":false},"author":1,"featured_media":0,"parent":0,"menu_order":0,"comment_status":"closed","ping_status":"closed","template":"","meta":{"ocean_post_layout":"","ocean_both_sidebars_style":"","ocean_both_sidebars_content_width":0,"ocean_both_sidebars_sidebars_width":0,"ocean_sidebar":"0","ocean_second_sidebar":"0","ocean_disable_margins":"enable","ocean_add_body_class":"","ocean_shortcode_before_top_bar":"","ocean_shortcode_after_top_bar":"","ocean_shortcode_before_header":"","ocean_shortcode_after_header":"","ocean_has_shortcode":"","ocean_shortcode_after_title":"","ocean_shortcode_before_footer_widgets":"","ocean_shortcode_after_footer_widgets":"","ocean_shortcode_before_footer_bottom":"","ocean_shortcode_after_footer_bottom":"","ocean_display_top_bar":"default","ocean_display_header":"default","ocean_header_style":"","ocean_center_header_left_menu":"0","ocean_custom_header_template":"0","ocean_custom_logo":0,"ocean_custom_retina_logo":0,"ocean_custom_logo_max_width":0,"ocean_custom_logo_tablet_max_width":0,"ocean_custom_logo_mobile_max_width":0,"ocean_custom_logo_max_height":0,"ocean_custom_logo_tablet_max_height":0,"ocean_custom_logo_mobile_max_height":0,"ocean_header_custom_menu":"0","ocean_menu_typo_font_family":"0","ocean_menu_typo_font_subset":"","ocean_menu_typo_font_size":0,"ocean_menu_typo_font_size_tablet":0,"ocean_menu_typo_font_size_mobile":0,"ocean_menu_typo_font_size_unit":"px","ocean_menu_typo_font_weight":"","ocean_menu_typo_font_weight_tablet":"","ocean_menu_typo_font_weight_mobile":"","ocean_menu_typo_transform":"","ocean_menu_typo_transform_tablet":"","ocean_menu_typo_transform_mobile":"","ocean_menu_typo_line_height":0,"ocean_menu_typo_line_height_tablet":0,"ocean_menu_typo_line_height_mobile":0,"ocean_menu_typo_line_height_unit":"","ocean_menu_typo_spacing":0,"ocean_menu_typo_spacing_tablet":0,"ocean_menu_typo_spacing_mobile":0,"ocean_menu_typo_spacing_unit":"","ocean_menu_link_color":"","ocean_menu_link_color_hover":"","ocean_menu_link_color_active":"","ocean_menu_link_background":"","ocean_menu_link_hover_background":"","ocean_menu_link_active_background":"","ocean_menu_social_links_bg":"","ocean_menu_social_hover_links_bg":"","ocean_menu_social_links_color":"","ocean_menu_social_hover_links_color":"","ocean_disable_title":"default","ocean_disable_heading":"default","ocean_post_title":"","ocean_post_subheading":"","ocean_post_title_style":"","ocean_post_title_background_color":"","ocean_post_title_background":0,"ocean_post_title_bg_image_position":"","ocean_post_title_bg_image_attachment":"","ocean_post_title_bg_image_repeat":"","ocean_post_title_bg_image_size":"","ocean_post_title_height":0,"ocean_post_title_bg_overlay":0.5,"ocean_post_title_bg_overlay_color":"","ocean_disable_breadcrumbs":"default","ocean_breadcrumbs_color":"","ocean_breadcrumbs_separator_color":"","ocean_breadcrumbs_links_color":"","ocean_breadcrumbs_links_hover_color":"","ocean_display_footer_widgets":"default","ocean_display_footer_bottom":"default","ocean_custom_footer_template":"0","footnotes":""},"class_list":["post-534","page","type-page","status-publish","hentry","entry"],"_links":{"self":[{"href":"https:\/\/www.diefremden.at\/wordpress\/index.php?rest_route=\/wp\/v2\/pages\/534","targetHints":{"allow":["GET"]}}],"collection":[{"href":"https:\/\/www.diefremden.at\/wordpress\/index.php?rest_route=\/wp\/v2\/pages"}],"about":[{"href":"https:\/\/www.diefremden.at\/wordpress\/index.php?rest_route=\/wp\/v2\/types\/page"}],"author":[{"embeddable":true,"href":"https:\/\/www.diefremden.at\/wordpress\/index.php?rest_route=\/wp\/v2\/users\/1"}],"replies":[{"embeddable":true,"href":"https:\/\/www.diefremden.at\/wordpress\/index.php?rest_route=%2Fwp%2Fv2%2Fcomments&post=534"}],"version-history":[{"count":36,"href":"https:\/\/www.diefremden.at\/wordpress\/index.php?rest_route=\/wp\/v2\/pages\/534\/revisions"}],"predecessor-version":[{"id":2866,"href":"https:\/\/www.diefremden.at\/wordpress\/index.php?rest_route=\/wp\/v2\/pages\/534\/revisions\/2866"}],"wp:attachment":[{"href":"https:\/\/www.diefremden.at\/wordpress\/index.php?rest_route=%2Fwp%2Fv2%2Fmedia&parent=534"}],"curies":[{"name":"wp","href":"https:\/\/api.w.org\/{rel}","templated":true}]}}