{"id":557,"date":"2019-07-03T20:07:23","date_gmt":"2019-07-03T18:07:23","guid":{"rendered":"http:\/\/www.diefremden.at\/wordpress\/?page_id=557"},"modified":"2020-01-20T21:02:10","modified_gmt":"2020-01-20T20:02:10","slug":"fahraway","status":"publish","type":"page","link":"https:\/\/www.diefremden.at\/wordpress\/?page_id=557","title":{"rendered":"Fahraway"},"content":{"rendered":"\t\t<div data-elementor-type=\"wp-page\" data-elementor-id=\"557\" class=\"elementor elementor-557\" data-elementor-post-type=\"page\">\n\t\t\t\t\t\t<section class=\"elementor-section elementor-top-section elementor-element elementor-element-44506e34 elementor-section-boxed elementor-section-height-default elementor-section-height-default\" data-id=\"44506e34\" data-element_type=\"section\" data-e-type=\"section\">\n\t\t\t\t\t\t<div class=\"elementor-container elementor-column-gap-default\">\n\t\t\t\t\t<div class=\"elementor-column elementor-col-100 elementor-top-column elementor-element elementor-element-65a98a45\" data-id=\"65a98a45\" data-element_type=\"column\" data-e-type=\"column\">\n\t\t\t<div class=\"elementor-widget-wrap elementor-element-populated\">\n\t\t\t\t\t\t<div class=\"elementor-element elementor-element-41d3633 elementor-widget elementor-widget-image\" data-id=\"41d3633\" data-element_type=\"widget\" data-e-type=\"widget\" data-widget_type=\"image.default\">\n\t\t\t\t<div class=\"elementor-widget-container\">\n\t\t\t\t\t\t\t\t\t\t\t\t\t\t\t<img fetchpriority=\"high\" decoding=\"async\" width=\"1024\" height=\"576\" src=\"https:\/\/www.diefremden.at\/wordpress\/wp-content\/uploads\/2020\/01\/Sofie_kachel-1-1-1024x576.jpeg\" class=\"attachment-large size-large wp-image-1253\" alt=\"Fahraway Plakat\" srcset=\"https:\/\/www.diefremden.at\/wordpress\/wp-content\/uploads\/2020\/01\/Sofie_kachel-1-1-1024x576.jpeg 1024w, https:\/\/www.diefremden.at\/wordpress\/wp-content\/uploads\/2020\/01\/Sofie_kachel-1-1-300x169.jpeg 300w, https:\/\/www.diefremden.at\/wordpress\/wp-content\/uploads\/2020\/01\/Sofie_kachel-1-1-768x432.jpeg 768w, https:\/\/www.diefremden.at\/wordpress\/wp-content\/uploads\/2020\/01\/Sofie_kachel-1-1.jpeg 1417w\" sizes=\"(max-width: 1024px) 100vw, 1024px\" \/>\t\t\t\t\t\t\t\t\t\t\t\t\t\t\t<\/div>\n\t\t\t\t<\/div>\n\t\t\t\t<section class=\"elementor-section elementor-inner-section elementor-element elementor-element-e506d13 elementor-section-boxed elementor-section-height-default elementor-section-height-default\" data-id=\"e506d13\" data-element_type=\"section\" data-e-type=\"section\">\n\t\t\t\t\t\t<div class=\"elementor-container elementor-column-gap-default\">\n\t\t\t\t\t<div class=\"elementor-column elementor-col-50 elementor-inner-column elementor-element elementor-element-8acd567\" data-id=\"8acd567\" data-element_type=\"column\" data-e-type=\"column\">\n\t\t\t<div class=\"elementor-widget-wrap elementor-element-populated\">\n\t\t\t\t\t\t<div class=\"elementor-element elementor-element-e638432 elementor-widget elementor-widget-text-editor\" data-id=\"e638432\" data-element_type=\"widget\" data-e-type=\"widget\" data-widget_type=\"text-editor.default\">\n\t\t\t\t<div class=\"elementor-widget-container\">\n\t\t\t\t\t\t\t\t\t<p style=\"font-variant-caps: normal; font-family: Tahoma, sans-serif; font-size: 14px; font-style: normal;\" align=\"left\"><span style=\"font-family: Arial; font-size: small;\">Ein kleiner, stickiger \u00dcberlandbus. Warmes Cola. Eine alte Stones-Kassette. Widerwillig f\u00e4hrt Tara zu ihrer schwerkranken Tante, die sie seit Jahren nicht gesehen hat.<\/span><span class=\"text_exposed_hide\" style=\"font-family: Arial; font-size: small;\">&#8230;<\/span><\/p>\n<p style=\"font-variant-caps: normal; font-family: Tahoma, sans-serif; font-size: 14px; font-style: normal;\"><span style=\"font-family: Arial; font-size: small;\"><span class=\"text_exposed_show\" style=\"font-size: 13px;\">Lustlos und in ihren eigenen Geschichten gefangen, d\u00f6sen die anderen Passagiere vor sich hin. Da wechselt ganz unerwartet der Busfahrer und mit ihm ver\u00e4ndert sich schlagartig die Dynamik.\u00a0<br \/><\/span>Die Fahrgemeinschaft wird zu einer Schicksalsgemeinschaft, die ihre Vergangenheit austauscht und schlie\u00dflich gemeinsam an einer winzigen Rastst\u00e4tte im Niemandsland strandet, deren Betreiberinnen Angel und Zoja ihren eigenen (\u00dcber)Lebenskampf f\u00fchren.<\/span><\/p>\n<p style=\"font-variant-caps: normal; font-family: Tahoma, sans-serif; font-size: 14px; font-style: normal;\"><span style=\"font-family: Arial; font-size: small;\">Fahraway ist eine Generationengeschichte und eine Geschichte \u00fcber das Fahren: weit weg und weit zur\u00fcck.<br \/>\u00dcber das Auswandern und Zur\u00fcckkehren. Aber auch \u00fcber das (Stecken) Bleiben, das Festgehaltenwerden, das Ausbeuten von chancenlosen MigrantInnen und \u00fcber die Wut und den Mut, alte Rechnungen zu begleichen<\/span><\/p>\t\t\t\t\t\t\t\t<\/div>\n\t\t\t\t<\/div>\n\t\t\t\t\t<\/div>\n\t\t<\/div>\n\t\t\t\t<div class=\"elementor-column elementor-col-50 elementor-inner-column elementor-element elementor-element-01b7023\" data-id=\"01b7023\" data-element_type=\"column\" data-e-type=\"column\">\n\t\t\t<div class=\"elementor-widget-wrap elementor-element-populated\">\n\t\t\t\t\t\t<div class=\"elementor-element elementor-element-4d8b298 elementor-widget elementor-widget-text-editor\" data-id=\"4d8b298\" data-element_type=\"widget\" data-e-type=\"widget\" data-widget_type=\"text-editor.default\">\n\t\t\t\t<div class=\"elementor-widget-container\">\n\t\t\t\t\t\t\t\t\t<p><span style=\"font-family: Arial;\"><b><span style=\"font-size: small;\">Pressestimmen:<br \/><\/span><\/b><\/span><b><a href=\"https:\/\/m.kurier.at\/leben\/kiku\/theatergruppe-die-fremden-weit-weg-und-doch-so-nah\/259.859.761\" target=\"_blank\" rel=\"noopener\">Artikel im Kurier<\/a><\/b> (online, 22.04.2017)<br \/><b><a href=\"https:\/\/youtu.be\/HerwwVEunt8\" target=\"_blank\" rel=\"noopener\">Radiobeitrag \u00d61<\/a><\/b> (17.11.2017)<br \/><b><a href=\"http:\/\/www.swp.de\/goeppingen\/lokales\/goeppingen\/theaterstueck-_fahraway_-flucht-und-suche-dominieren-24174935.html\">Artikel<\/a><\/b> swp.de (NWZ, S\u00fcdwestpresse, 27.11.2017)<br \/><b><a href=\"https:\/\/erwachsenenbildung.at\/aktuell\/nachrichten_details.php?nid=12021\" target=\"_blank\" rel=\"noopener\">Interview<\/a><\/b> mit Dagmar Ransmayr (27.11.2017)<\/p>\t\t\t\t\t\t\t\t<\/div>\n\t\t\t\t<\/div>\n\t\t\t\t\t<\/div>\n\t\t<\/div>\n\t\t\t\t\t<\/div>\n\t\t<\/section>\n\t\t\t\t<section class=\"elementor-section elementor-inner-section elementor-element elementor-element-29e4afa elementor-section-boxed elementor-section-height-default elementor-section-height-default\" data-id=\"29e4afa\" data-element_type=\"section\" data-e-type=\"section\">\n\t\t\t\t\t\t<div class=\"elementor-container elementor-column-gap-default\">\n\t\t\t\t\t<div class=\"elementor-column elementor-col-50 elementor-inner-column elementor-element elementor-element-beee8bf\" data-id=\"beee8bf\" data-element_type=\"column\" data-e-type=\"column\">\n\t\t\t<div class=\"elementor-widget-wrap elementor-element-populated\">\n\t\t\t\t\t\t<div class=\"elementor-element elementor-element-5b3a20e elementor-widget elementor-widget-text-editor\" data-id=\"5b3a20e\" data-element_type=\"widget\" data-e-type=\"widget\" data-widget_type=\"text-editor.default\">\n\t\t\t\t<div class=\"elementor-widget-container\">\n\t\t\t\t\t\t\t\t\t<p><span style=\"font-family: Arial; font-size: small;\"><b>Auff\u00fchrungen und Premiere:<\/b><br \/>23. M\u00e4rz 2017, 20 Uhr, Off Theater (Wien) Premiere<br \/>24. M\u00e4rz 2017, 20 Uhr, Off Theater (Wien)<br \/>25. M\u00e4rz 2017, 20 Uhr, Off Theater (Wien)<br \/>21. April 2017, 20 Uhr, Off Theater (Wien)<br \/>22. April 2017, 20 Uhr, Bad Schallerbach (O\u00d6)<b>,<\/b> Pfarrheim, <br \/>13. Mai 2017, 20 Uhr, Off Theater (Wien)<br \/>14. Mai 2017, 20 Uhr, Off Theater (Wien)<br \/>19. Mai 2017, 20 Uhr, Off Theater (Wien)<br \/>10. November 2017, 20 Uhr, Off Theater (Wien)<br \/>17. November 2017, 20 Uhr, Off Theater (Wien)<br \/>25. November 2017, 20 Uhr, Altes E-Werk, G\u00f6ppingen, (D), im Rahmen der <a href=\"http:\/\/www.goeppinger-theatertage.de\/\" target=\"_blank\" rel=\"noopener\">G\u00f6ppinger Theatertage<\/a><br \/>2. M\u00e4rz 2018, 20 Uhr, Off Theater (Wien)<br \/>3. M\u00e4rz 2018, 20 Uhr, Off Theater (Wien)<\/span><span style=\"font-family: Arial; font-size: small;\"><br \/>24. M\u00e4rz 2018, 19.30 Uhr, Nationalparkzentrum Molln (Ober\u00f6sterreich)<br \/>7. April 2018, 20 Uhr, Millenniumsschule, Schleinbach-Ulrichskirchen (N\u00d6)<br \/>8. April 2018, 20 Uhr, Off Theater (Wien)<br \/>6. Mai 2018, 19 Uhr, Pfarrsaal Vorchdorf (Ober\u00f6sterreich)<br \/>12. Mai 2018, 20 Uhr, Stadthalle Donzdorf (D)<br \/>im Rahmen des internationalen Theaterfestival in Donzdorf (D), 10. bis 13. Mai 2018,<br \/>26. Mai 2018, Tonhof, Maria Saal (K\u00e4rnten)<\/span><\/p>\t\t\t\t\t\t\t\t<\/div>\n\t\t\t\t<\/div>\n\t\t\t\t\t<\/div>\n\t\t<\/div>\n\t\t\t\t<div class=\"elementor-column elementor-col-50 elementor-inner-column elementor-element elementor-element-ea8974e\" data-id=\"ea8974e\" data-element_type=\"column\" data-e-type=\"column\">\n\t\t\t<div class=\"elementor-widget-wrap elementor-element-populated\">\n\t\t\t\t\t\t<div class=\"elementor-element elementor-element-29e2bbf elementor-widget elementor-widget-text-editor\" data-id=\"29e2bbf\" data-element_type=\"widget\" data-e-type=\"widget\" data-widget_type=\"text-editor.default\">\n\t\t\t\t<div class=\"elementor-widget-container\">\n\t\t\t\t\t\t\t\t\t<p align=\"center\"><span style=\"font-family: Arial;\"><i><span style=\"font-size: small;\"><strong>Leitung und Regie:<\/strong><br \/><\/span><\/i><span style=\"font-size: small;\">Dagmar Ransmayr<\/span><\/span><\/p>\n<p align=\"center\"><span style=\"font-family: Arial; font-size: small;\"><i><strong>SpielerInnen<\/strong><br \/><\/i><\/span><span style=\"font-family: Arial; font-size: small;\">Armen Abisoghomyan<br \/>Bojana Djogovic<br \/><span lang=\"EN-GB\"><a href=\"szabolcs.htm\"><span style=\"color: #000000;\">Szabolcs Hejas<\/span><\/a> <br \/>Osas Imafidon<\/span><br \/>Sofie Leplae<br \/>Edo Marinkov<br \/>Niloofar Nadimi<br \/>Tomasz Nowak<br \/>Markus Payer<br \/>Katerina Rumenova Jost<br \/>Vanda Sokolovic<br \/>Prince Uka-Cyril<\/span><\/p>\n<p align=\"center\"><span style=\"font-family: Arial; font-size: small;\"><i><strong>Choreographie:<\/strong><br \/><\/i>Katerina Rumenova Jost<br \/>Garegin Gamazyan<\/span><\/p>\n<p align=\"center\">\u00a0<\/p>\t\t\t\t\t\t\t\t<\/div>\n\t\t\t\t<\/div>\n\t\t\t\t\t<\/div>\n\t\t<\/div>\n\t\t\t\t\t<\/div>\n\t\t<\/section>\n\t\t\t\t<div class=\"elementor-element elementor-element-eb34b5d elementor-arrows-position-inside elementor-widget elementor-widget-image-carousel\" data-id=\"eb34b5d\" data-element_type=\"widget\" data-e-type=\"widget\" data-settings=\"{&quot;slides_to_show&quot;:&quot;1&quot;,&quot;navigation&quot;:&quot;arrows&quot;,&quot;autoplay&quot;:&quot;yes&quot;,&quot;pause_on_hover&quot;:&quot;yes&quot;,&quot;pause_on_interaction&quot;:&quot;yes&quot;,&quot;autoplay_speed&quot;:5000,&quot;infinite&quot;:&quot;yes&quot;,&quot;effect&quot;:&quot;slide&quot;,&quot;speed&quot;:500}\" data-widget_type=\"image-carousel.default\">\n\t\t\t\t<div class=\"elementor-widget-container\">\n\t\t\t\t\t\t\t<div class=\"elementor-image-carousel-wrapper swiper\" role=\"region\" aria-roledescription=\"carousel\" aria-label=\"Bild Karussell\" dir=\"ltr\">\n\t\t\t<div class=\"elementor-image-carousel swiper-wrapper\" aria-live=\"off\">\n\t\t\t\t\t\t\t\t<div class=\"swiper-slide\" role=\"group\" aria-roledescription=\"slide\" aria-label=\"1 von 7\"><figure class=\"swiper-slide-inner\"><img decoding=\"async\" class=\"swiper-slide-image\" src=\"https:\/\/www.diefremden.at\/wordpress\/wp-content\/uploads\/2020\/01\/Fahrawaymain-768x510.jpg\" alt=\"Der Duft der Paradeiser\" \/><\/figure><\/div><div class=\"swiper-slide\" role=\"group\" aria-roledescription=\"slide\" aria-label=\"2 von 7\"><figure class=\"swiper-slide-inner\"><img decoding=\"async\" class=\"swiper-slide-image\" src=\"https:\/\/www.diefremden.at\/wordpress\/wp-content\/uploads\/2020\/01\/Fahraway6-768x512.jpg\" alt=\"Der Duft der Paradeiser\" \/><\/figure><\/div><div class=\"swiper-slide\" role=\"group\" aria-roledescription=\"slide\" aria-label=\"3 von 7\"><figure class=\"swiper-slide-inner\"><img decoding=\"async\" class=\"swiper-slide-image\" src=\"https:\/\/www.diefremden.at\/wordpress\/wp-content\/uploads\/2020\/01\/Fahraway5-768x512.jpg\" alt=\"Fahraway\" \/><\/figure><\/div><div class=\"swiper-slide\" role=\"group\" aria-roledescription=\"slide\" aria-label=\"4 von 7\"><figure class=\"swiper-slide-inner\"><img decoding=\"async\" class=\"swiper-slide-image\" src=\"https:\/\/www.diefremden.at\/wordpress\/wp-content\/uploads\/2020\/01\/Fahraway4-768x1152.jpg\" alt=\"Fahraway\" \/><\/figure><\/div><div class=\"swiper-slide\" role=\"group\" aria-roledescription=\"slide\" aria-label=\"5 von 7\"><figure class=\"swiper-slide-inner\"><img decoding=\"async\" class=\"swiper-slide-image\" src=\"https:\/\/www.diefremden.at\/wordpress\/wp-content\/uploads\/2020\/01\/Fahraway3-768x512.jpg\" alt=\"Fahraway\" \/><\/figure><\/div><div class=\"swiper-slide\" role=\"group\" aria-roledescription=\"slide\" aria-label=\"6 von 7\"><figure class=\"swiper-slide-inner\"><img decoding=\"async\" class=\"swiper-slide-image\" src=\"https:\/\/www.diefremden.at\/wordpress\/wp-content\/uploads\/2020\/01\/Fahraway2-768x510.jpg\" alt=\"Fahraway\" \/><\/figure><\/div><div class=\"swiper-slide\" role=\"group\" aria-roledescription=\"slide\" aria-label=\"7 von 7\"><figure class=\"swiper-slide-inner\"><img decoding=\"async\" class=\"swiper-slide-image\" src=\"https:\/\/www.diefremden.at\/wordpress\/wp-content\/uploads\/2020\/01\/Fahraway1-768x512.jpg\" alt=\"Fahraway\" \/><\/figure><\/div>\t\t\t<\/div>\n\t\t\t\t\t\t\t\t\t\t\t\t<div class=\"elementor-swiper-button elementor-swiper-button-prev\" role=\"button\" tabindex=\"0\">\n\t\t\t\t\t\t<i aria-hidden=\"true\" class=\"eicon-chevron-left\"><\/i>\t\t\t\t\t<\/div>\n\t\t\t\t\t<div class=\"elementor-swiper-button elementor-swiper-button-next\" role=\"button\" tabindex=\"0\">\n\t\t\t\t\t\t<i aria-hidden=\"true\" class=\"eicon-chevron-right\"><\/i>\t\t\t\t\t<\/div>\n\t\t\t\t\n\t\t\t\t\t\t\t\t\t<\/div>\n\t\t\t\t\t\t<\/div>\n\t\t\t\t<\/div>\n\t\t\t\t<div class=\"elementor-element elementor-element-df7fb86 elementor-widget elementor-widget-video\" data-id=\"df7fb86\" data-element_type=\"widget\" data-e-type=\"widget\" data-settings=\"{&quot;youtube_url&quot;:&quot;https:\\\/\\\/www.youtube.com\\\/watch?v=Z6sjH4Zr1dM&quot;,&quot;video_type&quot;:&quot;youtube&quot;,&quot;controls&quot;:&quot;yes&quot;}\" data-widget_type=\"video.default\">\n\t\t\t\t<div class=\"elementor-widget-container\">\n\t\t\t\t\t\t\t<div class=\"elementor-wrapper elementor-open-inline\">\n\t\t\t<div class=\"elementor-video\"><\/div>\t\t<\/div>\n\t\t\t\t\t\t<\/div>\n\t\t\t\t<\/div>\n\t\t\t\t\t<\/div>\n\t\t<\/div>\n\t\t\t\t\t<\/div>\n\t\t<\/section>\n\t\t\t\t<\/div>\n\t\t","protected":false},"excerpt":{"rendered":"<p>Ein kleiner, stickiger \u00dcberlandbus. Warmes Cola. Eine alte Stones-Kassette. Widerwillig f\u00e4hrt Tara zu ihrer schwerkranken Tante, die sie seit Jahren nicht gesehen hat&#8230;. Lustlos und in ihren eigenen Geschichten gefangen, d\u00f6sen die anderen Passagiere vor sich hin. Da wechselt ganz unerwartet der Busfahrer und mit ihm ver\u00e4ndert sich schlagartig die Dynamik.\u00a0Die Fahrgemeinschaft wird zu einer [&hellip;]<\/p>\n","protected":false},"author":1,"featured_media":0,"parent":561,"menu_order":2,"comment_status":"closed","ping_status":"closed","template":"","meta":{"ocean_post_layout":"","ocean_both_sidebars_style":"","ocean_both_sidebars_content_width":0,"ocean_both_sidebars_sidebars_width":0,"ocean_sidebar":"0","ocean_second_sidebar":"0","ocean_disable_margins":"enable","ocean_add_body_class":"","ocean_shortcode_before_top_bar":"","ocean_shortcode_after_top_bar":"","ocean_shortcode_before_header":"","ocean_shortcode_after_header":"","ocean_has_shortcode":"","ocean_shortcode_after_title":"","ocean_shortcode_before_footer_widgets":"","ocean_shortcode_after_footer_widgets":"","ocean_shortcode_before_footer_bottom":"","ocean_shortcode_after_footer_bottom":"","ocean_display_top_bar":"default","ocean_display_header":"default","ocean_header_style":"","ocean_center_header_left_menu":"0","ocean_custom_header_template":"0","ocean_custom_logo":0,"ocean_custom_retina_logo":0,"ocean_custom_logo_max_width":0,"ocean_custom_logo_tablet_max_width":0,"ocean_custom_logo_mobile_max_width":0,"ocean_custom_logo_max_height":0,"ocean_custom_logo_tablet_max_height":0,"ocean_custom_logo_mobile_max_height":0,"ocean_header_custom_menu":"0","ocean_menu_typo_font_family":"0","ocean_menu_typo_font_subset":"","ocean_menu_typo_font_size":0,"ocean_menu_typo_font_size_tablet":0,"ocean_menu_typo_font_size_mobile":0,"ocean_menu_typo_font_size_unit":"px","ocean_menu_typo_font_weight":"","ocean_menu_typo_font_weight_tablet":"","ocean_menu_typo_font_weight_mobile":"","ocean_menu_typo_transform":"","ocean_menu_typo_transform_tablet":"","ocean_menu_typo_transform_mobile":"","ocean_menu_typo_line_height":0,"ocean_menu_typo_line_height_tablet":0,"ocean_menu_typo_line_height_mobile":0,"ocean_menu_typo_line_height_unit":"","ocean_menu_typo_spacing":0,"ocean_menu_typo_spacing_tablet":0,"ocean_menu_typo_spacing_mobile":0,"ocean_menu_typo_spacing_unit":"","ocean_menu_link_color":"","ocean_menu_link_color_hover":"","ocean_menu_link_color_active":"","ocean_menu_link_background":"","ocean_menu_link_hover_background":"","ocean_menu_link_active_background":"","ocean_menu_social_links_bg":"","ocean_menu_social_hover_links_bg":"","ocean_menu_social_links_color":"","ocean_menu_social_hover_links_color":"","ocean_disable_title":"default","ocean_disable_heading":"default","ocean_post_title":"","ocean_post_subheading":"","ocean_post_title_style":"","ocean_post_title_background_color":"","ocean_post_title_background":0,"ocean_post_title_bg_image_position":"","ocean_post_title_bg_image_attachment":"","ocean_post_title_bg_image_repeat":"","ocean_post_title_bg_image_size":"","ocean_post_title_height":0,"ocean_post_title_bg_overlay":0.5,"ocean_post_title_bg_overlay_color":"","ocean_disable_breadcrumbs":"default","ocean_breadcrumbs_color":"","ocean_breadcrumbs_separator_color":"","ocean_breadcrumbs_links_color":"","ocean_breadcrumbs_links_hover_color":"","ocean_display_footer_widgets":"default","ocean_display_footer_bottom":"default","ocean_custom_footer_template":"0","footnotes":""},"class_list":["post-557","page","type-page","status-publish","hentry","entry"],"_links":{"self":[{"href":"https:\/\/www.diefremden.at\/wordpress\/index.php?rest_route=\/wp\/v2\/pages\/557","targetHints":{"allow":["GET"]}}],"collection":[{"href":"https:\/\/www.diefremden.at\/wordpress\/index.php?rest_route=\/wp\/v2\/pages"}],"about":[{"href":"https:\/\/www.diefremden.at\/wordpress\/index.php?rest_route=\/wp\/v2\/types\/page"}],"author":[{"embeddable":true,"href":"https:\/\/www.diefremden.at\/wordpress\/index.php?rest_route=\/wp\/v2\/users\/1"}],"replies":[{"embeddable":true,"href":"https:\/\/www.diefremden.at\/wordpress\/index.php?rest_route=%2Fwp%2Fv2%2Fcomments&post=557"}],"version-history":[{"count":12,"href":"https:\/\/www.diefremden.at\/wordpress\/index.php?rest_route=\/wp\/v2\/pages\/557\/revisions"}],"predecessor-version":[{"id":1267,"href":"https:\/\/www.diefremden.at\/wordpress\/index.php?rest_route=\/wp\/v2\/pages\/557\/revisions\/1267"}],"up":[{"embeddable":true,"href":"https:\/\/www.diefremden.at\/wordpress\/index.php?rest_route=\/wp\/v2\/pages\/561"}],"wp:attachment":[{"href":"https:\/\/www.diefremden.at\/wordpress\/index.php?rest_route=%2Fwp%2Fv2%2Fmedia&parent=557"}],"curies":[{"name":"wp","href":"https:\/\/api.w.org\/{rel}","templated":true}]}}