{"id":559,"date":"2019-07-02T19:11:07","date_gmt":"2019-07-02T17:11:07","guid":{"rendered":"http:\/\/www.diefremden.at\/wordpress\/?page_id=559"},"modified":"2026-02-16T15:12:48","modified_gmt":"2026-02-16T14:12:48","slug":"der-duft-der-paradeiser","status":"publish","type":"page","link":"https:\/\/www.diefremden.at\/wordpress\/?page_id=559","title":{"rendered":"Der Duft der Paradeiser"},"content":{"rendered":"\t\t<div data-elementor-type=\"wp-page\" data-elementor-id=\"559\" class=\"elementor elementor-559\" data-elementor-post-type=\"page\">\n\t\t\t\t\t\t<section class=\"elementor-section elementor-top-section elementor-element elementor-element-8cf15b9 elementor-section-boxed elementor-section-height-default elementor-section-height-default\" data-id=\"8cf15b9\" data-element_type=\"section\" data-e-type=\"section\">\n\t\t\t\t\t\t<div class=\"elementor-container elementor-column-gap-default\">\n\t\t\t\t\t<div class=\"elementor-column elementor-col-100 elementor-top-column elementor-element elementor-element-12d702d\" data-id=\"12d702d\" data-element_type=\"column\" data-e-type=\"column\">\n\t\t\t<div class=\"elementor-widget-wrap elementor-element-populated\">\n\t\t\t\t\t\t<section class=\"elementor-section elementor-inner-section elementor-element elementor-element-cfa7e8d elementor-section-boxed elementor-section-height-default elementor-section-height-default\" data-id=\"cfa7e8d\" data-element_type=\"section\" data-e-type=\"section\">\n\t\t\t\t\t\t<div class=\"elementor-container elementor-column-gap-default\">\n\t\t\t\t\t<div class=\"elementor-column elementor-col-50 elementor-inner-column elementor-element elementor-element-f9b4185\" data-id=\"f9b4185\" data-element_type=\"column\" data-e-type=\"column\">\n\t\t\t<div class=\"elementor-widget-wrap elementor-element-populated\">\n\t\t\t\t\t\t<div class=\"elementor-element elementor-element-cef2666 elementor-widget elementor-widget-image\" data-id=\"cef2666\" data-element_type=\"widget\" data-e-type=\"widget\" data-widget_type=\"image.default\">\n\t\t\t\t<div class=\"elementor-widget-container\">\n\t\t\t\t\t\t\t\t\t\t\t\t\t\t\t<img fetchpriority=\"high\" decoding=\"async\" width=\"620\" height=\"794\" src=\"https:\/\/www.diefremden.at\/wordpress\/wp-content\/uploads\/2020\/01\/ParadeiserWeb1.jpg\" class=\"attachment-large size-large wp-image-1294\" alt=\"\" srcset=\"https:\/\/www.diefremden.at\/wordpress\/wp-content\/uploads\/2020\/01\/ParadeiserWeb1.jpg 620w, https:\/\/www.diefremden.at\/wordpress\/wp-content\/uploads\/2020\/01\/ParadeiserWeb1-234x300.jpg 234w\" sizes=\"(max-width: 620px) 100vw, 620px\" \/>\t\t\t\t\t\t\t\t\t\t\t\t\t\t\t<\/div>\n\t\t\t\t<\/div>\n\t\t\t\t\t<\/div>\n\t\t<\/div>\n\t\t\t\t<div class=\"elementor-column elementor-col-50 elementor-inner-column elementor-element elementor-element-8d18ce1\" data-id=\"8d18ce1\" data-element_type=\"column\" data-e-type=\"column\">\n\t\t\t<div class=\"elementor-widget-wrap elementor-element-populated\">\n\t\t\t\t\t\t<div class=\"elementor-element elementor-element-5b68344 elementor-widget elementor-widget-heading\" data-id=\"5b68344\" data-element_type=\"widget\" data-e-type=\"widget\" data-widget_type=\"heading.default\">\n\t\t\t\t<div class=\"elementor-widget-container\">\n\t\t\t\t\t<h2 class=\"elementor-heading-title elementor-size-default\">Bei den 46. G\u00f6ppinger Theatertagen (D) gewannen\nDie Fremden mit Der Duft der Paradeiser den F\u00f6rderpreis.<\/h2>\t\t\t\t<\/div>\n\t\t\t\t<\/div>\n\t\t\t\t<div class=\"elementor-element elementor-element-83a2690 elementor-widget elementor-widget-video\" data-id=\"83a2690\" data-element_type=\"widget\" data-e-type=\"widget\" data-settings=\"{&quot;youtube_url&quot;:&quot;https:\\\/\\\/www.youtube.com\\\/watch?v=XHOmBV4js_Ehttps:\\\/\\\/www.youtube.com\\\/watch?v=Wm0neFG267s&quot;,&quot;video_type&quot;:&quot;youtube&quot;,&quot;controls&quot;:&quot;yes&quot;}\" data-widget_type=\"video.default\">\n\t\t\t\t<div class=\"elementor-widget-container\">\n\t\t\t\t\t\t\t<div class=\"elementor-wrapper elementor-open-inline\">\n\t\t\t<div class=\"elementor-video\"><\/div>\t\t<\/div>\n\t\t\t\t\t\t<\/div>\n\t\t\t\t<\/div>\n\t\t\t\t<div class=\"elementor-element elementor-element-35cbe2b elementor-widget elementor-widget-text-editor\" data-id=\"35cbe2b\" data-element_type=\"widget\" data-e-type=\"widget\" data-widget_type=\"text-editor.default\">\n\t\t\t\t<div class=\"elementor-widget-container\">\n\t\t\t\t\t\t\t\t\t<p><a href=\"http:\/\/m.swp.de\/goeppingen\/lokales\/goeppingen\/Zwoelf-Koffer-spielen-eine-wichtige-Rolle;art5583,3548646\">Zw\u00f6lf Koffer spielen eine wichtige Rolle.\u00a0<\/a>Artikel \u00fcber Die Fremden bei den 46. G\u00f6ppinger Theatertagen, November 2015.<\/p><p><a href=\"http:\/\/www.diefremden.at\/pics\/Mehrzahl_von%20_Zuhause_Artikel_Mai_2016.pdf\">Die Mehrzahl von Zuhause.\u00a0<\/a>Artikel \u00fcber &#8222;Die Fremden&#8220; und &#8222;Der Duft der Paradeiser&#8220;, Mai 2016.<\/p>\t\t\t\t\t\t\t\t<\/div>\n\t\t\t\t<\/div>\n\t\t\t\t\t<\/div>\n\t\t<\/div>\n\t\t\t\t\t<\/div>\n\t\t<\/section>\n\t\t\t\t<section class=\"elementor-section elementor-inner-section elementor-element elementor-element-5076653 elementor-section-boxed elementor-section-height-default elementor-section-height-default\" data-id=\"5076653\" data-element_type=\"section\" data-e-type=\"section\">\n\t\t\t\t\t\t<div class=\"elementor-container elementor-column-gap-default\">\n\t\t\t\t\t<div class=\"elementor-column elementor-col-50 elementor-inner-column elementor-element elementor-element-21b3e50\" data-id=\"21b3e50\" data-element_type=\"column\" data-e-type=\"column\">\n\t\t\t<div class=\"elementor-widget-wrap elementor-element-populated\">\n\t\t\t\t\t\t<div class=\"elementor-element elementor-element-250b5ce elementor-widget elementor-widget-text-editor\" data-id=\"250b5ce\" data-element_type=\"widget\" data-e-type=\"widget\" data-widget_type=\"text-editor.default\">\n\t\t\t\t<div class=\"elementor-widget-container\">\n\t\t\t\t\t\t\t\t\t<p>\u00bb<strong>Der Duft der Paradeiser<\/strong>\u00ab<\/p><p>Sie begegnen einander zuf\u00e4llig an einem M\u00fcllcontainer:<br \/>Soraya,\u00a0 eine seltsame \u00e4ltere Dame, die eine geheimnisvolle Liebe und verlorene Heimat in sich tr\u00e4gt. Und Valentina, \u00a0eine resolute Italienierin, gerade von ihrem Mann \u2013 einem Nichtsnutz, wie sie ihn nennt &#8211; verlassen und voller Wut auf das Leben und das Land, auf das sie sich seinetwegen eingelassen hat.<br \/>Es ist die Geschichte einer beginnenden Frauenfreundschaft, die \u2013 vor allem als Soraya ihr Haus weggenommen und sie in eine Einrichtung abgeschoben werden soll &#8211; von wechselseitiger Verantwortung und enth\u00fcllten Wahrheiten gepr\u00e4gt ist.<\/p><p>\u201eDer Duft der Paradeiser\u201c ist die 20.Produktion der Theatergruppe die Fremden, die 1992 gegr\u00fcndet wurde und in der seither 72 Personen aus 39 L\u00e4ndern mitwirkten.<br \/>Das St\u00fcck entstand durch intensive, detaillierte Vor- und Improvisationsarbeit und enth\u00e4lt viele sehr pers\u00f6nliche Themen und Geschichten, wie das Verlassen alter Lieben, der Verlust der Heimat, das Alt-Werden in der Fremde und die teilweise skurrilen Auseinandersetzungen in interkulturellen Partnerschaften. Durch alles zieht sich eine Melodie und ein Tanz, mal sehns\u00fcchtig, mal leidenschaftlich, mal unbeholfen und linkisch. So wie die Suche nach einem Ort, der so wie die Paradeiser von Daheim duftet.<\/p><p>\u00a0<\/p>\t\t\t\t\t\t\t\t<\/div>\n\t\t\t\t<\/div>\n\t\t\t\t\t<\/div>\n\t\t<\/div>\n\t\t\t\t<div class=\"elementor-column elementor-col-50 elementor-inner-column elementor-element elementor-element-ddd2d71\" data-id=\"ddd2d71\" data-element_type=\"column\" data-e-type=\"column\">\n\t\t\t<div class=\"elementor-widget-wrap elementor-element-populated\">\n\t\t\t\t\t\t<div class=\"elementor-element elementor-element-162bbb5 elementor-widget elementor-widget-text-editor\" data-id=\"162bbb5\" data-element_type=\"widget\" data-e-type=\"widget\" data-widget_type=\"text-editor.default\">\n\t\t\t\t<div class=\"elementor-widget-container\">\n\t\t\t\t\t\t\t\t\t<p style=\"font-weight: 400;\"><strong>Auff\u00fchrungen:<\/strong><\/p><p>20. November 2014, 20 Uhr, Off Theater, Premiere<br \/>21. und 22. November 2014, 20 Uhr, Off Theater<br \/>13., 14. und 15. M\u00e4rz 2015, 20 Uhr, Off Theater<br \/>29. November 2014, 20 Uhr, Pfarrheim Bad Schallerbach (O\u00d6)<br \/>11. April 2015, 20 Uhr, Pfarrheim Gallneukirchen (O\u00d6)<br \/>16. und 18. April 2015, 20 Uhr, Off Theater (Wien)<br \/>22. Mai 2015, 20 Uhr, Mostviertelhalle, Stadt Haag (N\u00d6)<br \/>im Rahmen des Festivals \u201eSchauplatz Theater 2015\u201c<br \/>19. September 2015, 20 Uhr, Off Theater (Wien)<br \/>26. September 2015, 19 Uhr, Theater Holzhausen, Salzburg<br \/>Im Rahmen des internationalen Theaterfestivals HerbstAkt 2015<br \/>3. Oktober 2015, 19 Uhr, Seminarhotel Am Spiegeln,1230 Wien, Johann-H\u00f6rbiger-Gasse 30<br \/>13. und 14. November 2015, 20 Uhr, Off Theater (Wien) <br \/>1070 Wien, Kirchengasse 41<br \/>21. November 2015, 14 Uhr, im Rahmen der internationalen Theatertage G\u00f6ppingen (Deutschland)<br \/>28. J\u00e4nner 2016, 20 Uhr, Off Theater (Wien)<br \/>29. J\u00e4nner 2016, 20 Uhr, Off Theater (Wien)<\/p>\t\t\t\t\t\t\t\t<\/div>\n\t\t\t\t<\/div>\n\t\t\t\t\t<\/div>\n\t\t<\/div>\n\t\t\t\t\t<\/div>\n\t\t<\/section>\n\t\t\t\t\t<\/div>\n\t\t<\/div>\n\t\t\t\t\t<\/div>\n\t\t<\/section>\n\t\t\t\t<section class=\"elementor-section elementor-top-section elementor-element elementor-element-cf60dba elementor-section-boxed elementor-section-height-default elementor-section-height-default\" data-id=\"cf60dba\" data-element_type=\"section\" data-e-type=\"section\">\n\t\t\t\t\t\t<div class=\"elementor-container elementor-column-gap-default\">\n\t\t\t\t\t<div class=\"elementor-column elementor-col-100 elementor-top-column elementor-element elementor-element-a88dd95\" data-id=\"a88dd95\" data-element_type=\"column\" data-e-type=\"column\">\n\t\t\t<div class=\"elementor-widget-wrap elementor-element-populated\">\n\t\t\t\t\t\t<section class=\"elementor-section elementor-inner-section elementor-element elementor-element-a0aa171 elementor-section-boxed elementor-section-height-default elementor-section-height-default\" data-id=\"a0aa171\" data-element_type=\"section\" data-e-type=\"section\">\n\t\t\t\t\t\t<div class=\"elementor-container elementor-column-gap-default\">\n\t\t\t\t\t<div class=\"elementor-column elementor-col-50 elementor-inner-column elementor-element elementor-element-cce547c\" data-id=\"cce547c\" data-element_type=\"column\" data-e-type=\"column\">\n\t\t\t<div class=\"elementor-widget-wrap elementor-element-populated\">\n\t\t\t\t\t\t<div class=\"elementor-element elementor-element-40824b5 elementor-arrows-position-inside elementor-pagination-position-outside elementor-widget elementor-widget-image-carousel\" data-id=\"40824b5\" data-element_type=\"widget\" data-e-type=\"widget\" data-settings=\"{&quot;slides_to_show&quot;:&quot;1&quot;,&quot;navigation&quot;:&quot;both&quot;,&quot;autoplay&quot;:&quot;yes&quot;,&quot;pause_on_hover&quot;:&quot;yes&quot;,&quot;pause_on_interaction&quot;:&quot;yes&quot;,&quot;autoplay_speed&quot;:5000,&quot;infinite&quot;:&quot;yes&quot;,&quot;effect&quot;:&quot;slide&quot;,&quot;speed&quot;:500}\" data-widget_type=\"image-carousel.default\">\n\t\t\t\t<div class=\"elementor-widget-container\">\n\t\t\t\t\t\t\t<div class=\"elementor-image-carousel-wrapper swiper\" role=\"region\" aria-roledescription=\"carousel\" aria-label=\"Bild Karussell\" dir=\"ltr\">\n\t\t\t<div class=\"elementor-image-carousel swiper-wrapper\" aria-live=\"off\">\n\t\t\t\t\t\t\t\t<div class=\"swiper-slide\" role=\"group\" aria-roledescription=\"slide\" aria-label=\"1 von 14\"><figure class=\"swiper-slide-inner\"><img decoding=\"async\" class=\"swiper-slide-image\" src=\"https:\/\/www.diefremden.at\/wordpress\/wp-content\/uploads\/2020\/01\/IMG_3447.jpg\" alt=\"Der Duft der Paradeiser - \u00a9 Die Fremden\" \/><\/figure><\/div><div class=\"swiper-slide\" role=\"group\" aria-roledescription=\"slide\" aria-label=\"2 von 14\"><figure class=\"swiper-slide-inner\"><img decoding=\"async\" class=\"swiper-slide-image\" src=\"https:\/\/www.diefremden.at\/wordpress\/wp-content\/uploads\/2020\/01\/2014_Duft4-768x512.jpg\" alt=\"Der Duft der Paradeiser\" \/><\/figure><\/div><div class=\"swiper-slide\" role=\"group\" aria-roledescription=\"slide\" aria-label=\"3 von 14\"><figure class=\"swiper-slide-inner\"><img decoding=\"async\" class=\"swiper-slide-image\" src=\"https:\/\/www.diefremden.at\/wordpress\/wp-content\/uploads\/2020\/01\/2014_Duft2-768x512.jpg\" alt=\"Der Duft der Paradeiser\" \/><\/figure><\/div><div class=\"swiper-slide\" role=\"group\" aria-roledescription=\"slide\" aria-label=\"4 von 14\"><figure class=\"swiper-slide-inner\"><img decoding=\"async\" class=\"swiper-slide-image\" src=\"https:\/\/www.diefremden.at\/wordpress\/wp-content\/uploads\/2020\/01\/2014_Duft5-768x512.jpg\" alt=\"Der Duft der Paradeiser\" \/><\/figure><\/div><div class=\"swiper-slide\" role=\"group\" aria-roledescription=\"slide\" aria-label=\"5 von 14\"><figure class=\"swiper-slide-inner\"><img decoding=\"async\" class=\"swiper-slide-image\" src=\"https:\/\/www.diefremden.at\/wordpress\/wp-content\/uploads\/2020\/01\/2014_Duft1-768x512.jpg\" alt=\"Der Duft der Paradeiser\" \/><\/figure><\/div><div class=\"swiper-slide\" role=\"group\" aria-roledescription=\"slide\" aria-label=\"6 von 14\"><figure class=\"swiper-slide-inner\"><img decoding=\"async\" class=\"swiper-slide-image\" src=\"https:\/\/www.diefremden.at\/wordpress\/wp-content\/uploads\/2020\/01\/6_Der_Duft_der_Paradeiser_2014-2-768x512.jpg\" alt=\"6_Der_Duft_der_Paradeiser_2014\" \/><\/figure><\/div><div class=\"swiper-slide\" role=\"group\" aria-roledescription=\"slide\" aria-label=\"7 von 14\"><figure class=\"swiper-slide-inner\"><img decoding=\"async\" class=\"swiper-slide-image\" src=\"https:\/\/www.diefremden.at\/wordpress\/wp-content\/uploads\/2020\/01\/9_Der_Duft_der_Paradeiser_2014-768x512.jpg\" alt=\"9_Der_Duft_der_Paradeiser_2014\" \/><\/figure><\/div><div class=\"swiper-slide\" role=\"group\" aria-roledescription=\"slide\" aria-label=\"8 von 14\"><figure class=\"swiper-slide-inner\"><img decoding=\"async\" class=\"swiper-slide-image\" src=\"https:\/\/www.diefremden.at\/wordpress\/wp-content\/uploads\/2020\/01\/IMG_3378.jpg\" alt=\"Der Duft der Paradeiser - \u00a9 Die Fremden\" \/><\/figure><\/div><div class=\"swiper-slide\" role=\"group\" aria-roledescription=\"slide\" aria-label=\"9 von 14\"><figure class=\"swiper-slide-inner\"><img decoding=\"async\" class=\"swiper-slide-image\" src=\"https:\/\/www.diefremden.at\/wordpress\/wp-content\/uploads\/2020\/01\/IMG_3419.jpg\" alt=\"Der Duft der Paradeiser - \u00a9 Die Fremden\" \/><\/figure><\/div><div class=\"swiper-slide\" role=\"group\" aria-roledescription=\"slide\" aria-label=\"10 von 14\"><figure class=\"swiper-slide-inner\"><img decoding=\"async\" class=\"swiper-slide-image\" src=\"https:\/\/www.diefremden.at\/wordpress\/wp-content\/uploads\/2020\/01\/IMG_3490.jpg\" alt=\"Der Duft der Paradeiser - \u00a9 Die Fremden\" \/><\/figure><\/div><div class=\"swiper-slide\" role=\"group\" aria-roledescription=\"slide\" aria-label=\"11 von 14\"><figure class=\"swiper-slide-inner\"><img decoding=\"async\" class=\"swiper-slide-image\" src=\"https:\/\/www.diefremden.at\/wordpress\/wp-content\/uploads\/2020\/01\/IMG_3528.jpg\" alt=\"Der Duft der Paradeiser - \u00a9 Die Fremden\" \/><\/figure><\/div><div class=\"swiper-slide\" role=\"group\" aria-roledescription=\"slide\" aria-label=\"12 von 14\"><figure class=\"swiper-slide-inner\"><img decoding=\"async\" class=\"swiper-slide-image\" src=\"https:\/\/www.diefremden.at\/wordpress\/wp-content\/uploads\/2020\/01\/IMG_3534.jpg\" alt=\"Der Duft der Paradeiser - \u00a9 Die Fremden\" \/><\/figure><\/div><div class=\"swiper-slide\" role=\"group\" aria-roledescription=\"slide\" aria-label=\"13 von 14\"><figure class=\"swiper-slide-inner\"><img decoding=\"async\" class=\"swiper-slide-image\" src=\"https:\/\/www.diefremden.at\/wordpress\/wp-content\/uploads\/2020\/01\/IMG_3565.jpg\" alt=\"Der Duft der Paradeiser - \u00a9 Die Fremden\" \/><\/figure><\/div><div class=\"swiper-slide\" role=\"group\" aria-roledescription=\"slide\" aria-label=\"14 von 14\"><figure class=\"swiper-slide-inner\"><img decoding=\"async\" class=\"swiper-slide-image\" src=\"https:\/\/www.diefremden.at\/wordpress\/wp-content\/uploads\/2020\/01\/IMG_3576.jpg\" alt=\"Der Duft der Paradeiser - \u00a9 Die Fremden\" \/><\/figure><\/div>\t\t\t<\/div>\n\t\t\t\t\t\t\t\t\t\t\t\t<div class=\"elementor-swiper-button elementor-swiper-button-prev\" role=\"button\" tabindex=\"0\">\n\t\t\t\t\t\t<i aria-hidden=\"true\" class=\"eicon-chevron-left\"><\/i>\t\t\t\t\t<\/div>\n\t\t\t\t\t<div class=\"elementor-swiper-button elementor-swiper-button-next\" role=\"button\" tabindex=\"0\">\n\t\t\t\t\t\t<i aria-hidden=\"true\" class=\"eicon-chevron-right\"><\/i>\t\t\t\t\t<\/div>\n\t\t\t\t\n\t\t\t\t\t\t\t\t\t<div class=\"swiper-pagination\"><\/div>\n\t\t\t\t\t\t\t\t\t<\/div>\n\t\t\t\t\t\t<\/div>\n\t\t\t\t<\/div>\n\t\t\t\t\t<\/div>\n\t\t<\/div>\n\t\t\t\t<div class=\"elementor-column elementor-col-50 elementor-inner-column elementor-element elementor-element-cad74ba\" data-id=\"cad74ba\" data-element_type=\"column\" data-e-type=\"column\">\n\t\t\t<div class=\"elementor-widget-wrap elementor-element-populated\">\n\t\t\t\t\t\t<div class=\"elementor-element elementor-element-5e4d0ec elementor-widget elementor-widget-text-editor\" data-id=\"5e4d0ec\" data-element_type=\"widget\" data-e-type=\"widget\" data-widget_type=\"text-editor.default\">\n\t\t\t\t<div class=\"elementor-widget-container\">\n\t\t\t\t\t\t\t\t\t<p align=\"center\"><span style=\"font-family: Arial; font-size: small;\"><i>SpielerInnen:<br \/><\/i><\/span><span style=\"font-family: Arial; font-size: small;\">Bojana Djogovic<br \/>Zsolt Fenyvesi<br \/>Bogdan Jan<br \/>Martina Kotzina<br \/>Sofie Leplae<br \/>Ana Ortega Lorenzo<br \/>Filip Aust<br \/>Niloofar Nadimi<br \/>Markus Payer<br \/>Katerina Rumenova Jost<br \/>Vanda Sokolovic<br \/>Prince Uka-Cyril<\/span><\/p><p align=\"center\"><span style=\"font-family: Arial;\"><i><span style=\"font-size: small;\">Leitung und Regie:<br \/><\/span><\/i><span style=\"font-size: small;\">Dagmar Ransmayr<\/span><\/span><\/p>\t\t\t\t\t\t\t\t<\/div>\n\t\t\t\t<\/div>\n\t\t\t\t\t<\/div>\n\t\t<\/div>\n\t\t\t\t\t<\/div>\n\t\t<\/section>\n\t\t\t\t\t<\/div>\n\t\t<\/div>\n\t\t\t\t\t<\/div>\n\t\t<\/section>\n\t\t\t\t<\/div>\n\t\t","protected":false},"excerpt":{"rendered":"<p>Bei den 46. G\u00f6ppinger Theatertagen (D) gewannen Die Fremden mit Der Duft der Paradeiser den F\u00f6rderpreis. https:\/\/www.youtube.com\/watch?v=XHOmBV4js_Ehttps:\/\/www.youtube.com\/watch?v=Wm0neFG267s Zw\u00f6lf Koffer spielen eine wichtige Rolle.\u00a0Artikel \u00fcber Die Fremden bei den 46. G\u00f6ppinger Theatertagen, November 2015. Die Mehrzahl von Zuhause.\u00a0Artikel \u00fcber &#8222;Die Fremden&#8220; und &#8222;Der Duft der Paradeiser&#8220;, Mai 2016. \u00bbDer Duft der Paradeiser\u00ab Sie begegnen einander zuf\u00e4llig [&hellip;]<\/p>\n","protected":false},"author":1,"featured_media":0,"parent":561,"menu_order":3,"comment_status":"closed","ping_status":"closed","template":"","meta":{"ocean_post_layout":"","ocean_both_sidebars_style":"","ocean_both_sidebars_content_width":0,"ocean_both_sidebars_sidebars_width":0,"ocean_sidebar":"0","ocean_second_sidebar":"0","ocean_disable_margins":"enable","ocean_add_body_class":"","ocean_shortcode_before_top_bar":"","ocean_shortcode_after_top_bar":"","ocean_shortcode_before_header":"","ocean_shortcode_after_header":"","ocean_has_shortcode":"","ocean_shortcode_after_title":"","ocean_shortcode_before_footer_widgets":"","ocean_shortcode_after_footer_widgets":"","ocean_shortcode_before_footer_bottom":"","ocean_shortcode_after_footer_bottom":"","ocean_display_top_bar":"default","ocean_display_header":"default","ocean_header_style":"","ocean_center_header_left_menu":"0","ocean_custom_header_template":"0","ocean_custom_logo":0,"ocean_custom_retina_logo":0,"ocean_custom_logo_max_width":0,"ocean_custom_logo_tablet_max_width":0,"ocean_custom_logo_mobile_max_width":0,"ocean_custom_logo_max_height":0,"ocean_custom_logo_tablet_max_height":0,"ocean_custom_logo_mobile_max_height":0,"ocean_header_custom_menu":"0","ocean_menu_typo_font_family":"0","ocean_menu_typo_font_subset":"","ocean_menu_typo_font_size":0,"ocean_menu_typo_font_size_tablet":0,"ocean_menu_typo_font_size_mobile":0,"ocean_menu_typo_font_size_unit":"px","ocean_menu_typo_font_weight":"","ocean_menu_typo_font_weight_tablet":"","ocean_menu_typo_font_weight_mobile":"","ocean_menu_typo_transform":"","ocean_menu_typo_transform_tablet":"","ocean_menu_typo_transform_mobile":"","ocean_menu_typo_line_height":0,"ocean_menu_typo_line_height_tablet":0,"ocean_menu_typo_line_height_mobile":0,"ocean_menu_typo_line_height_unit":"","ocean_menu_typo_spacing":0,"ocean_menu_typo_spacing_tablet":0,"ocean_menu_typo_spacing_mobile":0,"ocean_menu_typo_spacing_unit":"","ocean_menu_link_color":"","ocean_menu_link_color_hover":"","ocean_menu_link_color_active":"","ocean_menu_link_background":"","ocean_menu_link_hover_background":"","ocean_menu_link_active_background":"","ocean_menu_social_links_bg":"","ocean_menu_social_hover_links_bg":"","ocean_menu_social_links_color":"","ocean_menu_social_hover_links_color":"","ocean_disable_title":"default","ocean_disable_heading":"default","ocean_post_title":"","ocean_post_subheading":"","ocean_post_title_style":"","ocean_post_title_background_color":"","ocean_post_title_background":0,"ocean_post_title_bg_image_position":"","ocean_post_title_bg_image_attachment":"","ocean_post_title_bg_image_repeat":"","ocean_post_title_bg_image_size":"","ocean_post_title_height":0,"ocean_post_title_bg_overlay":0.5,"ocean_post_title_bg_overlay_color":"","ocean_disable_breadcrumbs":"default","ocean_breadcrumbs_color":"","ocean_breadcrumbs_separator_color":"","ocean_breadcrumbs_links_color":"","ocean_breadcrumbs_links_hover_color":"","ocean_display_footer_widgets":"default","ocean_display_footer_bottom":"default","ocean_custom_footer_template":"0","footnotes":""},"class_list":["post-559","page","type-page","status-publish","hentry","entry"],"_links":{"self":[{"href":"https:\/\/www.diefremden.at\/wordpress\/index.php?rest_route=\/wp\/v2\/pages\/559","targetHints":{"allow":["GET"]}}],"collection":[{"href":"https:\/\/www.diefremden.at\/wordpress\/index.php?rest_route=\/wp\/v2\/pages"}],"about":[{"href":"https:\/\/www.diefremden.at\/wordpress\/index.php?rest_route=\/wp\/v2\/types\/page"}],"author":[{"embeddable":true,"href":"https:\/\/www.diefremden.at\/wordpress\/index.php?rest_route=\/wp\/v2\/users\/1"}],"replies":[{"embeddable":true,"href":"https:\/\/www.diefremden.at\/wordpress\/index.php?rest_route=%2Fwp%2Fv2%2Fcomments&post=559"}],"version-history":[{"count":13,"href":"https:\/\/www.diefremden.at\/wordpress\/index.php?rest_route=\/wp\/v2\/pages\/559\/revisions"}],"predecessor-version":[{"id":3035,"href":"https:\/\/www.diefremden.at\/wordpress\/index.php?rest_route=\/wp\/v2\/pages\/559\/revisions\/3035"}],"up":[{"embeddable":true,"href":"https:\/\/www.diefremden.at\/wordpress\/index.php?rest_route=\/wp\/v2\/pages\/561"}],"wp:attachment":[{"href":"https:\/\/www.diefremden.at\/wordpress\/index.php?rest_route=%2Fwp%2Fv2%2Fmedia&parent=559"}],"curies":[{"name":"wp","href":"https:\/\/api.w.org\/{rel}","templated":true}]}}