{"id":730,"date":"2019-07-14T09:11:25","date_gmt":"2019-07-14T07:11:25","guid":{"rendered":"http:\/\/www.diefremden.at\/wordpress\/?page_id=730"},"modified":"2020-01-26T11:54:44","modified_gmt":"2020-01-26T10:54:44","slug":"happy-im-biss","status":"publish","type":"page","link":"https:\/\/www.diefremden.at\/wordpress\/?page_id=730","title":{"rendered":"Happy im Biss"},"content":{"rendered":"\t\t<div data-elementor-type=\"wp-page\" data-elementor-id=\"730\" class=\"elementor elementor-730\" data-elementor-post-type=\"page\">\n\t\t\t\t\t\t<section class=\"elementor-section elementor-top-section elementor-element elementor-element-8afe511 elementor-section-boxed elementor-section-height-default elementor-section-height-default\" data-id=\"8afe511\" data-element_type=\"section\" data-e-type=\"section\">\n\t\t\t\t\t\t<div class=\"elementor-container elementor-column-gap-default\">\n\t\t\t\t\t<div class=\"elementor-column elementor-col-100 elementor-top-column elementor-element elementor-element-64f4742\" data-id=\"64f4742\" data-element_type=\"column\" data-e-type=\"column\">\n\t\t\t<div class=\"elementor-widget-wrap elementor-element-populated\">\n\t\t\t\t\t\t<section class=\"elementor-section elementor-inner-section elementor-element elementor-element-b28443f elementor-section-boxed elementor-section-height-default elementor-section-height-default\" data-id=\"b28443f\" data-element_type=\"section\" data-e-type=\"section\">\n\t\t\t\t\t\t<div class=\"elementor-container elementor-column-gap-default\">\n\t\t\t\t\t<div class=\"elementor-column elementor-col-50 elementor-inner-column elementor-element elementor-element-490d948\" data-id=\"490d948\" data-element_type=\"column\" data-e-type=\"column\">\n\t\t\t<div class=\"elementor-widget-wrap elementor-element-populated\">\n\t\t\t\t\t\t<div class=\"elementor-element elementor-element-66312bd elementor-widget elementor-widget-heading\" data-id=\"66312bd\" data-element_type=\"widget\" data-e-type=\"widget\" data-widget_type=\"heading.default\">\n\t\t\t\t<div class=\"elementor-widget-container\">\n\t\t\t\t\t<h2 class=\"elementor-heading-title elementor-size-default\">St\u00fcckbeschreibung \"Happy im Biss\"<\/h2>\t\t\t\t<\/div>\n\t\t\t\t<\/div>\n\t\t\t\t<div class=\"elementor-element elementor-element-3335b43 elementor-widget elementor-widget-text-editor\" data-id=\"3335b43\" data-element_type=\"widget\" data-e-type=\"widget\" data-widget_type=\"text-editor.default\">\n\t\t\t\t<div class=\"elementor-widget-container\">\n\t\t\t\t\t\t\t\t\t<p>Da die drei MigrantInnen Oksana, Johnny und Emilia in ihrer Arbeits- und Ausweglosigkeit eine Idee brauchen, die Geld bringt, gr\u00fcnden sie ein kleines Party-Service, mit dem sie zun\u00e4chst m\u00e4\u00dfig Erfolg haben.\u00a0Eher unfreiwillig und durch ein Missverst\u00e4ndnis schlittern sie in die Entf\u00fchrung eines einflussreichen Politikers und m\u00fcssen sich pl\u00f6tzlich hautnah mit ihm und ihrer Lage auseinandersetzen\u2026<\/p><p>\u201eHappy im Biss\u201c ist wie alle St\u00fccke der \u201eFremden\u201c eine Eigenproduktion, die in Improvisationarbeit entstanden ist.<\/p><p>MigrantInnen sind oft die ersten Opfer auf dem Arbeitsmarkt. Das neue St\u00fcck basiert auf eigenen Erfahrungen und Auseinandersetzungen der SpielerInnen.<\/p><p>Die SpielerInnen der Produktion \u00bbHappy im Biss\u00ab haben ihre Wurzeln in Bulgarien, Ungarn, Polen, Belgien, Frankreich, England, Iran, Spanien, Nigeria und \u00d6sterreich.<\/p>\t\t\t\t\t\t\t\t<\/div>\n\t\t\t\t<\/div>\n\t\t\t\t<div class=\"elementor-element elementor-element-6c90462 elementor-widget elementor-widget-heading\" data-id=\"6c90462\" data-element_type=\"widget\" data-e-type=\"widget\" data-widget_type=\"heading.default\">\n\t\t\t\t<div class=\"elementor-widget-container\">\n\t\t\t\t\t<h2 class=\"elementor-heading-title elementor-size-default\">Leitung und Regie: <\/h2>\t\t\t\t<\/div>\n\t\t\t\t<\/div>\n\t\t\t\t<div class=\"elementor-element elementor-element-ac7df94 elementor-widget elementor-widget-text-editor\" data-id=\"ac7df94\" data-element_type=\"widget\" data-e-type=\"widget\" data-widget_type=\"text-editor.default\">\n\t\t\t\t<div class=\"elementor-widget-container\">\n\t\t\t\t\t\t\t\t\t<p>Dagmar Ransmayr<\/p>\t\t\t\t\t\t\t\t<\/div>\n\t\t\t\t<\/div>\n\t\t\t\t<div class=\"elementor-element elementor-element-3177085 elementor-widget elementor-widget-heading\" data-id=\"3177085\" data-element_type=\"widget\" data-e-type=\"widget\" data-widget_type=\"heading.default\">\n\t\t\t\t<div class=\"elementor-widget-container\">\n\t\t\t\t\t<h2 class=\"elementor-heading-title elementor-size-default\">Es spielten: <\/h2>\t\t\t\t<\/div>\n\t\t\t\t<\/div>\n\t\t\t\t<div class=\"elementor-element elementor-element-ea5428c elementor-widget elementor-widget-text-editor\" data-id=\"ea5428c\" data-element_type=\"widget\" data-e-type=\"widget\" data-widget_type=\"text-editor.default\">\n\t\t\t\t<div class=\"elementor-widget-container\">\n\t\t\t\t\t\t\t\t\t<p style=\"text-align: left;\" align=\"center\"><span style=\"font-family: Arial; font-size: small;\">Zsolt Fenyvesi<br \/>Elisabeth Fischer<br \/>Osas Imafidon<br \/>Bogdan Jan<br \/>Martina Kotzina<br \/>Sofie Leplae<br \/>Ana Ortega Lorenzo<br \/>Delphine Lumb<br \/>Niloofar Nadimi<br \/>Markus Payer<br \/>Katerina Rumenova Jost<\/span><\/p>\t\t\t\t\t\t\t\t<\/div>\n\t\t\t\t<\/div>\n\t\t\t\t\t<\/div>\n\t\t<\/div>\n\t\t\t\t<div class=\"elementor-column elementor-col-50 elementor-inner-column elementor-element elementor-element-ee0d63a\" data-id=\"ee0d63a\" data-element_type=\"column\" data-e-type=\"column\">\n\t\t\t<div class=\"elementor-widget-wrap elementor-element-populated\">\n\t\t\t\t\t\t<div class=\"elementor-element elementor-element-2930e11 elementor-arrows-position-inside elementor-pagination-position-outside elementor-widget elementor-widget-image-carousel\" data-id=\"2930e11\" data-element_type=\"widget\" data-e-type=\"widget\" data-settings=\"{&quot;slides_to_show&quot;:&quot;1&quot;,&quot;navigation&quot;:&quot;both&quot;,&quot;autoplay&quot;:&quot;yes&quot;,&quot;pause_on_hover&quot;:&quot;yes&quot;,&quot;pause_on_interaction&quot;:&quot;yes&quot;,&quot;autoplay_speed&quot;:5000,&quot;infinite&quot;:&quot;yes&quot;,&quot;effect&quot;:&quot;slide&quot;,&quot;speed&quot;:500}\" data-widget_type=\"image-carousel.default\">\n\t\t\t\t<div class=\"elementor-widget-container\">\n\t\t\t\t\t\t\t<div class=\"elementor-image-carousel-wrapper swiper\" role=\"region\" aria-roledescription=\"carousel\" aria-label=\"Bild Karussell\" dir=\"ltr\">\n\t\t\t<div class=\"elementor-image-carousel swiper-wrapper\" aria-live=\"off\">\n\t\t\t\t\t\t\t\t<div class=\"swiper-slide\" role=\"group\" aria-roledescription=\"slide\" aria-label=\"1 von 4\"><figure class=\"swiper-slide-inner\"><img decoding=\"async\" class=\"swiper-slide-image\" src=\"https:\/\/www.diefremden.at\/wordpress\/wp-content\/uploads\/2020\/01\/2012_HappyimBiss3-768x509.jpg\" alt=\"Happy im Biss \u00a9 Die Fremden\" \/><\/figure><\/div><div class=\"swiper-slide\" role=\"group\" aria-roledescription=\"slide\" aria-label=\"2 von 4\"><figure class=\"swiper-slide-inner\"><img decoding=\"async\" class=\"swiper-slide-image\" src=\"https:\/\/www.diefremden.at\/wordpress\/wp-content\/uploads\/2020\/01\/2012_HappyimBiss1-768x1160.jpg\" alt=\"Happy im Biss \u00a9 Die Fremden\" \/><\/figure><\/div><div class=\"swiper-slide\" role=\"group\" aria-roledescription=\"slide\" aria-label=\"3 von 4\"><figure class=\"swiper-slide-inner\"><img decoding=\"async\" class=\"swiper-slide-image\" src=\"https:\/\/www.diefremden.at\/wordpress\/wp-content\/uploads\/2020\/01\/2012_HappyimBiss2-768x1160.jpg\" alt=\"Happy im Biss \u00a9 Die Fremden\" \/><\/figure><\/div><div class=\"swiper-slide\" role=\"group\" aria-roledescription=\"slide\" aria-label=\"4 von 4\"><figure class=\"swiper-slide-inner\"><img decoding=\"async\" class=\"swiper-slide-image\" src=\"https:\/\/www.diefremden.at\/wordpress\/wp-content\/uploads\/2020\/01\/2012_HappyimBissEinladung-1.jpg\" alt=\"Happy im Biss \u00a9 Die Fremden\" \/><\/figure><\/div>\t\t\t<\/div>\n\t\t\t\t\t\t\t\t\t\t\t\t<div class=\"elementor-swiper-button elementor-swiper-button-prev\" role=\"button\" tabindex=\"0\">\n\t\t\t\t\t\t<i aria-hidden=\"true\" class=\"eicon-chevron-left\"><\/i>\t\t\t\t\t<\/div>\n\t\t\t\t\t<div class=\"elementor-swiper-button elementor-swiper-button-next\" role=\"button\" tabindex=\"0\">\n\t\t\t\t\t\t<i aria-hidden=\"true\" class=\"eicon-chevron-right\"><\/i>\t\t\t\t\t<\/div>\n\t\t\t\t\n\t\t\t\t\t\t\t\t\t<div class=\"swiper-pagination\"><\/div>\n\t\t\t\t\t\t\t\t\t<\/div>\n\t\t\t\t\t\t<\/div>\n\t\t\t\t<\/div>\n\t\t\t\t<div class=\"elementor-element elementor-element-67a2a11 elementor-widget elementor-widget-video\" data-id=\"67a2a11\" data-element_type=\"widget\" data-e-type=\"widget\" data-settings=\"{&quot;youtube_url&quot;:&quot;https:\\\/\\\/www.youtube.com\\\/watch?v=dWplFcShmmU&quot;,&quot;video_type&quot;:&quot;youtube&quot;,&quot;controls&quot;:&quot;yes&quot;}\" data-widget_type=\"video.default\">\n\t\t\t\t<div class=\"elementor-widget-container\">\n\t\t\t\t\t\t\t<div class=\"elementor-wrapper elementor-open-inline\">\n\t\t\t<div class=\"elementor-video\"><\/div>\t\t<\/div>\n\t\t\t\t\t\t<\/div>\n\t\t\t\t<\/div>\n\t\t\t\t\t<\/div>\n\t\t<\/div>\n\t\t\t\t\t<\/div>\n\t\t<\/section>\n\t\t\t\t\t<\/div>\n\t\t<\/div>\n\t\t\t\t\t<\/div>\n\t\t<\/section>\n\t\t\t\t<section class=\"elementor-section elementor-top-section elementor-element elementor-element-852c93c elementor-section-boxed elementor-section-height-default elementor-section-height-default\" data-id=\"852c93c\" data-element_type=\"section\" data-e-type=\"section\">\n\t\t\t\t\t\t<div class=\"elementor-container elementor-column-gap-default\">\n\t\t\t\t\t<div class=\"elementor-column elementor-col-100 elementor-top-column elementor-element elementor-element-fd60ffe\" data-id=\"fd60ffe\" data-element_type=\"column\" data-e-type=\"column\">\n\t\t\t<div class=\"elementor-widget-wrap elementor-element-populated\">\n\t\t\t\t\t\t<section class=\"elementor-section elementor-inner-section elementor-element elementor-element-990dc8a elementor-section-boxed elementor-section-height-default elementor-section-height-default\" data-id=\"990dc8a\" data-element_type=\"section\" data-e-type=\"section\">\n\t\t\t\t\t\t<div class=\"elementor-container elementor-column-gap-default\">\n\t\t\t\t\t<div class=\"elementor-column elementor-col-50 elementor-inner-column elementor-element elementor-element-8f21870\" data-id=\"8f21870\" data-element_type=\"column\" data-e-type=\"column\">\n\t\t\t<div class=\"elementor-widget-wrap elementor-element-populated\">\n\t\t\t\t\t\t<div class=\"elementor-element elementor-element-c6909e7 elementor-widget elementor-widget-image\" data-id=\"c6909e7\" data-element_type=\"widget\" data-e-type=\"widget\" data-widget_type=\"image.default\">\n\t\t\t\t<div class=\"elementor-widget-container\">\n\t\t\t\t\t\t\t\t\t\t\t\t\t\t\t<img fetchpriority=\"high\" decoding=\"async\" width=\"390\" height=\"552\" src=\"https:\/\/www.diefremden.at\/wordpress\/wp-content\/uploads\/2020\/01\/2012_Urkunde_Theatertage.jpg\" class=\"attachment-large size-large wp-image-1504\" alt=\"\" srcset=\"https:\/\/www.diefremden.at\/wordpress\/wp-content\/uploads\/2020\/01\/2012_Urkunde_Theatertage.jpg 390w, https:\/\/www.diefremden.at\/wordpress\/wp-content\/uploads\/2020\/01\/2012_Urkunde_Theatertage-212x300.jpg 212w\" sizes=\"(max-width: 390px) 100vw, 390px\" \/>\t\t\t\t\t\t\t\t\t\t\t\t\t\t\t<\/div>\n\t\t\t\t<\/div>\n\t\t\t\t\t<\/div>\n\t\t<\/div>\n\t\t\t\t<div class=\"elementor-column elementor-col-50 elementor-inner-column elementor-element elementor-element-2228ac7\" data-id=\"2228ac7\" data-element_type=\"column\" data-e-type=\"column\">\n\t\t\t<div class=\"elementor-widget-wrap elementor-element-populated\">\n\t\t\t\t\t\t<div class=\"elementor-element elementor-element-3a6998f elementor-widget elementor-widget-heading\" data-id=\"3a6998f\" data-element_type=\"widget\" data-e-type=\"widget\" data-widget_type=\"heading.default\">\n\t\t\t\t<div class=\"elementor-widget-container\">\n\t\t\t\t\t<h2 class=\"elementor-heading-title elementor-size-default\">Amateurtheaterpreis 2012<\/h2>\t\t\t\t<\/div>\n\t\t\t\t<\/div>\n\t\t\t\t<div class=\"elementor-element elementor-element-5e1b615 elementor-widget elementor-widget-text-editor\" data-id=\"5e1b615\" data-element_type=\"widget\" data-e-type=\"widget\" data-widget_type=\"text-editor.default\">\n\t\t\t\t<div class=\"elementor-widget-container\">\n\t\t\t\t\t\t\t\t\t<p>Mit \u201eHappy im Biss\u201c haben \u201eDie Fremden\u201c bei den 28. Theatertagen am See in Friedrichshafen (D) den <strong>Amateurtheaterpreis 2012<\/strong> gewonnen. In der Laudatio meinte Juror Christian Daigl:<\/p><p>&#8222;[&#8230;]Sieger und Preistr\u00e4ger 2012\u00a0 ist die Gruppe \u201eDie Fremden\u201c aus Wien mit dem St\u00fcck \u201eHappy im Biss\u201c, eine Eigenproduktion inszeniert von Dagmar Ransmayr. Unser Motto \u201eHeimat\u201c besteht ja nicht nur aus diesem Wort, sondern auch aus den beiden Satzzeichen \u201e?!\u201c \u2013 und das hat die pr\u00e4mierte Produktion bestens umgesetzt, denn es geht darin genau um das Suchen und das Finden einer Heimat. Das St\u00fcck \u00fcberzeugte Publikum und Jury gleicherma\u00dfen durch sein Tempo und seinen Humor. Wir wurden unterhalten und \u00fcberrascht, denn was als lockere heitere Szenencollage zu beginnen schien, entpuppte sich bald als waschechter Krimi mit hinrei\u00dfender Politsatire. Die Figuren machten das Unm\u00f6gliche M\u00f6glich, indem sie gleichzeitig grell, bunt und leicht \u00fcberzeichnet wirkten, dennoch immer liebenswert und realistisch blieben. Sogar der korrupte Politiker in all seiner reaktion\u00e4ren Dummheit kam irgendwo noch liebensw\u00fcrdig her\u00fcber \u2013 auch das ein Kunstst\u00fcck, oder sagen wir lieber, etwas, das dem Theater dann noch leichter gelingt als dem echten Leben. Unser Gl\u00fcckwunsch f\u00fcr gut gemachte, intelligente Unterhaltung!&#8220; (Friedrichshafen, 01. April 2012 )<\/p>\t\t\t\t\t\t\t\t<\/div>\n\t\t\t\t<\/div>\n\t\t\t\t<div class=\"elementor-element elementor-element-71b5943 elementor-widget elementor-widget-heading\" data-id=\"71b5943\" data-element_type=\"widget\" data-e-type=\"widget\" data-widget_type=\"heading.default\">\n\t\t\t\t<div class=\"elementor-widget-container\">\n\t\t\t\t\t<h2 class=\"elementor-heading-title elementor-size-default\">Pressestimme:<\/h2>\t\t\t\t<\/div>\n\t\t\t\t<\/div>\n\t\t\t\t<div class=\"elementor-element elementor-element-ef46691 elementor-widget elementor-widget-text-editor\" data-id=\"ef46691\" data-element_type=\"widget\" data-e-type=\"widget\" data-widget_type=\"text-editor.default\">\n\t\t\t\t<div class=\"elementor-widget-container\">\n\t\t\t\t\t\t\t\t\t<p><a href=\"http:\/\/www.diefremden.at\/pics\/Badische_Zeitung_Theaterfestival_Loerrach_2012.pdf\"><b style=\"caret-color: #000000; color: #000000; font-family: -webkit-standard; font-style: normal; font-variant-caps: normal;\"><span style=\"font-size: small;\"><span style=\"font-family: Arial;\">Die Entf\u00fc<\/span><\/span><span style=\"font-family: Arial;\"><span style=\"font-size: small;\">hrung des Ministers.\u00a0<\/span><\/span><\/b><span style=\"caret-color: #000000; color: #000000; font-family: -webkit-standard; font-size: small;\"><span style=\"font-family: Arial;\">Die multikulturelle Theatergruppe &#8222;Die Fremden&#8220; trat zum Abschluss des internationalen Theaterfestivals in Brombach auf.\u00a0Badische Zeitung, 22.10.2012<\/span><\/span><\/a><\/p>\t\t\t\t\t\t\t\t<\/div>\n\t\t\t\t<\/div>\n\t\t\t\t\t<\/div>\n\t\t<\/div>\n\t\t\t\t\t<\/div>\n\t\t<\/section>\n\t\t\t\t\t<\/div>\n\t\t<\/div>\n\t\t\t\t\t<\/div>\n\t\t<\/section>\n\t\t\t\t<section class=\"elementor-section elementor-top-section elementor-element elementor-element-07b6dbe elementor-section-boxed elementor-section-height-default elementor-section-height-default\" data-id=\"07b6dbe\" data-element_type=\"section\" data-e-type=\"section\">\n\t\t\t\t\t\t<div class=\"elementor-container elementor-column-gap-default\">\n\t\t\t\t\t<div class=\"elementor-column elementor-col-100 elementor-top-column elementor-element elementor-element-df0c642\" data-id=\"df0c642\" data-element_type=\"column\" data-e-type=\"column\">\n\t\t\t<div class=\"elementor-widget-wrap elementor-element-populated\">\n\t\t\t\t\t\t<section class=\"elementor-section elementor-inner-section elementor-element elementor-element-247e19f elementor-section-boxed elementor-section-height-default elementor-section-height-default\" data-id=\"247e19f\" data-element_type=\"section\" data-e-type=\"section\">\n\t\t\t\t\t\t<div class=\"elementor-container elementor-column-gap-default\">\n\t\t\t\t\t<div class=\"elementor-column elementor-col-50 elementor-inner-column elementor-element elementor-element-ec2d528\" data-id=\"ec2d528\" data-element_type=\"column\" data-e-type=\"column\">\n\t\t\t<div class=\"elementor-widget-wrap elementor-element-populated\">\n\t\t\t\t\t\t<div class=\"elementor-element elementor-element-c283156 elementor-widget elementor-widget-heading\" data-id=\"c283156\" data-element_type=\"widget\" data-e-type=\"widget\" data-widget_type=\"heading.default\">\n\t\t\t\t<div class=\"elementor-widget-container\">\n\t\t\t\t\t<h2 class=\"elementor-heading-title elementor-size-default\">20 Jahre Die Fremden<\/h2>\t\t\t\t<\/div>\n\t\t\t\t<\/div>\n\t\t\t\t<div class=\"elementor-element elementor-element-490f465 elementor-widget elementor-widget-image\" data-id=\"490f465\" data-element_type=\"widget\" data-e-type=\"widget\" data-widget_type=\"image.default\">\n\t\t\t\t<div class=\"elementor-widget-container\">\n\t\t\t\t\t\t\t\t\t\t\t\t\t\t\t<img decoding=\"async\" width=\"909\" height=\"656\" src=\"https:\/\/www.diefremden.at\/wordpress\/wp-content\/uploads\/2020\/01\/2012_20JahreDieFremden.jpg\" class=\"attachment-large size-large wp-image-1502\" alt=\"\" srcset=\"https:\/\/www.diefremden.at\/wordpress\/wp-content\/uploads\/2020\/01\/2012_20JahreDieFremden.jpg 909w, https:\/\/www.diefremden.at\/wordpress\/wp-content\/uploads\/2020\/01\/2012_20JahreDieFremden-300x217.jpg 300w, https:\/\/www.diefremden.at\/wordpress\/wp-content\/uploads\/2020\/01\/2012_20JahreDieFremden-768x554.jpg 768w\" sizes=\"(max-width: 909px) 100vw, 909px\" \/>\t\t\t\t\t\t\t\t\t\t\t\t\t\t\t<\/div>\n\t\t\t\t<\/div>\n\t\t\t\t<div class=\"elementor-element elementor-element-7729fef elementor-widget elementor-widget-text-editor\" data-id=\"7729fef\" data-element_type=\"widget\" data-e-type=\"widget\" data-widget_type=\"text-editor.default\">\n\t\t\t\t<div class=\"elementor-widget-container\">\n\t\t\t\t\t\t\t\t\t<p>\u201eHappy im Biss\u201c ist die 17.Produktion der multikulturellen Theatergruppe\u00a0 \u201eDie Fremden\u201c, die 2012 ihr 20-j\u00e4hriges Bestehen feiert.<\/p><p>Seit 1992 haben 69 Personen aus 37 L\u00e4ndern in der Gruppe mitgewirkt.<\/p><p>\u00a0<\/p>\t\t\t\t\t\t\t\t<\/div>\n\t\t\t\t<\/div>\n\t\t\t\t\t<\/div>\n\t\t<\/div>\n\t\t\t\t<div class=\"elementor-column elementor-col-50 elementor-inner-column elementor-element elementor-element-d852ffa\" data-id=\"d852ffa\" data-element_type=\"column\" data-e-type=\"column\">\n\t\t\t<div class=\"elementor-widget-wrap elementor-element-populated\">\n\t\t\t\t\t\t<div class=\"elementor-element elementor-element-82c0686 elementor-widget elementor-widget-heading\" data-id=\"82c0686\" data-element_type=\"widget\" data-e-type=\"widget\" data-widget_type=\"heading.default\">\n\t\t\t\t<div class=\"elementor-widget-container\">\n\t\t\t\t\t<h2 class=\"elementor-heading-title elementor-size-default\">Auff\u00fchrungen<\/h2>\t\t\t\t<\/div>\n\t\t\t\t<\/div>\n\t\t\t\t<div class=\"elementor-element elementor-element-653393b elementor-widget elementor-widget-text-editor\" data-id=\"653393b\" data-element_type=\"widget\" data-e-type=\"widget\" data-widget_type=\"text-editor.default\">\n\t\t\t\t<div class=\"elementor-widget-container\">\n\t\t\t\t\t\t\t\t\t<p><span style=\"font-family: Arial;\"><span style=\"font-size: small;\">Premiere <\/span><span style=\"font-size: small;\">war am 12. J\u00e4nner 2012, 20 Uhr, im Interkulttheater Wien<\/span><\/span><span style=\"font-size: small;\">.<br \/><\/span><span style=\"font-family: Arial; font-size: small;\">W<\/span><span style=\"font-family: Arial; font-size: small;\">eitere Auff\u00fchrungen: <br \/><\/span><span style=\"font-family: Arial; font-size: small;\">13., 14. und 15. J\u00e4nner 2012, 20 Uhr, <a href=\"interkult.htm\">Interkulttheater Wien<\/a><br \/>17. M\u00e4rz 2012, 20 Uhr, Off Theater, Kirchengasse 41, 1070 Wien<\/span><br \/><span style=\"font-family: Arial; font-size: small;\">31. M\u00e4rz 2012, 19 Uhr, Friedrichshafen (D)\u00a0bei den 28. Theatertagen am See<br \/>01. und 02. Juni 2012, 20 Uhr, Interkulttheater, 1060 Wien<br \/>05. und 06. Oktober 2012, 20 Uhr, Interkulttheater, 1060 Wien,<br \/>20. Oktober 2012, 19.30 Uhr, Internationaler Theatertreff, L\u00f6rrach (D)<br \/>16. M\u00e4rz 2013, 20 Uhr, Pfarrheim Bad Schallerbach (O\u00d6)<br \/>26. und 27. April 2013, 20 Uhr, <a href=\"interkult.htm\">Interkulttheater Wien<\/a><\/span><span style=\"font-family: Arial; font-size: small;\"><br \/>31. Mai 2013, 20.30 Uhr, Nationalparkhaus, Festival &#8222;Schauplatz Theater&#8220;, Gro\u00dfkirchheim (K\u00e4rnten)<br \/>5. Juli 2013, 19.30 Uhr, Festival &#8222;Theatertage Europ\u00e4ischer Kulturen&#8220; Paderborn (D)<\/span><\/p>\t\t\t\t\t\t\t\t<\/div>\n\t\t\t\t<\/div>\n\t\t\t\t\t<\/div>\n\t\t<\/div>\n\t\t\t\t\t<\/div>\n\t\t<\/section>\n\t\t\t\t\t<\/div>\n\t\t<\/div>\n\t\t\t\t\t<\/div>\n\t\t<\/section>\n\t\t\t\t<\/div>\n\t\t","protected":false},"excerpt":{"rendered":"<p>St\u00fcckbeschreibung &#8222;Happy im Biss&#8220; Da die drei MigrantInnen Oksana, Johnny und Emilia in ihrer Arbeits- und Ausweglosigkeit eine Idee brauchen, die Geld bringt, gr\u00fcnden sie ein kleines Party-Service, mit dem sie zun\u00e4chst m\u00e4\u00dfig Erfolg haben.\u00a0Eher unfreiwillig und durch ein Missverst\u00e4ndnis schlittern sie in die Entf\u00fchrung eines einflussreichen Politikers und m\u00fcssen sich pl\u00f6tzlich hautnah mit ihm [&hellip;]<\/p>\n","protected":false},"author":1,"featured_media":0,"parent":561,"menu_order":0,"comment_status":"closed","ping_status":"closed","template":"","meta":{"ocean_post_layout":"","ocean_both_sidebars_style":"","ocean_both_sidebars_content_width":0,"ocean_both_sidebars_sidebars_width":0,"ocean_sidebar":"0","ocean_second_sidebar":"0","ocean_disable_margins":"enable","ocean_add_body_class":"","ocean_shortcode_before_top_bar":"","ocean_shortcode_after_top_bar":"","ocean_shortcode_before_header":"","ocean_shortcode_after_header":"","ocean_has_shortcode":"","ocean_shortcode_after_title":"","ocean_shortcode_before_footer_widgets":"","ocean_shortcode_after_footer_widgets":"","ocean_shortcode_before_footer_bottom":"","ocean_shortcode_after_footer_bottom":"","ocean_display_top_bar":"default","ocean_display_header":"default","ocean_header_style":"","ocean_center_header_left_menu":"0","ocean_custom_header_template":"0","ocean_custom_logo":0,"ocean_custom_retina_logo":0,"ocean_custom_logo_max_width":0,"ocean_custom_logo_tablet_max_width":0,"ocean_custom_logo_mobile_max_width":0,"ocean_custom_logo_max_height":0,"ocean_custom_logo_tablet_max_height":0,"ocean_custom_logo_mobile_max_height":0,"ocean_header_custom_menu":"2","ocean_menu_typo_font_family":"0","ocean_menu_typo_font_subset":"","ocean_menu_typo_font_size":0,"ocean_menu_typo_font_size_tablet":0,"ocean_menu_typo_font_size_mobile":0,"ocean_menu_typo_font_size_unit":"px","ocean_menu_typo_font_weight":"","ocean_menu_typo_font_weight_tablet":"","ocean_menu_typo_font_weight_mobile":"","ocean_menu_typo_transform":"","ocean_menu_typo_transform_tablet":"","ocean_menu_typo_transform_mobile":"","ocean_menu_typo_line_height":0,"ocean_menu_typo_line_height_tablet":0,"ocean_menu_typo_line_height_mobile":0,"ocean_menu_typo_line_height_unit":"","ocean_menu_typo_spacing":0,"ocean_menu_typo_spacing_tablet":0,"ocean_menu_typo_spacing_mobile":0,"ocean_menu_typo_spacing_unit":"","ocean_menu_link_color":"","ocean_menu_link_color_hover":"","ocean_menu_link_color_active":"","ocean_menu_link_background":"","ocean_menu_link_hover_background":"","ocean_menu_link_active_background":"","ocean_menu_social_links_bg":"","ocean_menu_social_hover_links_bg":"","ocean_menu_social_links_color":"","ocean_menu_social_hover_links_color":"","ocean_disable_title":"default","ocean_disable_heading":"default","ocean_post_title":"","ocean_post_subheading":"Premiere 12. Januar 2012","ocean_post_title_style":"","ocean_post_title_background_color":"","ocean_post_title_background":0,"ocean_post_title_bg_image_position":"","ocean_post_title_bg_image_attachment":"","ocean_post_title_bg_image_repeat":"","ocean_post_title_bg_image_size":"","ocean_post_title_height":0,"ocean_post_title_bg_overlay":0.5,"ocean_post_title_bg_overlay_color":"","ocean_disable_breadcrumbs":"default","ocean_breadcrumbs_color":"","ocean_breadcrumbs_separator_color":"","ocean_breadcrumbs_links_color":"","ocean_breadcrumbs_links_hover_color":"","ocean_display_footer_widgets":"default","ocean_display_footer_bottom":"default","ocean_custom_footer_template":"0","footnotes":""},"class_list":["post-730","page","type-page","status-publish","hentry","entry"],"_links":{"self":[{"href":"https:\/\/www.diefremden.at\/wordpress\/index.php?rest_route=\/wp\/v2\/pages\/730","targetHints":{"allow":["GET"]}}],"collection":[{"href":"https:\/\/www.diefremden.at\/wordpress\/index.php?rest_route=\/wp\/v2\/pages"}],"about":[{"href":"https:\/\/www.diefremden.at\/wordpress\/index.php?rest_route=\/wp\/v2\/types\/page"}],"author":[{"embeddable":true,"href":"https:\/\/www.diefremden.at\/wordpress\/index.php?rest_route=\/wp\/v2\/users\/1"}],"replies":[{"embeddable":true,"href":"https:\/\/www.diefremden.at\/wordpress\/index.php?rest_route=%2Fwp%2Fv2%2Fcomments&post=730"}],"version-history":[{"count":11,"href":"https:\/\/www.diefremden.at\/wordpress\/index.php?rest_route=\/wp\/v2\/pages\/730\/revisions"}],"predecessor-version":[{"id":1863,"href":"https:\/\/www.diefremden.at\/wordpress\/index.php?rest_route=\/wp\/v2\/pages\/730\/revisions\/1863"}],"up":[{"embeddable":true,"href":"https:\/\/www.diefremden.at\/wordpress\/index.php?rest_route=\/wp\/v2\/pages\/561"}],"wp:attachment":[{"href":"https:\/\/www.diefremden.at\/wordpress\/index.php?rest_route=%2Fwp%2Fv2%2Fmedia&parent=730"}],"curies":[{"name":"wp","href":"https:\/\/api.w.org\/{rel}","templated":true}]}}